{"id":81,"date":"2019-05-21T04:14:24","date_gmt":"2019-05-21T04:14:24","guid":{"rendered":"http:\/\/0141.chilibusiness.net\/?page_id=81"},"modified":"2025-01-02T10:37:29","modified_gmt":"2025-01-02T03:37:29","slug":"gioi-thieu","status":"publish","type":"page","link":"https:\/\/bsdgroup.com.vn\/vi\/gioi-thieu","title":{"rendered":"Gi\u1edbi thi\u1ec7u"},"content":{"rendered":"<p><img src=\"https:\/\/bsdgroup.com.vn\/wp-content\/uploads\/2021\/11\/about-us-1.jpg\" alt=\"about-us\" \/><\/p>\n<h3>V\u00ea\u0300 chu\u0301ng t\u00f4i<\/h3>\n<p style=\"text-align: justify; color: #000;\">\u0110\u01b0\u1ee3c th\u00e0nh l\u1eadp v\u00e0o n\u0103m 2017, BSD l\u00e0 nh\u00e0 cung c\u1ea5p d\u1ecbch v\u1ee5 gi\u00e1o d\u1ee5c chuy\u00ean nghi\u1ec7p nh\u1eb1m n\u00e2ng cao ki\u1ebfn \u200b\u200bth\u1ee9c cho h\u1ecdc sinh trung h\u1ecdc, sinh vi\u00ean, t\u01b0 v\u1ea5n vi\u1ec7c l\u00e0m v\u00e0 d\u1ecbch v\u1ee5 n\u0103ng l\u01b0\u1ee3ng t\u00e1i t\u1ea1o.<\/p>\n<p><img src=\"https:\/\/bsdgroup.com.vn\/wp-content\/uploads\/2021\/11\/mission.jpg\" alt=\"mission\" \/><\/p>\n<h3>S\u01b0\u0301 m\u00ea\u0323nh<\/h3>\n<p style=\"text-align: justify; color: #000;\">S\u1ee9 m\u1ec7nh c\u1ee7a BSD l\u00e0 cung c\u1ea5p c\u00e1c d\u1ecbch v\u1ee5 gi\u00e1o d\u1ee5c hi\u1ec7u qu\u1ea3 v\u00e0 \u0111\u00e0o t\u1ea1o l\u1ef1c l\u01b0\u1ee3ng lao \u0111\u1ed9ng c\u00f3 tr\u00ecnh \u0111\u1ed9 v\u00e0 k\u1ef9 n\u0103ng \u0111\u1ec3 h\u1ecd c\u00f3 th\u1ec3 \u0111\u00f3ng g\u00f3p v\u00e0o vi\u1ec7c b\u1ea3o v\u1ec7 v\u00e0 c\u1ea3i thi\u1ec7n Tr\u00e1i \u0110\u1ea5t tr\u1edf th\u00e0nh m\u1ed9t h\u00e0nh tinh xanh.<\/p>\n<p><img src=\"https:\/\/bsdgroup.com.vn\/wp-content\/uploads\/2021\/11\/vision.jpg\" alt=\"vision\" \/><\/p>\n<h3>T\u00e2\u0300m nhi\u0300n<\/h3>\n<p style=\"text-align: justify; color: #000;\">T\u1ea7m nh\u00ecn c\u1ee7a ch\u00fang t\u00f4i l\u00e0 tr\u1edf th\u00e0nh nh\u00e0 cung c\u1ea5p d\u1ecbch v\u1ee5 \u0111\u00e1ng tin c\u1eady trong l\u0129nh v\u1ef1c c\u00f4ng ngh\u1ec7 gi\u00e1o d\u1ee5c v\u00e0 n\u0103ng l\u01b0\u1ee3ng t\u00e1i t\u1ea1o, g\u00f3p ph\u1ea7n t\u1ea1o n\u00ean m\u1ed9t Tr\u00e1i \u0110\u1ea5t kh\u00f4ng c\u00f2n nguy h\u1ea1i.<\/p>\n","protected":false},"excerpt":{"rendered":"<p>V\u00ea\u0300 chu\u0301ng t\u00f4i \u0110\u01b0\u1ee3c th\u00e0nh l\u1eadp v\u00e0o n\u0103m 2017, BSD l\u00e0 nh\u00e0 cung c\u1ea5p d\u1ecbch v\u1ee5 gi\u00e1o d\u1ee5c chuy\u00ean nghi\u1ec7p nh\u1eb1m n\u00e2ng cao ki\u1ebfn \u200b\u200bth\u1ee9c cho h\u1ecdc sinh trung h\u1ecdc, sinh vi\u00ean, t\u01b0 v\u1ea5n vi\u1ec7c l\u00e0m v\u00e0 d\u1ecbch v\u1ee5 n\u0103ng l\u01b0\u1ee3ng t\u00e1i t\u1ea1o. S\u01b0\u0301 m\u00ea\u0323nh S\u1ee9 m\u1ec7nh c\u1ee7a BSD l\u00e0 cung c\u1ea5p c\u00e1c d\u1ecbch v\u1ee5&hellip;<\/p>\n","protected":false},"author":2,"featured_media":0,"parent":0,"menu_order":0,"comment_status":"closed","ping_status":"closed","template":"","meta":[],"_links":{"self":[{"href":"https:\/\/bsdgroup.com.vn\/vi\/wp-json\/wp\/v2\/pages\/81"}],"collection":[{"href":"https:\/\/bsdgroup.com.vn\/vi\/wp-json\/wp\/v2\/pages"}],"about":[{"href":"https:\/\/bsdgroup.com.vn\/vi\/wp-json\/wp\/v2\/types\/page"}],"author":[{"embeddable":true,"href":"https:\/\/bsdgroup.com.vn\/vi\/wp-json\/wp\/v2\/users\/2"}],"replies":[{"embeddable":true,"href":"https:\/\/bsdgroup.com.vn\/vi\/wp-json\/wp\/v2\/comments?post=81"}],"version-history":[{"count":11,"href":"https:\/\/bsdgroup.com.vn\/vi\/wp-json\/wp\/v2\/pages\/81\/revisions"}],"predecessor-version":[{"id":2680,"href":"https:\/\/bsdgroup.com.vn\/vi\/wp-json\/wp\/v2\/pages\/81\/revisions\/2680"}],"wp:attachment":[{"href":"https:\/\/bsdgroup.com.vn\/vi\/wp-json\/wp\/v2\/media?parent=81"}],"curies":[{"name":"wp","href":"https:\/\/api.w.org\/{rel}","templated":true}]}}