{"id":2814,"date":"2025-01-15T10:49:07","date_gmt":"2025-01-15T03:49:07","guid":{"rendered":"https:\/\/bsdgroup.com.vn\/?page_id=2814"},"modified":"2025-01-15T10:49:07","modified_gmt":"2025-01-15T03:49:07","slug":"kiem-tra-mong-coc-ngoai-khoi-hang-nam","status":"publish","type":"page","link":"https:\/\/bsdgroup.com.vn\/vi\/dich-vu\/dich-vu-van-hanh-ky-thuat-tai-tao\/dich-vu-trang-trai-gio\/kiem-tra-mong-coc-ngoai-khoi-hang-nam","title":{"rendered":"Ki\u1ec3m tra m\u00f3ng c\u1ecdc ngo\u00e0i kh\u01a1i h\u00e0ng n\u0103m"},"content":{"rendered":"<p>N\u1ec1n t\u1ea3ng l\u00e0 n\u1ec1n t\u1ea3ng c\u1ee7a m\u1ecdi tuabin gi\u00f3. M\u1ed9t ph\u1ea7n c\u1ee7a n\u00f3 \u1edf tr\u00ean m\u1eb7t n\u01b0\u1edbc v\u00e0 m\u1ed9t ph\u1ea7n d\u01b0\u1edbi n\u01b0\u1edbc, v\u00e0 n\u00f3 c\u1ea7n c\u00f3 kh\u1ea3 n\u0103ng ch\u1ecbu \u0111\u01b0\u1ee3c \u1ee9ng su\u1ea5t \u0111\u00e1ng k\u1ec3 t\u1eeb d\u00f2ng ch\u1ea3y v\u00e0 s\u00f3ng. \u0110\u01b0\u1ee3c \u0111i\u1ec1u khi\u1ec3n b\u1edfi gi\u00f3, tia n\u01b0\u1edbc b\u1ec1 m\u1eb7t gi\u00e0u oxy li\u00ean t\u1ee5c \u0111\u1eadp v\u00e0o b\u1ec1 m\u1eb7t b\u00ean ngo\u00e0i. T\u00e1c d\u1ee5ng \u0103n m\u00f2n \u0111\u01b0\u1ee3c t\u0103ng l\u00ean k\u1ebft h\u1ee3p v\u1edbi \u00e1nh s\u00e1ng m\u1eb7t tr\u1eddi. V\u00ec l\u00fd do n\u00e0y, n\u1ec1n t\u1ea3ng c\u1ea7n \u0111\u01b0\u1ee3c ch\u0103m s\u00f3c \u0111\u1eb7c bi\u1ec7t. B\u1ea3o v\u1ec7 t\u00ednh to\u00e0n v\u1eb9n c\u1ee7a c\u1ea5u tr\u00fac c\u1ee7a n\u00f3 l\u00e0 r\u1ea5t quan tr\u1ecdng \u0111\u1ed1i v\u1edbi s\u1ef1 an to\u00e0n c\u1ee7a to\u00e0n b\u1ed9 tuabin gi\u00f3.<br \/>\nDeutsche Windtechnik cung c\u1ea5p t\u1ea5t c\u1ea3 c\u00e1c d\u1ecbch v\u1ee5 c\u1ea7n thi\u1ebft cho tu\u1ed5i th\u1ecd l\u00e2u d\u00e0i v\u00e0 an to\u00e0n c\u1ee7a tuabin gi\u00f3. C\u00e1c d\u1ecbch v\u1ee5 c\u1ee7a ch\u00fang t\u00f4i kh\u00f4ng ch\u1ec9 bao g\u1ed3m c\u00e1c nhi\u1ec7m v\u1ee5 b\u1ea3o tr\u00ec ti\u00eau chu\u1ea9n m\u00e0 c\u00f2n c\u00f3 c\u00e1c ph\u01b0\u01a1ng ph\u00e1p th\u1eed nghi\u1ec7m \u0111\u1eb7c bi\u1ec7t c\u0169ng nh\u01b0 b\u1ea3o v\u1ec7 ch\u1ed1ng \u0103n m\u00f2n. Ngo\u00e0i vi\u1ec7c th\u1ef1c hi\u1ec7n c\u00e1c nhi\u1ec7m v\u1ee5 tr\u00ean m\u1ef1c n\u01b0\u1edbc, \u0111\u1ed9i ng\u0169 d\u1ecbch v\u1ee5 c\u1ee7a ch\u00fang t\u00f4i c\u00f2n c\u00f3 tay ngh\u1ec1 cao trong c\u00e1c c\u00f4ng vi\u1ec7c c\u1ea7n thi\u1ebft d\u01b0\u1edbi n\u01b0\u1edbc. \u0110i\u1ec1u n\u00e0y bao g\u1ed3m c\u00f4ng vi\u1ec7c b\u1ea3o tr\u00ec c\u00e1c b\u1ed9 ph\u1eadn, quy tr\u00ecnh ki\u1ec3m tra \u0111\u1eb7c bi\u1ec7t v\u00e0 d\u1ecbch v\u1ee5 cho ph\u1ea7n chuy\u1ec3n ti\u1ebfp, ch\u1eb3ng h\u1ea1n nh\u01b0 b\u1ebfn thuy\u1ec1n v\u00e0 c\u1ea7n c\u1ea9u.<br \/>\nN\u00f3i chung, d\u1ecbch v\u1ee5 bao g\u1ed3m c\u00e1c nhi\u1ec7m v\u1ee5 ki\u1ec3m tra, b\u1ea3o tr\u00ec v\u00e0 s\u1eeda ch\u1eefa. D\u01b0\u1edbi \u0111\u00e2y l\u00e0 t\u1ed5ng quan ng\u1eafn g\u1ecdn v\u1ec1 c\u00e1c l\u0129nh v\u1ef1c ch\u00fang t\u00f4i \u0111\u1ec1 c\u1eadp:<br \/>\n\u2022\tT\u1ea1o ra c\u00e1c kh\u00e1i ni\u1ec7m d\u1ecbch v\u1ee5<br \/>\n\u2022\tT\u1ea1o s\u1ed5 tay b\u1ea3o tr\u00ec v\u00e0 danh s\u00e1ch ki\u1ec3m tra<br \/>\n\u2022\tGi\u00e1m s\u00e1t v\u00e0 th\u1ef1c hi\u1ec7n c\u00e1c t\u00e1c v\u1ee5 d\u1ecbch v\u1ee5 ph\u1ed5 bi\u1ebfn<br \/>\n\u2022\tKh\u1eafc ph\u1ee5c s\u1ef1 c\u1ed1 (bao g\u1ed3m c\u1ea3 l\u1ed7i h\u1ec7 th\u1ed1ng c\u1ea7u tr\u1ee5c)<br \/>\n\u2022\tPh\u00e1t tri\u1ec3n trang b\u1ecb th\u00eam<br \/>\nKi\u1ec3m tra b\u1eb1ng h\u1ec7 th\u1ed1ng 3 b\u01b0\u1edbc<br \/>\nC\u1ea5p \u0111\u1ed9 ki\u1ec3m tra 1:<br \/>\nKi\u1ec3m tra tr\u00ean m\u1eb7t n\u01b0\u1edbc, b\u00ean trong v\u00e0 b\u00ean ngo\u00e0i n\u1ec1n m\u00f3ng. Bao g\u1ed3m ki\u1ec3m tra tr\u1ef1c quan chung, d\u1ecbch v\u1ee5, v\u1ec7 sinh v\u00e0 thay th\u1ebf c\u00e1c b\u1ed9 ph\u1eadn b\u1ecb m\u00f2n.<br \/>\nC\u1ea5p \u0111\u1ed9 ki\u1ec3m tra 2:<br \/>\nHo\u1ea1t \u0111\u1ed9ng c\u1ea5p \u0111\u1ed9 1 Ngo\u00e0i ra, ki\u1ec3m tra tr\u1ef1c quan ch\u00ednh x\u00e1c c\u00e1c c\u00f4ng tr\u00ecnh d\u01b0\u1edbi n\u01b0\u1edbc. ROV (Ph\u01b0\u01a1ng ti\u1ec7n \u0111i\u1ec1u khi\u1ec3n t\u1eeb xa) \u0111\u01b0\u1ee3c s\u1eed d\u1ee5ng cho m\u1ee5c \u0111\u00edch n\u00e0y.<br \/>\nC\u1ea5p \u0111\u1ed9 ki\u1ec3m tra 3:<br \/>\nNgo\u00e0i d\u1ecbch v\u1ee5 \u0111\u01b0\u1ee3c cung c\u1ea5p \u1edf t\u1ea7ng 1 v\u00e0 2, ch\u00fang t\u00f4i c\u00f2n th\u1ef1c hi\u1ec7n ki\u1ec3m tra d\u01b0\u1edbi b\u1ec7 k\u00edn. C\u00e1c bi\u1ec7n ph\u00e1p b\u1ea3o v\u1ec7 ch\u1ed1ng \u0103n m\u00f2n cathodic v\u00e0 c\u00e1c th\u1eed nghi\u1ec7m kh\u00f4ng ph\u00e1 h\u1ee7y c\u0169ng \u0111\u01b0\u1ee3c s\u1eed d\u1ee5ng.<br \/>\nB\u1ea3o v\u1ec7 ch\u1ed1ng \u0103n m\u00f2n<br \/>\nB\u1ea3o v\u1ec7 ch\u1ed1ng \u0103n m\u00f2n \u0111\u1eb7c bi\u1ec7t quan tr\u1ecdng \u0111\u1ed1i v\u1edbi c\u00e1c b\u1ed9 ph\u1eadn c\u1ee7a h\u1ec7 th\u1ed1ng ti\u1ebfp x\u00fac tr\u1ef1c ti\u1ebfp v\u1edbi n\u01b0\u1edbc bi\u1ec3n. Gi\u00e1m s\u00e1t li\u00ean t\u1ee5c c\u00e1c bi\u1ec7n ph\u00e1p b\u1ea3o v\u1ec7 ch\u1ed1ng \u0103n m\u00f2n hi\u1ec7n c\u00f3 v\u00e0 \u0111\u1ed5i m\u1edbi n\u00f3 n\u1ebfu c\u1ea7n thi\u1ebft l\u00e0 m\u1ed9t ph\u1ea7n quan tr\u1ecdng c\u1ee7a d\u1ecbch v\u1ee5.<br \/>\nC\u00f4ng vi\u1ec7c d\u01b0\u1edbi n\u01b0\u1edbc (th\u1ee3 l\u1eb7n v\u00e0 ROV)<br \/>\nCh\u00fang t\u00f4i s\u1eed d\u1ee5ng th\u1ee3 l\u1eb7n \u0111\u01b0\u1ee3c \u0111\u00e0o t\u1ea1o \u0111\u1eb7c bi\u1ec7t ho\u1eb7c ROV (Ph\u01b0\u01a1ng ti\u1ec7n \u0111i\u1ec1u khi\u1ec3n t\u1eeb xa) cho c\u00e1c nhi\u1ec7m v\u1ee5 d\u01b0\u1edbi n\u01b0\u1edbc. C\u00e1c nhi\u1ec7m v\u1ee5 n\u00e0y bao g\u1ed3m b\u1ea3o v\u1ec7 ch\u1ed1ng \u0103n m\u00f2n, th\u1eed nghi\u1ec7m v\u00e0 s\u1eeda ch\u1eefa.<br \/>\nC\u00f4ng ngh\u1ec7 an to\u00e0n<br \/>\nKi\u1ec3m tra, thay th\u1ebf v\u00e0 trang b\u1ecb th\u00eam c\u00e1c b\u1ed9 ph\u1eadn an to\u00e0n nh\u01b0 c\u1ea7n c\u1ea9u ch\u1edf h\u00e0ng, t\u1eddi, thang, v.v.<\/p>\n","protected":false},"excerpt":{"rendered":"<p>N\u1ec1n t\u1ea3ng l\u00e0 n\u1ec1n t\u1ea3ng c\u1ee7a m\u1ecdi tuabin gi\u00f3. M\u1ed9t ph\u1ea7n c\u1ee7a n\u00f3 \u1edf tr\u00ean m\u1eb7t n\u01b0\u1edbc v\u00e0 m\u1ed9t ph\u1ea7n d\u01b0\u1edbi n\u01b0\u1edbc, v\u00e0 n\u00f3 c\u1ea7n c\u00f3 kh\u1ea3 n\u0103ng ch\u1ecbu \u0111\u01b0\u1ee3c \u1ee9ng su\u1ea5t \u0111\u00e1ng k\u1ec3 t\u1eeb d\u00f2ng ch\u1ea3y v\u00e0 s\u00f3ng. \u0110\u01b0\u1ee3c \u0111i\u1ec1u khi\u1ec3n b\u1edfi gi\u00f3, tia n\u01b0\u1edbc b\u1ec1 m\u1eb7t gi\u00e0u oxy li\u00ean t\u1ee5c \u0111\u1eadp v\u00e0o b\u1ec1&hellip;<\/p>\n","protected":false},"author":1,"featured_media":0,"parent":2806,"menu_order":0,"comment_status":"closed","ping_status":"closed","template":"","meta":[],"_links":{"self":[{"href":"https:\/\/bsdgroup.com.vn\/vi\/wp-json\/wp\/v2\/pages\/2814"}],"collection":[{"href":"https:\/\/bsdgroup.com.vn\/vi\/wp-json\/wp\/v2\/pages"}],"about":[{"href":"https:\/\/bsdgroup.com.vn\/vi\/wp-json\/wp\/v2\/types\/page"}],"author":[{"embeddable":true,"href":"https:\/\/bsdgroup.com.vn\/vi\/wp-json\/wp\/v2\/users\/1"}],"replies":[{"embeddable":true,"href":"https:\/\/bsdgroup.com.vn\/vi\/wp-json\/wp\/v2\/comments?post=2814"}],"version-history":[{"count":1,"href":"https:\/\/bsdgroup.com.vn\/vi\/wp-json\/wp\/v2\/pages\/2814\/revisions"}],"predecessor-version":[{"id":2815,"href":"https:\/\/bsdgroup.com.vn\/vi\/wp-json\/wp\/v2\/pages\/2814\/revisions\/2815"}],"up":[{"embeddable":true,"href":"https:\/\/bsdgroup.com.vn\/vi\/wp-json\/wp\/v2\/pages\/2806"}],"wp:attachment":[{"href":"https:\/\/bsdgroup.com.vn\/vi\/wp-json\/wp\/v2\/media?parent=2814"}],"curies":[{"name":"wp","href":"https:\/\/api.w.org\/{rel}","templated":true}]}}