{"id":2812,"date":"2025-01-15T10:45:12","date_gmt":"2025-01-15T03:45:12","guid":{"rendered":"https:\/\/bsdgroup.com.vn\/?page_id=2812"},"modified":"2025-01-15T10:48:01","modified_gmt":"2025-01-15T03:48:01","slug":"tu-van-bao-tri","status":"publish","type":"page","link":"https:\/\/bsdgroup.com.vn\/vi\/dich-vu\/dich-vu-van-hanh-ky-thuat-tai-tao\/dich-vu-trang-trai-gio\/tu-van-bao-tri","title":{"rendered":"T\u01b0 v\u1ea5n b\u1ea3o tr\u00ec"},"content":{"rendered":"<p>B\u1ea3o tr\u00ec l\u00e0 qu\u00e1 tr\u00ecnh \u0111\u1ea3m b\u1ea3o an to\u00e0n v\u00e0 \u0111\u1ed9 tin c\u1eady c\u1ee7a thi\u1ebft b\u1ecb c\u1ee7a b\u1ea1n. B\u1ea3o tr\u00ec \u0111\u1eb7c bi\u1ec7t quan tr\u1ecdng v\u00ec n\u00f3 gi\u1ea3m thi\u1ec3u nguy c\u01a1 ng\u1eebng ho\u1ea1t \u0111\u1ed9ng \u1ea3nh h\u01b0\u1edfng \u0111\u1ebfn ho\u1ea1t \u0111\u1ed9ng c\u1ee7a trang tr\u1ea1i.<br \/>\n\u0110\u1ed9i ng\u0169 chuy\u00ean gia v\u00e0 chuy\u00ean gia c\u1ee7a ch\u00fang t\u00f4i s\u1ebd \u0111\u1ebfn tr\u1ef1c ti\u1ebfp trang tr\u1ea1i c\u1ee7a b\u1ea1n ho\u1eb7c th\u00f4ng qua h\u00ecnh \u1ea3nh v\u00e0 d\u1eef li\u1ec7u b\u1ea1n cung c\u1ea5p trong qu\u00e1 tr\u00ecnh v\u1eadn h\u00e0nh s\u1ebd cung c\u1ea5p cho b\u1ea1n c\u00e1i nh\u00ecn t\u1ed5ng th\u1ec3 v\u00e0 k\u1ebf ho\u1ea1ch. K\u1ebf ho\u1ea1ch chi ti\u1ebft cho qu\u00e1 tr\u00ecnh b\u1ea3o tr\u00ec thi\u1ebft b\u1ecb trong trang tr\u1ea1i c\u1ee7a b\u1ea1n.<br \/>\nGi\u1ea3i ph\u00e1p t\u01b0 v\u1ea5n c\u1ee7a ch\u00fang t\u00f4i gi\u00fap b\u1ea1n kh\u00f4ng t\u1ed1n qu\u00e1 nhi\u1ec1u chi ph\u00ed \u0111\u1ec3 duy tr\u00ec \u0111\u1ed9i ng\u0169 chuy\u00ean gia b\u1ea3o tr\u00ec c\u0169ng nh\u01b0 \u0111\u00e0o t\u1ea1o n\u00e2ng cao \u0111\u1ec3 c\u1eadp nh\u1eadt c\u00f4ng ngh\u1ec7, k\u1ef9 thu\u1eadt m\u1edbi.<\/p>\n","protected":false},"excerpt":{"rendered":"<p>B\u1ea3o tr\u00ec l\u00e0 qu\u00e1 tr\u00ecnh \u0111\u1ea3m b\u1ea3o an to\u00e0n v\u00e0 \u0111\u1ed9 tin c\u1eady c\u1ee7a thi\u1ebft b\u1ecb c\u1ee7a b\u1ea1n. B\u1ea3o tr\u00ec \u0111\u1eb7c bi\u1ec7t quan tr\u1ecdng v\u00ec n\u00f3 gi\u1ea3m thi\u1ec3u nguy c\u01a1 ng\u1eebng ho\u1ea1t \u0111\u1ed9ng \u1ea3nh h\u01b0\u1edfng \u0111\u1ebfn ho\u1ea1t \u0111\u1ed9ng c\u1ee7a trang tr\u1ea1i. \u0110\u1ed9i ng\u0169 chuy\u00ean gia v\u00e0 chuy\u00ean gia c\u1ee7a ch\u00fang t\u00f4i s\u1ebd \u0111\u1ebfn tr\u1ef1c ti\u1ebfp&hellip;<\/p>\n","protected":false},"author":1,"featured_media":0,"parent":2806,"menu_order":0,"comment_status":"closed","ping_status":"closed","template":"","meta":[],"_links":{"self":[{"href":"https:\/\/bsdgroup.com.vn\/vi\/wp-json\/wp\/v2\/pages\/2812"}],"collection":[{"href":"https:\/\/bsdgroup.com.vn\/vi\/wp-json\/wp\/v2\/pages"}],"about":[{"href":"https:\/\/bsdgroup.com.vn\/vi\/wp-json\/wp\/v2\/types\/page"}],"author":[{"embeddable":true,"href":"https:\/\/bsdgroup.com.vn\/vi\/wp-json\/wp\/v2\/users\/1"}],"replies":[{"embeddable":true,"href":"https:\/\/bsdgroup.com.vn\/vi\/wp-json\/wp\/v2\/comments?post=2812"}],"version-history":[{"count":1,"href":"https:\/\/bsdgroup.com.vn\/vi\/wp-json\/wp\/v2\/pages\/2812\/revisions"}],"predecessor-version":[{"id":2813,"href":"https:\/\/bsdgroup.com.vn\/vi\/wp-json\/wp\/v2\/pages\/2812\/revisions\/2813"}],"up":[{"embeddable":true,"href":"https:\/\/bsdgroup.com.vn\/vi\/wp-json\/wp\/v2\/pages\/2806"}],"wp:attachment":[{"href":"https:\/\/bsdgroup.com.vn\/vi\/wp-json\/wp\/v2\/media?parent=2812"}],"curies":[{"name":"wp","href":"https:\/\/api.w.org\/{rel}","templated":true}]}}