{"id":2810,"date":"2025-01-15T10:44:21","date_gmt":"2025-01-15T03:44:21","guid":{"rendered":"https:\/\/bsdgroup.com.vn\/?page_id=2810"},"modified":"2025-01-15T10:44:21","modified_gmt":"2025-01-15T03:44:21","slug":"bao-tri-tuabin","status":"publish","type":"page","link":"https:\/\/bsdgroup.com.vn\/vi\/dich-vu\/dich-vu-van-hanh-ky-thuat-tai-tao\/dich-vu-trang-trai-gio\/bao-tri-tuabin","title":{"rendered":"B\u1ea3o tr\u00ec tuabin"},"content":{"rendered":"<p>Tuabin gi\u00f3 l\u00e0 tr\u00e1i tim c\u1ee7a m\u1ecdi trang tr\u1ea1i gi\u00f3 ngo\u00e0i kh\u01a1i. \u0110\u1eb7c bi\u1ec7t, trong ng\u00e0nh n\u00e0y, ch\u00fang t\u00f4i c\u00f3 th\u1ec3 t\u1eadn d\u1ee5ng t\u1ed1i \u0111a th\u1ebf m\u1ea1nh v\u00e0 chuy\u00ean m\u00f4n c\u1ee7a m\u00ecnh. C\u00e1c d\u1ecbch v\u1ee5 c\u1ee7a ch\u00fang t\u00f4i bao g\u1ed3m b\u1ea5t k\u1ef3 h\u00ecnh th\u1ee9c h\u1ed7 tr\u1ee3 n\u00e0o b\u1ea1n c\u00f3 th\u1ec3 mu\u1ed1n cho c\u00e1c c\u01a1 s\u1edf c\u1ee7a m\u00ecnh. Ch\u00fang t\u00f4i t\u1ea1o ra m\u1ed9t kh\u00e1i ni\u1ec7m c\u00f3 th\u1ec3 ch\u1ea5p nh\u1eadn \u0111\u01b0\u1ee3c cho m\u1ed7i v\u1ea5n \u0111\u1ec1 c\u00f4ng ngh\u1ec7 v\u00e0 logic m\u00e0 ch\u00fang t\u00f4i \u0111\u01b0\u1ee3c \u0111\u01b0a ra v\u00e0 th\u1ef1c hi\u1ec7n n\u00f3 m\u1ed9t c\u00e1ch c\u00f3 ph\u01b0\u01a1ng ph\u00e1p.<br \/>\nCh\u00fang t\u00f4i c\u00f3 s\u1ef1 t\u00f4n tr\u1ecdng s\u00e2u s\u1eafc \u0111\u1ed1i v\u1edbi bi\u1ec3n \u0111\u1ed9ng v\u00e0 nh\u1eadn th\u1ee9c r\u00f5 v\u1ec1 l\u01b0\u1ee3ng c\u0103ng th\u1eb3ng kh\u1ed5ng l\u1ed3 m\u00e0 nh\u1eefng \u0111i\u1ec1u ki\u1ec7n n\u00e0y g\u00e2y ra cho c\u1ea3 con ng\u01b0\u1eddi v\u00e0 c\u00f4ng ngh\u1ec7. Do \u0111\u00f3, nh\u00e2n vi\u00ean c\u1ee7a ch\u00fang t\u00f4i c\u00f3 tr\u00ecnh \u0111\u1ed9 v\u00e0 chuy\u00ean m\u00f4n c\u1ea7n thi\u1ebft \u0111\u1ec3 \u0111\u1ed1i ph\u00f3 v\u1edbi nh\u1eefng th\u00e1ch th\u1ee9c \u0111ang ch\u1edd \u0111\u1ee3i h\u1ecd \u1edf n\u01b0\u1edbc ngo\u00e0i.<br \/>\nB\u1ea3o tr\u00ec:<br \/>\nPh\u1ea7n l\u1edbn, b\u1ea3o tr\u00ec bao g\u1ed3m c\u00e1c nhi\u1ec7m v\u1ee5 ki\u1ec3m tra, b\u1ea3o tr\u00ec v\u00e0 s\u1eeda ch\u1eefa. Xem b\u00ean d\u01b0\u1edbi \u0111\u1ec3 bi\u1ebft t\u1ed5ng quan ng\u1eafn g\u1ecdn v\u1ec1 ph\u1ea1m vi d\u1ecbch v\u1ee5 m\u00e0 ch\u00fang t\u00f4i cung c\u1ea5p:<br \/>\n\u2022\tL\u1eadp k\u1ebf ho\u1ea1ch b\u1ea3o tr\u00ec<br \/>\n\u2022\tT\u1ea1o s\u1ed5 tay b\u1ea3o tr\u00ec v\u00e0 danh s\u00e1ch ki\u1ec3m tra<br \/>\n\u2022\tGi\u00e1m s\u00e1t v\u00e0 th\u1ef1c hi\u1ec7n c\u00e1c nhi\u1ec7m v\u1ee5 b\u1ea3o tr\u00ec \u0111\u00e3 thi\u1ebft l\u1eadp<br \/>\n\u2022\tKh\u1eafc ph\u1ee5c s\u1ef1 c\u1ed1 (v\u00ed d\u1ee5: c\u1ea7n tr\u1ee5c b\u1ecb l\u1ed7i, \u0111o\u1ea3n \u0111i\u1ec7n, v.v.)<br \/>\n\u2022\tD\u1ecbch v\u1ee5 c\u00e1nh qu\u1ea1t<br \/>\n\u2022\tS\u1eeda ch\u1eefa c\u00e1c th\u00e0nh ph\u1ea7n l\u1edbn<br \/>\nTrong su\u1ed1t v\u00f2ng \u0111\u1eddi c\u1ee7a tuabin gi\u00f3, kh\u00f4ng c\u00f3 g\u00ec l\u1ea1 khi c\u00e1c b\u1ed9 ph\u1eadn l\u1edbn nh\u01b0 c\u00e1nh qu\u1ea1t, m\u00e1y ph\u00e1t \u0111i\u1ec7n, m\u00e1y bi\u1ebfn \u00e1p ho\u1eb7c h\u1ed9p s\u1ed1 c\u1ea7n \u0111\u01b0\u1ee3c s\u1eeda ch\u1eefa ho\u1eb7c th\u1eadm ch\u00ed thay th\u1ebf. Th\u1ef1c t\u1ebf \u0111\u01a1n gi\u1ea3n l\u00e0 c\u00e1c tuabin \u0111\u01b0\u1ee3c x\u00e2y d\u1ef1ng tr\u00ean bi\u1ec3n c\u00f3 ngh\u0129a l\u00e0 c\u00e1c c\u00f4ng vi\u1ec7c nh\u01b0 v\u1eady ph\u1ee9c t\u1ea1p h\u01a1n \u0111\u00e1ng k\u1ec3 so v\u1edbi tr\u00ean \u0111\u1ea5t li\u1ec1n. Do \u0111\u00f3, \u0111\u1ed9i ng\u0169 nh\u00e2n vi\u00ean c\u00f3 tr\u00ecnh \u0111\u1ed9 v\u00e0 kinh nghi\u1ec7m c\u1ee7a ch\u00fang t\u00f4i \u0111\u00f4i khi ph\u1ea3i \u0111\u1ed1i m\u1eb7t v\u1edbi nh\u1eefng nhi\u1ec7m v\u1ee5 r\u1ea5t kh\u00f3 kh\u0103n v\u00e0 nh\u1ea1y c\u1ea3m, tuy nhi\u00ean h\u1ecd v\u1eabn x\u1eed l\u00fd v\u00e0 gi\u1ea3i quy\u1ebft m\u1ed9t c\u00e1ch c\u00f3 tr\u00e1ch nhi\u1ec7m.<\/p>\n","protected":false},"excerpt":{"rendered":"<p>Tuabin gi\u00f3 l\u00e0 tr\u00e1i tim c\u1ee7a m\u1ecdi trang tr\u1ea1i gi\u00f3 ngo\u00e0i kh\u01a1i. \u0110\u1eb7c bi\u1ec7t, trong ng\u00e0nh n\u00e0y, ch\u00fang t\u00f4i c\u00f3 th\u1ec3 t\u1eadn d\u1ee5ng t\u1ed1i \u0111a th\u1ebf m\u1ea1nh v\u00e0 chuy\u00ean m\u00f4n c\u1ee7a m\u00ecnh. C\u00e1c d\u1ecbch v\u1ee5 c\u1ee7a ch\u00fang t\u00f4i bao g\u1ed3m b\u1ea5t k\u1ef3 h\u00ecnh th\u1ee9c h\u1ed7 tr\u1ee3 n\u00e0o b\u1ea1n c\u00f3 th\u1ec3 mu\u1ed1n cho c\u00e1c c\u01a1 s\u1edf&hellip;<\/p>\n","protected":false},"author":1,"featured_media":0,"parent":2806,"menu_order":0,"comment_status":"closed","ping_status":"closed","template":"","meta":[],"_links":{"self":[{"href":"https:\/\/bsdgroup.com.vn\/vi\/wp-json\/wp\/v2\/pages\/2810"}],"collection":[{"href":"https:\/\/bsdgroup.com.vn\/vi\/wp-json\/wp\/v2\/pages"}],"about":[{"href":"https:\/\/bsdgroup.com.vn\/vi\/wp-json\/wp\/v2\/types\/page"}],"author":[{"embeddable":true,"href":"https:\/\/bsdgroup.com.vn\/vi\/wp-json\/wp\/v2\/users\/1"}],"replies":[{"embeddable":true,"href":"https:\/\/bsdgroup.com.vn\/vi\/wp-json\/wp\/v2\/comments?post=2810"}],"version-history":[{"count":1,"href":"https:\/\/bsdgroup.com.vn\/vi\/wp-json\/wp\/v2\/pages\/2810\/revisions"}],"predecessor-version":[{"id":2811,"href":"https:\/\/bsdgroup.com.vn\/vi\/wp-json\/wp\/v2\/pages\/2810\/revisions\/2811"}],"up":[{"embeddable":true,"href":"https:\/\/bsdgroup.com.vn\/vi\/wp-json\/wp\/v2\/pages\/2806"}],"wp:attachment":[{"href":"https:\/\/bsdgroup.com.vn\/vi\/wp-json\/wp\/v2\/media?parent=2810"}],"curies":[{"name":"wp","href":"https:\/\/api.w.org\/{rel}","templated":true}]}}