{"id":2808,"date":"2025-01-15T10:42:53","date_gmt":"2025-01-15T03:42:53","guid":{"rendered":"https:\/\/bsdgroup.com.vn\/?page_id=2808"},"modified":"2025-01-17T16:30:34","modified_gmt":"2025-01-17T09:30:34","slug":"kiem-tra-va-sua-chua-luoi-dao","status":"publish","type":"page","link":"https:\/\/bsdgroup.com.vn\/vi\/dich-vu\/dich-vu-van-hanh-ky-thuat-tai-tao\/dich-vu-trang-trai-gio\/kiem-tra-va-sua-chua-luoi-dao","title":{"rendered":"Ki\u1ec3m tra v\u00e0 s\u1eeda ch\u1eefa l\u01b0\u1ee1i dao"},"content":{"rendered":"<h4>C\u00e1c c\u00e1nh qu\u1ea1t l\u00e0 m\u1ed9t trong nh\u1eefng th\u00e0nh ph\u1ea7n ch\u1ecbu l\u1ef1c m\u1ea1nh nh\u1ea5t c\u1ee7a tuabin gi\u00f3. T\u00f9y thu\u1ed9c v\u00e0o m\u1ee9c \u0111\u1ed9 t\u1ea3i, c\u0169ng nh\u01b0 k\u1ef9 thu\u1eadt v\u00e0 ch\u1ea5t l\u01b0\u1ee3ng c\u1ee7a qu\u00e1 tr\u00ecnh s\u1ea3n xu\u1ea5t, s\u1ef1 xu\u1ea5t hi\u1ec7n c\u1ee7a s\u1ef1 m\u00e0i m\u00f2n s\u1edbm hay mu\u1ed9n s\u1ebd xu\u1ea5t hi\u1ec7n. C\u00e1c sai s\u00f3t v\u1ec1 thi\u1ebft k\u1ebf ho\u1eb7c s\u1ea3n xu\u1ea5t xu\u1ea5t hi\u1ec7n trong c\u00e1c c\u00e0i \u0111\u1eb7t c\u1ee5 th\u1ec3. V\u1edbi nhi\u1ec1u n\u0103m kinh nghi\u1ec7m, c\u00e1c chuy\u00ean gia c\u1ee7a ch\u00fang t\u00f4i \u0111\u00e3 tham gia v\u00e0o t\u1ea5t c\u1ea3 c\u00e1c d\u1ecbch v\u1ee5 li\u00ean quan \u0111\u1ebfn b\u1ea3o tr\u00ec v\u00e0 s\u1eeda ch\u1eefa c\u00e1nh qu\u1ea1t.<br \/>\nC\u00e1c kh\u1ea3 n\u0103ng thi\u1ebft y\u1ebfu m\u00e0 ch\u00fang t\u00f4i cung c\u1ea5p cho c\u00e1c d\u1ecbch v\u1ee5 c\u00e1nh qu\u1ea1t c\u1ee7a m\u00ecnh l\u00e0 ki\u1ec3m tra th\u01b0\u1eddng xuy\u00ean, b\u1ea3o tr\u00ec, ph\u00f2ng ng\u1eeba ho\u1eb7c s\u1eeda ch\u1eefa t\u1ef1 ph\u00e1t n\u1ebfu th\u00edch h\u1ee3p.<br \/>\nS\u1ef1 ki\u1ec3m tra<br \/>\nC\u00f3 m\u1ed9t s\u1ed1 \u0111i\u1ec1u ki\u1ec7n c\u1ea7n \u0111\u01b0\u1ee3c chuy\u00ean gia ki\u1ec3m tra c\u00e1c c\u00e1nh qu\u1ea1t trong su\u1ed1t tu\u1ed5i th\u1ecd c\u1ee7a tuabin gi\u00f3. Ch\u00fang t\u00f4i chu\u1ea9n b\u1ecb b\u00e1o c\u00e1o \u0111\u00e1nh gi\u00e1 cho b\u1ea1n v\u1edbi s\u1ef1 tr\u1ee3 gi\u00fap c\u1ee7a c\u00e1c chuy\u00ean gia \u0111\u1ed9c l\u1eadp, \u0111\u01b0\u1ee3c c\u00f4ng nh\u1eadn:<br \/>\n\u2022 Trong qu\u00e1 tr\u00ecnh v\u1eadn h\u00e0nh<br \/>\n\u2022 Khi h\u1ebft h\u1ea1n b\u1ea3o h\u00e0nh<br \/>\n\u2022 \u0110\u1ec3 ki\u1ec3m tra \u0111\u1ecbnh k\u1ef3<br \/>\n\u2022 \u0110\u1ec3 ki\u1ec3m tra c\u00e1c bi\u1ec7n ph\u00e1p t\u1ed1i \u01b0u theo h\u1ee3p \u0111\u1ed3ng b\u1ea3o hi\u1ec3m<br \/>\n\u2022 \u0110\u1ec3 th\u1ef1c thi ho\u1eb7c th\u1ef1c hi\u1ec7n c\u00e1c khi\u1ebfu n\u1ea1i v\u1ec1 tr\u00e1ch nhi\u1ec7m ph\u00e1p l\u00fd<br \/>\nB\u1ea3o tr\u00ec v\u00e0 s\u1eeda ch\u1eefa<br \/>\nCh\u00fang t\u00f4i cung c\u1ea5p c\u00e1c \u0111\u00e1nh gi\u00e1 c\u00f3 th\u1ea9m quy\u1ec1n, b\u1ea3o tr\u00ec th\u01b0\u1eddng xuy\u00ean v\u00e0 s\u1eeda ch\u1eefa c\u1ea7n thi\u1ebft cho c\u00e1c c\u00e1nh qu\u1ea1t b\u1ecb h\u01b0 h\u1ecfng, c\u0169ng nh\u01b0 b\u1ea3o tr\u00ec ph\u00f2ng ng\u1eeba \u0111\u1ec3 b\u1ea3o qu\u1ea3n c\u00e1c c\u00e1nh qu\u1ea1t.<br \/>\nCh\u00fang t\u00f4i s\u1eed d\u1ee5ng c\u00e1c c\u00f4ng ngh\u1ec7 truy c\u1eadp d\u1ef1a tr\u00ean c\u00e1p v\u00e0 n\u1ec1n t\u1ea3ng l\u00e0m vi\u1ec7c chuy\u00ean d\u1ee5ng \u1edf \u0111\u00e2y. Thi\u1ec7t h\u1ea1i \u0111\u00e1ng k\u1ec3 h\u01a1n c\u00f3 th\u1ec3 \u0111\u01b0\u1ee3c kh\u1eafc ph\u1ee5c \u1edf tr\u1ea1ng th\u00e1i th\u00e1o d\u1ee1 t\u1ea1i \u0111\u1ebf tuabin gi\u00f3 ho\u1eb7c t\u1ea1i nh\u00e0 x\u01b0\u1edfng.<\/h4>\n","protected":false},"excerpt":{"rendered":"<p>C\u00e1c c\u00e1nh qu\u1ea1t l\u00e0 m\u1ed9t trong nh\u1eefng th\u00e0nh ph\u1ea7n ch\u1ecbu l\u1ef1c m\u1ea1nh nh\u1ea5t c\u1ee7a tuabin gi\u00f3. T\u00f9y thu\u1ed9c v\u00e0o m\u1ee9c \u0111\u1ed9 t\u1ea3i, c\u0169ng nh\u01b0 k\u1ef9 thu\u1eadt v\u00e0 ch\u1ea5t l\u01b0\u1ee3ng c\u1ee7a qu\u00e1 tr\u00ecnh s\u1ea3n xu\u1ea5t, s\u1ef1 xu\u1ea5t hi\u1ec7n c\u1ee7a s\u1ef1 m\u00e0i m\u00f2n s\u1edbm hay mu\u1ed9n s\u1ebd xu\u1ea5t hi\u1ec7n. C\u00e1c sai s\u00f3t v\u1ec1 thi\u1ebft k\u1ebf ho\u1eb7c s\u1ea3n&hellip;<\/p>\n","protected":false},"author":1,"featured_media":0,"parent":2806,"menu_order":0,"comment_status":"closed","ping_status":"closed","template":"","meta":[],"_links":{"self":[{"href":"https:\/\/bsdgroup.com.vn\/vi\/wp-json\/wp\/v2\/pages\/2808"}],"collection":[{"href":"https:\/\/bsdgroup.com.vn\/vi\/wp-json\/wp\/v2\/pages"}],"about":[{"href":"https:\/\/bsdgroup.com.vn\/vi\/wp-json\/wp\/v2\/types\/page"}],"author":[{"embeddable":true,"href":"https:\/\/bsdgroup.com.vn\/vi\/wp-json\/wp\/v2\/users\/1"}],"replies":[{"embeddable":true,"href":"https:\/\/bsdgroup.com.vn\/vi\/wp-json\/wp\/v2\/comments?post=2808"}],"version-history":[{"count":2,"href":"https:\/\/bsdgroup.com.vn\/vi\/wp-json\/wp\/v2\/pages\/2808\/revisions"}],"predecessor-version":[{"id":2876,"href":"https:\/\/bsdgroup.com.vn\/vi\/wp-json\/wp\/v2\/pages\/2808\/revisions\/2876"}],"up":[{"embeddable":true,"href":"https:\/\/bsdgroup.com.vn\/vi\/wp-json\/wp\/v2\/pages\/2806"}],"wp:attachment":[{"href":"https:\/\/bsdgroup.com.vn\/vi\/wp-json\/wp\/v2\/media?parent=2808"}],"curies":[{"name":"wp","href":"https:\/\/api.w.org\/{rel}","templated":true}]}}