{"id":2804,"date":"2025-01-15T10:39:58","date_gmt":"2025-01-15T03:39:58","guid":{"rendered":"https:\/\/bsdgroup.com.vn\/?page_id=2804"},"modified":"2025-01-15T10:40:23","modified_gmt":"2025-01-15T03:40:23","slug":"truy-cap-day-thung","status":"publish","type":"page","link":"https:\/\/bsdgroup.com.vn\/vi\/dich-vu\/dich-vu-van-hanh-ky-thuat-tai-tao\/truy-cap-day-thung","title":{"rendered":"Truy c\u1eadp d\u00e2y th\u1eebng"},"content":{"rendered":"<p>C\u00e1c k\u1ef9 thu\u1eadt vi\u00ean c\u1ee7a ch\u00fang t\u00f4i \u0111\u01b0\u1ee3c ch\u1ee9ng nh\u1eadn v\u00e0 \u00e1p d\u1ee5ng c\u00e1c quy tr\u00ecnh l\u00e0m vi\u1ec7c an to\u00e0n v\u00e0 \u0111\u00e3 \u0111\u01b0\u1ee3c ki\u1ec3m ch\u1ee9ng. Th\u1ef1c hi\u1ec7n c\u00e1c quy tr\u00ecnh n\u00e0y \u0111\u1ea3m b\u1ea3o an to\u00e0n cho vi\u1ec7c ti\u1ebfp c\u1eadn d\u00e2y trong m\u1ecdi t\u00ecnh hu\u1ed1ng.<br \/>\n\u0110\u1ed9i ng\u0169 chuy\u00ean gia ti\u1ebfp c\u1eadn d\u00e2y c\u1ee7a BSD bao g\u1ed3m c\u00e1c k\u1ef9 thu\u1eadt vi\u00ean IRATA c\u1ea5p \u0111\u1ed9 1, 2 v\u00e0 3.<br \/>\n\u2022\tC\u00e1c chuy\u00ean gia ti\u1ebfp c\u1eadn d\u00e2y trong c\u00f4ng ty ch\u00fang t\u00f4i \u0111\u01b0\u1ee3c \u0111\u00e0o t\u1ea1o v\u00e0 ch\u1ee9ng nh\u1eadn ba n\u0103m m\u1ed9t l\u1ea7n.<br \/>\n\u2022\tThi\u1ebft b\u1ecb ti\u1ebfp c\u1eadn d\u00e2y \u0111\u01b0\u1ee3c x\u00e1c minh s\u00e1u th\u00e1ng m\u1ed9t l\u1ea7n theo quy tr\u00ecnh c\u1ee7a IRATA.<br \/>\n\u2022\tTr\u1ea3i nghi\u1ec7m c\u1ee7a c\u00e1c chuy\u00ean gia ti\u1ebfp c\u1eadn d\u00e2y \u0111\u01b0\u1ee3c \u0111\u0103ng nh\u1eadp li\u00ean t\u1ee5c trong s\u1ed5 nh\u1eadt k\u00fd c\u1ee7a h\u1ecd.<br \/>\n\u01afu \u0111i\u1ec3m truy c\u1eadp d\u00e2y<br \/>\n\u2022\tKh\u1edbp l\u1ec7nh nhanh<br \/>\nTh\u1eddi gian c\u1ea7n thi\u1ebft \u0111\u1ec3 b\u1eaft \u0111\u1ea7u l\u00e0m vi\u1ec7c v\u00e0 di chuy\u1ec3n gi\u1eefa c\u00e1c m\u1ee5c ti\u00eau c\u00f3 d\u00e2y th\u1eebng th\u1ea5p h\u01a1n \u0111\u00e1ng k\u1ec3 so v\u1edbi th\u1eddi gian \u0111\u01b0\u1ee3c s\u1eed d\u1ee5ng \u0111\u1ec3 gi\u00e0n gi\u00e1o, n\u00e2ng v\u00e0 mang gi\u1eefa c\u00e1c m\u1ee5c ti\u00eau gi\u1ed1ng nhau.<br \/>\n\u2022\tNhi\u1ec1u lo\u1ea1i d\u1ef1 \u00e1n<br \/>\nC\u00e1c chuy\u00ean gia ti\u1ebfp c\u1eadn d\u00e2y th\u1eebng c\u00f3 th\u1ec3 l\u00e0m vi\u1ec7c trong kh\u00f4ng gian h\u1eb9p ho\u1eb7c n\u01a1i kh\u00f4ng th\u1ec3 n\u00e2ng gi\u00e0n gi\u00e1o. Ngo\u00e0i ra, do t\u00ednh ch\u1ea5t c\u1ee7a vi\u1ec7c ti\u1ebfp c\u1eadn d\u00e2y th\u1eebng, nh\u00f3m c\u00f3 th\u1ec3 cung c\u1ea5p c\u00e1c d\u1ecbch v\u1ee5 chuy\u00ean nghi\u1ec7p \u1edf b\u1ea5t k\u1ef3 \u0111\u1ed9 cao n\u00e0o.<br \/>\n\u2022\tGi\u1ea3m chi ph\u00ed<br \/>\nV\u1edbi kh\u1ea3 n\u0103ng ti\u1ebfp c\u1eadn b\u1eb1ng d\u00e2y, chi ph\u00ed ti\u1ebfp c\u1eadn c\u00e1c khu v\u1ef1c kh\u00e1c nhau th\u1ea5p h\u01a1n nhi\u1ec1u so v\u1edbi chi ph\u00ed c\u1ee7a c\u00e1c ph\u01b0\u01a1ng ph\u00e1p ti\u1ebfp c\u1eadn thay th\u1ebf kh\u00e1c, ch\u1eb3ng h\u1ea1n nh\u01b0 gi\u00e0n gi\u00e1o, n\u00e2ng ho\u1eb7c s\u1eed d\u1ee5ng nacelles.<br \/>\n\u2022\tAn to\u00e0n lao \u0111\u1ed9ng<br \/>\nTi\u1ebfp c\u1eadn d\u00e2y \u0111\u01b0\u1ee3c s\u1eed d\u1ee5ng m\u1ed9t c\u00e1ch ch\u00ednh x\u00e1c, theo ti\u00eau chu\u1ea9n IRATA v\u1edbi hai d\u00e2y \u0111\u01b0\u1ee3c \u0111\u1ea3m b\u1ea3o \u0111\u1ed9c l\u1eadp, \u0111\u00f3 l\u00e0 ph\u01b0\u01a1ng ti\u1ec7n ti\u1ebfp c\u1eadn \u1edf \u0111\u1ed9 cao an to\u00e0n v\u00e0 nhanh h\u01a1n c\u00e1c ph\u01b0\u01a1ng ph\u00e1p truy\u1ec1n th\u1ed1ng kh\u00e1c.<\/p>\n","protected":false},"excerpt":{"rendered":"<p>C\u00e1c k\u1ef9 thu\u1eadt vi\u00ean c\u1ee7a ch\u00fang t\u00f4i \u0111\u01b0\u1ee3c ch\u1ee9ng nh\u1eadn v\u00e0 \u00e1p d\u1ee5ng c\u00e1c quy tr\u00ecnh l\u00e0m vi\u1ec7c an to\u00e0n v\u00e0 \u0111\u00e3 \u0111\u01b0\u1ee3c ki\u1ec3m ch\u1ee9ng. Th\u1ef1c hi\u1ec7n c\u00e1c quy tr\u00ecnh n\u00e0y \u0111\u1ea3m b\u1ea3o an to\u00e0n cho vi\u1ec7c ti\u1ebfp c\u1eadn d\u00e2y trong m\u1ecdi t\u00ecnh hu\u1ed1ng. \u0110\u1ed9i ng\u0169 chuy\u00ean gia ti\u1ebfp c\u1eadn d\u00e2y c\u1ee7a BSD bao g\u1ed3m&hellip;<\/p>\n","protected":false},"author":1,"featured_media":0,"parent":2728,"menu_order":0,"comment_status":"closed","ping_status":"closed","template":"","meta":[],"_links":{"self":[{"href":"https:\/\/bsdgroup.com.vn\/vi\/wp-json\/wp\/v2\/pages\/2804"}],"collection":[{"href":"https:\/\/bsdgroup.com.vn\/vi\/wp-json\/wp\/v2\/pages"}],"about":[{"href":"https:\/\/bsdgroup.com.vn\/vi\/wp-json\/wp\/v2\/types\/page"}],"author":[{"embeddable":true,"href":"https:\/\/bsdgroup.com.vn\/vi\/wp-json\/wp\/v2\/users\/1"}],"replies":[{"embeddable":true,"href":"https:\/\/bsdgroup.com.vn\/vi\/wp-json\/wp\/v2\/comments?post=2804"}],"version-history":[{"count":1,"href":"https:\/\/bsdgroup.com.vn\/vi\/wp-json\/wp\/v2\/pages\/2804\/revisions"}],"predecessor-version":[{"id":2805,"href":"https:\/\/bsdgroup.com.vn\/vi\/wp-json\/wp\/v2\/pages\/2804\/revisions\/2805"}],"up":[{"embeddable":true,"href":"https:\/\/bsdgroup.com.vn\/vi\/wp-json\/wp\/v2\/pages\/2728"}],"wp:attachment":[{"href":"https:\/\/bsdgroup.com.vn\/vi\/wp-json\/wp\/v2\/media?parent=2804"}],"curies":[{"name":"wp","href":"https:\/\/api.w.org\/{rel}","templated":true}]}}