{"id":2794,"date":"2025-01-14T15:43:28","date_gmt":"2025-01-14T08:43:28","guid":{"rendered":"https:\/\/bsdgroup.com.vn\/?page_id=2794"},"modified":"2025-01-15T12:01:21","modified_gmt":"2025-01-15T05:01:21","slug":"khoa-hoc-dau-khi","status":"publish","type":"page","link":"https:\/\/bsdgroup.com.vn\/vi\/dich-vu\/dao-tao-nghe\/khoa-hoc-dau-khi","title":{"rendered":"Kh\u00f3a h\u1ecdc D\u1ea7u kh\u00ed"},"content":{"rendered":"<p>Ki\u1ec3m so\u00e1t gi\u1ebfng \u1ea3o IWCF C\u1ea5p \u0111\u1ed9 3 &#038; 4<br \/>\nN\u1ed9i dung kh\u00f3a h\u1ecdc:<br \/>\nC\u00e1c l\u0129nh v\u1ef1c gi\u1ea3ng d\u1ea1y, \u0111\u00e1nh gi\u00e1 v\u00e0 ki\u1ec3m tra s\u1ebd bao g\u1ed3m nh\u01b0ng kh\u00f4ng gi\u1edbi h\u1ea1n \u1edf c\u00e1c m\u00f4n h\u1ecdc sau:<br \/>\n\u2022\tR\u00e0o c\u1ea3n gi\u1ebfng<br \/>\n\u2022\tNgu\u1ed3n nh\u00e2n l\u1ef1c<br \/>\n\u2022\tQuy tr\u00ecnh v\u00e0 tr\u00e1ch nhi\u1ec7m ki\u1ec3m so\u00e1t gi\u1ebfng<br \/>\n\u2022\tCh\u1ebf \u0111\u1ed9 \u00e1p l\u1ef1c &#8211; D\u01b0\u1edbi b\u00ecnh th\u01b0\u1eddng, b\u00ecnh th\u01b0\u1eddng v\u00e0 b\u1ea5t th\u01b0\u1eddng<br \/>\n\u2022\tKi\u1ec3m so\u00e1t gi\u1ebfng ch\u00ednh<br \/>\n\u2022\t\u00c1p su\u1ea5t \u0111\u1ee9t g\u00e3y h\u00ecnh th\u00e0nh &#8211; LOT \/ FIT, MAASP (t\u0129nh &#038; \u0111\u1ed9ng), MAMW.<br \/>\n\u2022\tSCR v\u00e0 CLFL<br \/>\n\u2022\tT\u1ed5n th\u1ea5t \u00e1p su\u1ea5t h\u00ecnh khuy\u00ean \/ ECD<br \/>\n\u2022\tKhoan l\u1ed7 tr\u00ean c\u00f9ng \/ Kh\u00ed n\u00f4ng \/ Chuy\u1ec3n h\u01b0\u1edbng \/ Khoan kh\u00f4ng Riserless<br \/>\n\u2022\tNguy\u00ean nh\u00e2n c\u1ee7a c\u00e1c c\u00fa \u0111\u00e1.<br \/>\n\u2022\tC\u00e1c ch\u1ec9 b\u00e1o \u0111\u00e1 v\u00e0 d\u1ea5u hi\u1ec7u c\u1ea3nh b\u00e1o<br \/>\n\u2022\tH\u00e0nh vi kh\u00ed &#8211; L\u01b0u th\u00f4ng, Di chuy\u1ec3n v\u00e0 \u0110\u1ed9 h\u00f2a tan<br \/>\n\u2022\tCh\u1ea1y v\u1ecf v\u00e0 l\u00f3t<br \/>\n\u2022\tKi\u1ec3m so\u00e1t gi\u1ebfng th\u1ee9 c\u1ea5p, quy tr\u00ecnh \u0111\u00f3ng c\u1eeda API RP59 v\u00e0 C\u00f4ng ty.<br \/>\n\u2022\t\u0110\u1ed9 th\u1ea5m v\u00e0 \u0111\u1ed9 x\u1ed1p<br \/>\n\u2022\tPh\u01b0\u01a1ng ph\u00e1p ti\u00eau di\u1ec7t \u2013 Driller&#8217;s, Weight &#038; Wait v\u00e0 Volumetric<br \/>\n\u2022\tC\u00e1c v\u1ea5n \u0111\u1ec1 ki\u1ec3m so\u00e1t gi\u1ebfng<br \/>\n\u2022\tN\u1eafp kh\u00ed kh\u00f4ng th\u1ea5m n\u01b0\u1edbc<br \/>\n\u2022\tL\u1ec1 Riser, S\u1ee5p \u0111\u1ed5 Riser, Gradient \u1ee9ng su\u1ea5t qu\u00e1 t\u1ea3i<br \/>\n\u2022\t\u0110\u01a1n v\u1ecb t\u00edch l\u0169y &#8211; Th\u00e0nh ph\u1ea7n \/ Ch\u1ee9c n\u0103ng \/ API RP 53<br \/>\n\u2022\tThu\u1ed1c ng\u0103n ng\u1eeba h\u00ecnh khuy\u00ean &#8211; Th\u00e0nh ph\u1ea7n \/ Ch\u1ee9c n\u0103ng<br \/>\n\u2022\tRam Preventers \/ Thi\u1ebft b\u1ecb kh\u00f3a \/ Piston Rod Mud Seal<br \/>\n\u2022\tT\u1ef7 l\u1ec7 m\u1edf v\u00e0 \u0111\u00f3ng c\u1eeda<br \/>\n\u2022\tL\u1eafp r\u00e1p Ram<br \/>\n\u2022\tL\u1eafp r\u00e1p Riser bi\u1ec3n d\u01b0\u1edbi bi\u1ec3n<br \/>\n\u2022\tH\u1ec7 th\u1ed1ng Bop d\u01b0\u1edbi bi\u1ec3n th\u1ee7y l\u1ef1c gi\u00e1n ti\u1ebfp<br \/>\n\u2022\tY\u00eau c\u1ea7u BOP t\u1ed1i thi\u1ec3u<br \/>\n\u2022\tM\u00e1y t\u00e1ch kh\u00ed c\u1ed1c \/ Con d\u1ea5u b\u00f9n l\u1ecfng<br \/>\n\u2022\tVan an to\u00e0n &#8211; FOSV, IBOP, Dart &#038; Dart Sub, Van phao<br \/>\n\u2022\tB\u1ed9 chuy\u1ec3n h\u01b0\u1edbng<br \/>\n\u2022\tThi\u1ebft b\u1ecb ki\u1ec3m so\u00e1t gi\u1ebfng &#8211; Th\u1eddi gian \u0111\u00f3ng c\u1eeda t\u1ed1i thi\u1ec3u v\u00e0 y\u00eau c\u1ea7u th\u1eed nghi\u1ec7m<br \/>\nM\u1ee5c ti\u00eau kh\u00f3a h\u1ecdc v\u00e0 k\u1ebft qu\u1ea3 h\u1ecdc t\u1eadp: Ng\u01b0\u1eddi tham gia s\u1ebd c\u00f3 th\u1ec3 sau khi ho\u00e0n th\u00e0nh kh\u00f3a h\u1ecdc:<br \/>\n\u2022\tCh\u1ee9ng minh t\u1ea7m quan tr\u1ecdng c\u1ee7a ki\u1ec3m so\u00e1t gi\u1ebfng khoan trong ng\u00e0nh d\u1ea7u kh\u00ed v\u00e0 kim c\u1ee7a kh\u00f3a h\u1ecdc<br \/>\n\u2022\tT\u00ednh to\u00e1n c\u00f4ng th\u1ee9c ki\u1ec3m so\u00e1t gi\u1ebfng theo ti\u00eau chu\u1ea9n ch\u1ee9ng nh\u1eadn IWCF.<br \/>\n\u2022\tTh\u1ec3 hi\u1ec7n s\u1ef1 hi\u1ec3u bi\u1ebft v\u1ec1 c\u00e1c nguy\u00ean t\u1eafc v\u00e0 quy tr\u00ecnh ki\u1ec3m so\u00e1t gi\u1ebfng.<br \/>\n\u2022\tTh\u1ec3 hi\u1ec7n kh\u1ea3 n\u0103ng l\u01b0u th\u00f4ng d\u00f2ng ch\u1ea3y ra kh\u1ecfi gi\u1ebfng khoan trong khi v\u1eabn duy tr\u00ec BHP kh\u00f4ng \u0111\u1ed5i.<br \/>\n\u2022\tHo\u00e0n th\u00e0nh v\u00e0 gi\u1ea3i th\u00edch m\u1ed9t b\u1ea3ng ti\u00eau di\u1ec7t.<br \/>\n\u2022\tX\u00e1c \u0111\u1ecbnh c\u00e1c th\u00e0nh ph\u1ea7n c\u1ee7a thi\u1ebft b\u1ecb BOP, thi\u1ebft b\u1ecb t\u00edch l\u0169y, thi\u1ebft b\u1ecb \u0111o \u0111\u1ea1c li\u00ean quan v\u00e0 ch\u1ee9c n\u0103ng c\u1ee7a ch\u00fang.<br \/>\n\u2022\tTh\u1ec3 hi\u1ec7n s\u1ef1 hi\u1ec3u bi\u1ebft v\u1ec1 ki\u1ec3m so\u00e1t t\u1ed1t th\u00f4ng qua c\u00e1c b\u00e0i t\u1eadp v\u00e0 th\u1eed nghi\u1ec7m.<br \/>\n\u2022\tV\u01b0\u1ee3t qua t\u1ea5t c\u1ea3 c\u00e1c ph\u1ea7n c\u1ee7a K\u1ef3 thi IWCF v\u1edbi \u0111i\u1ec3m \u0111\u1eadu t\u1ed1i thi\u1ec3u 70%.<br \/>\nTham gia:<br \/>\nKh\u00f3a h\u1ecdc nh\u1eb1m \u0111\u00e0o t\u1ea1o nh\u00e2n s\u1ef1 \u1edf c\u00e1c v\u1ecb tr\u00ed sau:<br \/>\n\u2022\tTr\u1ee3 l\u00fd Th\u1ee3 khoan, Th\u1ee3 khoan, C\u00e1c v\u1ecb tr\u00ed t\u01b0\u01a1ng \u0111\u01b0\u01a1ng trong b\u1ea3o d\u01b0\u1ee1ng gi\u1ebfng<br \/>\n\u2022\tGi\u00e1m s\u00e1t khoan, Gi\u00e1m s\u00e1t vi\u00ean ho\u1eb7c Nh\u00e2n vi\u00ean c\u00f4ng ty, Gi\u00e1m s\u00e1t vi\u00ean khoan t\u1ea1i v\u0103n ph\u00f2ng, Gi\u00e1m s\u00e1t vi\u00ean khoan t\u1ea1i v\u0103n ph\u00f2ng, Ng\u01b0\u1eddi \u0111\u1ea9y c\u00f4ng c\u1ee5, Qu\u1ea3n l\u00fd l\u1eafp \u0111\u1eb7t ngo\u00e0i kh\u01a1i (OIM), Qu\u1ea3n l\u00fd gi\u00e0n khoan nh\u00e0 th\u1ea7u, Gi\u00e1m s\u00e1t vi\u00ean ho\u1eb7c Tr\u01b0\u1edfng \u0111o\u00e0n cho c\u00e1c ho\u1ea1t \u0111\u1ed9ng d\u1ecbch v\u1ee5 \u0111\u1eb7c bi\u1ec7t<\/p>\n","protected":false},"excerpt":{"rendered":"<p>Ki\u1ec3m so\u00e1t gi\u1ebfng \u1ea3o IWCF C\u1ea5p \u0111\u1ed9 3 &#038; 4 N\u1ed9i dung kh\u00f3a h\u1ecdc: C\u00e1c l\u0129nh v\u1ef1c gi\u1ea3ng d\u1ea1y, \u0111\u00e1nh gi\u00e1 v\u00e0 ki\u1ec3m tra s\u1ebd bao g\u1ed3m nh\u01b0ng kh\u00f4ng gi\u1edbi h\u1ea1n \u1edf c\u00e1c m\u00f4n h\u1ecdc sau: \u2022 R\u00e0o c\u1ea3n gi\u1ebfng \u2022 Ngu\u1ed3n nh\u00e2n l\u1ef1c \u2022 Quy tr\u00ecnh v\u00e0 tr\u00e1ch nhi\u1ec7m ki\u1ec3m so\u00e1t gi\u1ebfng \u2022 Ch\u1ebf&hellip;<\/p>\n","protected":false},"author":1,"featured_media":0,"parent":2719,"menu_order":0,"comment_status":"closed","ping_status":"closed","template":"","meta":[],"_links":{"self":[{"href":"https:\/\/bsdgroup.com.vn\/vi\/wp-json\/wp\/v2\/pages\/2794"}],"collection":[{"href":"https:\/\/bsdgroup.com.vn\/vi\/wp-json\/wp\/v2\/pages"}],"about":[{"href":"https:\/\/bsdgroup.com.vn\/vi\/wp-json\/wp\/v2\/types\/page"}],"author":[{"embeddable":true,"href":"https:\/\/bsdgroup.com.vn\/vi\/wp-json\/wp\/v2\/users\/1"}],"replies":[{"embeddable":true,"href":"https:\/\/bsdgroup.com.vn\/vi\/wp-json\/wp\/v2\/comments?post=2794"}],"version-history":[{"count":2,"href":"https:\/\/bsdgroup.com.vn\/vi\/wp-json\/wp\/v2\/pages\/2794\/revisions"}],"predecessor-version":[{"id":2845,"href":"https:\/\/bsdgroup.com.vn\/vi\/wp-json\/wp\/v2\/pages\/2794\/revisions\/2845"}],"up":[{"embeddable":true,"href":"https:\/\/bsdgroup.com.vn\/vi\/wp-json\/wp\/v2\/pages\/2719"}],"wp:attachment":[{"href":"https:\/\/bsdgroup.com.vn\/vi\/wp-json\/wp\/v2\/media?parent=2794"}],"curies":[{"name":"wp","href":"https:\/\/api.w.org\/{rel}","templated":true}]}}