{"id":2792,"date":"2025-01-14T15:42:00","date_gmt":"2025-01-14T08:42:00","guid":{"rendered":"https:\/\/bsdgroup.com.vn\/?page_id=2792"},"modified":"2025-01-14T15:42:00","modified_gmt":"2025-01-14T08:42:00","slug":"dao-tao-phat-trien-thiet-ke-van-hanh-va-bao-tri-trang-trai-gio","status":"publish","type":"page","link":"https:\/\/bsdgroup.com.vn\/vi\/dich-vu\/dao-tao-nghe\/dao-tao-nang-luong-tai-tao\/dao-tao-phat-trien-thiet-ke-van-hanh-va-bao-tri-trang-trai-gio","title":{"rendered":"\u0110\u00e0o t\u1ea1o ph\u00e1t tri\u1ec3n, thi\u1ebft k\u1ebf, v\u1eadn h\u00e0nh v\u00e0 b\u1ea3o tr\u00ec trang tr\u1ea1i gi\u00f3"},"content":{"rendered":"<p>Sau khi tham gia kh\u00f3a h\u1ecdc n\u00e0y, b\u1ea1n s\u1ebd c\u00f3 th\u1ec3 th\u1ef1c hi\u1ec7n nh\u1eefng vi\u1ec7c sau:<br \/>\n\u2022\tX\u00e1c \u0111\u1ecbnh c\u00e1c b\u01b0\u1edbc c\u1ea7n thi\u1ebft \u0111\u1ec3 ph\u00e1t tri\u1ec3n trang tr\u1ea1i gi\u00f3<br \/>\n\u2022\tTi\u1ebfn h\u00e0nh ph\u00e2n t\u00edch t\u00ednh kh\u1ea3 thi kinh t\u1ebf<br \/>\n\u2022\tL\u1eadp d\u1ef1 to\u00e1n chi ph\u00ed cho nh\u00e0 m\u00e1y \u0111i\u1ec7n gi\u00f3 c\u1ee7a b\u1ea1n<br \/>\n\u2022\tT\u0103ng hi\u1ec7u qu\u1ea3 v\u1eadn h\u00e0nh v\u00e0 b\u1ea3o tr\u00ec nh\u00e0 m\u00e1y \u0111i\u1ec7n c\u1ee7a b\u1ea1n<br \/>\n\u2022\t\u0110\u00e1nh gi\u00e1 t\u00e1c \u0111\u1ed9ng c\u1ee7a \u0111i\u1ec7n do nh\u00e0 m\u00e1y t\u1ea1o ra \u0111\u1ed1i v\u1edbi ch\u1ea5t l\u01b0\u1ee3ng \u0111i\u1ec7n c\u1ee7a ti\u1ec7n \u00edch<br \/>\n\u0110\u1ec1 c\u01b0\u01a1ng kh\u00f3a h\u1ecdc<br \/>\n\u2022\t\u0110\u00e1nh gi\u00e1 t\u00e0i nguy\u00ean gi\u00f3<br \/>\n\u2022\tNguy\u00ean t\u1eafc c\u01a1 b\u1ea3n v\u00e0 c\u00e1c lo\u1ea1i tuabin<br \/>\n\u2022\t\u0110i\u1ec7n v\u00e0 m\u00e1y ph\u00e1t \u0111i\u1ec7n<br \/>\n\u2022\t\u0110\u1eb7c \u0111i\u1ec3m tuabin gi\u00f3 v\u00e0 l\u1ef1a ch\u1ecdn tuabin<br \/>\n\u2022\tC\u00e2n nh\u1eafc t\u00e0i ch\u00ednh<br \/>\n\u2022\tD\u1ef1 b\u00e1o gi\u00f3 v\u00e0 \u0111\u00e1nh gi\u00e1 d\u1ef1 \u00e1n<br \/>\n\u2022\tThi\u1ebft k\u1ebf trang tr\u1ea1i gi\u00f3<br \/>\n\u2022\tH\u1ee3p \u0111\u1ed3ng mua b\u00e1n \u0111i\u1ec7n, truy c\u1eadp truy\u1ec1n t\u1ea3i v\u00e0 k\u1ebft n\u1ed1i<br \/>\n\u2022\tT\u00e1c \u0111\u1ed9ng v\u00e0 m\u1ed1i quan t\u00e2m v\u1ec1 m\u00f4i tr\u01b0\u1eddng<br \/>\n\u2022\tV\u1eadn h\u00e0nh v\u00e0 b\u1ea3o tr\u00ec trang tr\u1ea1i gi\u00f3<br \/>\nAi n\u00ean tham d\u1ef1<br \/>\n\u2022\tNh\u00e0 ph\u00e1t tri\u1ec3n d\u1ef1 \u00e1n trang tr\u1ea1i gi\u00f3<br \/>\n\u2022\tC\u00e1c nh\u00e0 quy ho\u1ea1ch v\u00e0 nh\u00e0 s\u1ea3n xu\u1ea5t \u0111i\u1ec7n<br \/>\n\u2022\tNh\u00e2n vi\u00ean ti\u1ec7n \u00edch tham gia v\u00e0o ho\u1ea1t \u0111\u1ed9ng c\u1ee7a trang tr\u1ea1i gi\u00f3<br \/>\n\u2022\tK\u1ef9 s\u01b0 t\u01b0 v\u1ea5n<br \/>\n\u2022\tT\u01b0 v\u1ea5n n\u0103ng l\u01b0\u1ee3ng<br \/>\n\u2022\tC\u1ea5u t\u1ea1o<br \/>\n\u2022\tNh\u00e0 cung c\u1ea5p thi\u1ebft b\u1ecb v\u00e0 linh ki\u1ec7n trang tr\u1ea1i gi\u00f3<br \/>\n\u2022\tNh\u00e2n vi\u00ean m\u00f4i tr\u01b0\u1eddng, quy \u0111\u1ecbnh, ph\u00e1p l\u00fd v\u00e0 b\u1ea3o hi\u1ec3m<br \/>\n\u2022\tNg\u01b0\u1eddi v\u1eadn h\u00e0nh v\u00e0 nh\u00e2n vi\u00ean b\u1ea3o tr\u00ec c\u00e1c nh\u00e0 m\u00e1y hi\u1ec7n c\u00f3.<\/p>\n","protected":false},"excerpt":{"rendered":"<p>Sau khi tham gia kh\u00f3a h\u1ecdc n\u00e0y, b\u1ea1n s\u1ebd c\u00f3 th\u1ec3 th\u1ef1c hi\u1ec7n nh\u1eefng vi\u1ec7c sau: \u2022 X\u00e1c \u0111\u1ecbnh c\u00e1c b\u01b0\u1edbc c\u1ea7n thi\u1ebft \u0111\u1ec3 ph\u00e1t tri\u1ec3n trang tr\u1ea1i gi\u00f3 \u2022 Ti\u1ebfn h\u00e0nh ph\u00e2n t\u00edch t\u00ednh kh\u1ea3 thi kinh t\u1ebf \u2022 L\u1eadp d\u1ef1 to\u00e1n chi ph\u00ed cho nh\u00e0 m\u00e1y \u0111i\u1ec7n gi\u00f3 c\u1ee7a b\u1ea1n \u2022 T\u0103ng hi\u1ec7u&hellip;<\/p>\n","protected":false},"author":1,"featured_media":0,"parent":2723,"menu_order":0,"comment_status":"closed","ping_status":"closed","template":"tpl-sidebar.php","meta":[],"_links":{"self":[{"href":"https:\/\/bsdgroup.com.vn\/vi\/wp-json\/wp\/v2\/pages\/2792"}],"collection":[{"href":"https:\/\/bsdgroup.com.vn\/vi\/wp-json\/wp\/v2\/pages"}],"about":[{"href":"https:\/\/bsdgroup.com.vn\/vi\/wp-json\/wp\/v2\/types\/page"}],"author":[{"embeddable":true,"href":"https:\/\/bsdgroup.com.vn\/vi\/wp-json\/wp\/v2\/users\/1"}],"replies":[{"embeddable":true,"href":"https:\/\/bsdgroup.com.vn\/vi\/wp-json\/wp\/v2\/comments?post=2792"}],"version-history":[{"count":1,"href":"https:\/\/bsdgroup.com.vn\/vi\/wp-json\/wp\/v2\/pages\/2792\/revisions"}],"predecessor-version":[{"id":2793,"href":"https:\/\/bsdgroup.com.vn\/vi\/wp-json\/wp\/v2\/pages\/2792\/revisions\/2793"}],"up":[{"embeddable":true,"href":"https:\/\/bsdgroup.com.vn\/vi\/wp-json\/wp\/v2\/pages\/2723"}],"wp:attachment":[{"href":"https:\/\/bsdgroup.com.vn\/vi\/wp-json\/wp\/v2\/media?parent=2792"}],"curies":[{"name":"wp","href":"https:\/\/api.w.org\/{rel}","templated":true}]}}