{"id":2790,"date":"2025-01-14T15:40:59","date_gmt":"2025-01-14T08:40:59","guid":{"rendered":"https:\/\/bsdgroup.com.vn\/?page_id=2790"},"modified":"2025-01-14T15:40:59","modified_gmt":"2025-01-14T08:40:59","slug":"ky-nang-xay-dung-lap-dat-thap-gio-lap-dat-tuabin-gio-lap-dat-canh-gio-quy-trinh-van-hanh","status":"publish","type":"page","link":"https:\/\/bsdgroup.com.vn\/vi\/dich-vu\/dao-tao-nghe\/dao-tao-nang-luong-tai-tao\/ky-nang-xay-dung-lap-dat-thap-gio-lap-dat-tuabin-gio-lap-dat-canh-gio-quy-trinh-van-hanh","title":{"rendered":"K\u1ef9 n\u0103ng x\u00e2y d\u1ef1ng: L\u1eafp \u0111\u1eb7t th\u00e1p gi\u00f3, l\u1eafp \u0111\u1eb7t tuabin gi\u00f3, l\u1eafp \u0111\u1eb7t c\u00e1nh gi\u00f3, quy tr\u00ecnh v\u1eadn h\u00e0nh"},"content":{"rendered":"<p>K\u1ef9 n\u0103ng x\u00e2y d\u1ef1ng v\u00e0 v\u1eadn h\u00e0nh \u0111\u00f3ng m\u1ed9t vai tr\u00f2 quan tr\u1ecdng trong vi\u1ec7c x\u00e2y d\u1ef1ng m\u1ed9t trang tr\u1ea1i gi\u00f3 ho\u00e0n ch\u1ec9nh tr\u01b0\u1edbc khi \u0111i v\u00e0o ho\u1ea1t \u0111\u1ed9ng.<br \/>\nC\u1ea5u t\u1ea1o c\u01a1 b\u1ea3n c\u1ee7a tuabin gi\u00f3 bao g\u1ed3m: Foudation, Tower, tuabin, c\u00e1nh qu\u1ea1t, m\u00e1y ph\u00e1t \u0111i\u1ec7n,&#8230; Vi\u1ec7c l\u1eafp \u0111\u1eb7t c\u00e1c b\u1ed9 ph\u1eadn \u0111\u00f2i h\u1ecfi s\u1ef1 t\u1ec9 m\u1ec9, t\u1eadp trung cao, c\u0169ng nh\u01b0 s\u1ef1 ph\u1ed1i h\u1ee3p linh ho\u1ea1t t\u1eeb nhi\u1ec1u b\u00ean c\u1ea1nh. \u0110\u1ec3 c\u00f3 th\u1ec3 tham gia l\u1eafp \u0111\u1eb7t tuabin gi\u00f3, k\u1ef9 thu\u1eadt vi\u00ean c\u1ea7n \u0111\u01b0\u1ee3c \u0111\u00e0o t\u1ea1o k\u1ef9 n\u0103ng chuy\u00ean m\u00f4n. BSD mang \u0111\u1ebfn cho b\u1ea1n \u0111\u1ed9i ng\u0169 gi\u1ea3ng vi\u00ean tr\u1ef1c ti\u1ebfp gi\u00e0u kinh nghi\u1ec7m v\u00e0 tr\u00ecnh \u0111\u1ed9 chuy\u00ean m\u00f4n cao trong l\u0129nh v\u1ef1c l\u1eafp \u0111\u1eb7t, h\u1ecd \u0111\u01b0\u1ee3c \u0111\u00e0o t\u1ea1o chuy\u00ean nghi\u1ec7p v\u00e0 \u0111\u00e3 l\u00e0m vi\u1ec7c trong nhi\u1ec1u d\u1ef1 \u00e1n l\u1edbn.<br \/>\nB\u1eb1ng c\u00e1ch tham gia kh\u00f3a h\u1ecdc, h\u1ecdc vi\u00ean s\u1ebd c\u00f3 nh\u1eefng ki\u1ebfn th\u1ee9c sau:<br \/>\nHi\u1ec3u chi ti\u1ebft c\u00e1c th\u00e0nh ph\u1ea7n t\u1ea1o n\u00ean tuabin gi\u00f3<br \/>\nC\u00e1ch th\u00e1o r\u1eddi v\u00e0 c\u00e0i \u0111\u1eb7t t\u1eebng chi ti\u1ebft<br \/>\nL\u1eafp \u0111\u1eb7t v\u00e0 v\u1eadn h\u00e0nh c\u1ea7n c\u1ea9u v\u00e0 c\u00e1p \u0111\u1ec3 n\u00e2ng h\u1ea1<br \/>\nChi ti\u1ebft l\u1eafp \u0111\u1eb7t tuabin gi\u00f3<br \/>\nL\u1eafp \u0111\u1eb7t m\u00e1y ph\u00e1t \u0111i\u1ec7n<br \/>\nCh\u1ea1y th\u1eed nghi\u1ec7m v\u00e0 \u0111\u00e1nh gi\u00e1<\/p>\n<p>\u0110\u1ed9i ng\u0169 chuy\u00ean gia c\u1ee7a BSD h\u1ed7 tr\u1ee3 c\u00e1c ch\u1ee7 trang tr\u1ea1i gi\u00f3 \u0111\u00e0o t\u1ea1o k\u1ef9 thu\u1eadt vi\u00ean \u0111\u1ec3 \u0111\u1ea3m b\u1ea3o vi\u1ec7c l\u1eafp \u0111\u1eb7t v\u00e0 v\u1eadn h\u00e0nh tuabin an to\u00e0n v\u00e0 hi\u1ec7u qu\u1ea3.<br \/>\nK\u1ef9 thu\u1eadt vi\u00ean s\u1ebd \u0111\u01b0\u1ee3c h\u01b0\u1edbng d\u1eabn v\u00e0 th\u1ef1c h\u00e0nh c\u00e1c b\u01b0\u1edbc ch\u00ednh c\u1ee7a quy tr\u00ecnh bao g\u1ed3m:<br \/>\nHi\u1ec3u c\u00e1c b\u1ed9 ph\u1eadn v\u00e0 chi ti\u1ebft tuabin, sau \u0111\u00f3 l\u00e0 c\u00e1ch ti\u1ebfp nh\u1eadn v\u00e0 chu\u1ea9n b\u1ecb:<br \/>\n\u2022\tC\u00e1c b\u1ed9 ph\u1eadn Collie<br \/>\n\u2022\tPh\u1ea7n th\u00e1p<br \/>\n\u2022\tX\u00e0 l\u00e1ch<br \/>\n\u2022\tL\u00e1i xe l\u1eeda<br \/>\n\u2022\tTrung t\u00e2m<br \/>\n\u2022\tL\u01b0\u1ee1i<br \/>\n\u2022\tChuy\u1ec3n \u0111\u1ed5i b\u00e1nh r\u0103ng<br \/>\nC\u00e1ch l\u1eafp \u0111\u1eb7t c\u00e1c b\u1ed9 ph\u1eadn tuabin<br \/>\n\u2022\tN\u00e2ng ph\u1ea7n th\u00e1p<br \/>\n\u2022\tN\u00e2ng Nacelle<br \/>\n\u2022\tG\u1eafn h\u1ec7 th\u1ed1ng truy\u1ec1n \u0111\u1ed9ng<br \/>\nHo\u00e0n t\u1ea5t qu\u00e1 tr\u00ecnh c\u00e0i \u0111\u1eb7t<br \/>\n\u2022\tC\u00e1c t\u00e1c v\u1ee5 \u0111i\u1ec7n nh\u01b0 \u0111\u00e8n, m\u00f4-\u0111un, c\u1ea3m bi\u1ebfn, \u0110i\u1ec1u khi\u1ec3n gi\u00e1m s\u00e1t &#038; Thu th\u1eadp d\u1eef li\u1ec7u (SCADA), v.v.<br \/>\n\u2022\tC\u00e1c c\u00f4ng vi\u1ec7c c\u01a1 kh\u00ed nh\u01b0 h\u1ec7 th\u1ed1ng kh\u1eed b\u0103ng, m\u1eb7t b\u00edch t\u1ea3i, v\u1eefa, b\u1eaft v\u00edt, v.v.<br \/>\n\u2022\tT\u01b0 li\u1ec7u<br \/>\n\u2022\tDanh s\u00e1ch \u0111\u1ee5c l\u1ed7 v\u00e0 b\u00e0n giao<br \/>\n\u2022\tQu\u1ea3n l\u00fd ch\u1ea5t th\u1ea3i<br \/>\nC\u00e1c chuy\u00ean gia m\u00e0 ch\u00fang t\u00f4i cung c\u1ea5p \u0111\u1ec3 h\u01b0\u1edbng d\u1eabn bao g\u1ed3m t\u1eeb qu\u1ea3n l\u00fd v\u00e0 gi\u00e1m s\u00e1t c\u00f4ng tr\u01b0\u1eddng \u0111\u1ebfn nh\u00e2n vi\u00ean kho, Ch\u1ea5t l\u01b0\u1ee3ng, S\u1ee9c kh\u1ecfe, M\u00f4i tr\u01b0\u1eddng An to\u00e0n (QHSE), \u0110\u1ea3m b\u1ea3o ch\u1ea5t l\u01b0\u1ee3ng (QA), Ki\u1ec3m so\u00e1t ch\u1ea5t l\u01b0\u1ee3ng (QC) v\u00e0 k\u1ef9 thu\u1eadt vi\u00ean v\u1eadn h\u00e0nh.<br \/>\nSau kh\u00f3a h\u1ecdc n\u00e0y, k\u1ef9 thu\u1eadt vi\u00ean c\u1ee7a b\u1ea1n s\u1ebd c\u00f3 nhi\u1ec1u kinh nghi\u1ec7m v\u00e0 ch\u1ee9ng ch\u1ec9 \u0111\u1ee7 ti\u00eau chu\u1ea9n theo ti\u00eau chu\u1ea9n c\u00f4ng nghi\u1ec7p cho l\u1eafp \u0111\u1eb7t c\u01a1 kh\u00ed ho\u1eb7c \u0111i\u1ec7n. Theo \u0111\u00f3, c\u00e1c em s\u1ebd \u0111\u01b0\u1ee3c \u0111\u00e0o t\u1ea1o t\u1ea5t c\u1ea3 v\u1ec1:<br \/>\n\u2022\t\u0110\u00e0o t\u1ea1o An to\u00e0n C\u01a1 b\u1ea3n GWO (BST) ho\u1eb7c t\u01b0\u01a1ng \u0111\u01b0\u01a1ng ph\u00e1p l\u00fd \u0111\u1ecba ph\u01b0\u01a1ng<br \/>\n\u2022\tGi\u1edbi thi\u1ec7u an to\u00e0n cho k\u1ef9 thu\u1eadt vi\u00ean (SIT)<br \/>\n\u2022\tAn to\u00e0n \u0111i\u1ec7n \/ Kh\u00f3a c\u1ea5p 2<br \/>\n\u2022\t\u0110\u00e0o t\u1ea1o c\u00e0i \u0111\u1eb7t c\u1ee5 th\u1ec3 OEM<br \/>\n\u2022\tL\u1eafp \u0111\u1eb7t thang m\u00e1y, thang v\u00e0 \u0111\u01b0\u1eddng ray c\u1ee5 th\u1ec3 OEM<\/p>\n","protected":false},"excerpt":{"rendered":"<p>K\u1ef9 n\u0103ng x\u00e2y d\u1ef1ng v\u00e0 v\u1eadn h\u00e0nh \u0111\u00f3ng m\u1ed9t vai tr\u00f2 quan tr\u1ecdng trong vi\u1ec7c x\u00e2y d\u1ef1ng m\u1ed9t trang tr\u1ea1i gi\u00f3 ho\u00e0n ch\u1ec9nh tr\u01b0\u1edbc khi \u0111i v\u00e0o ho\u1ea1t \u0111\u1ed9ng. C\u1ea5u t\u1ea1o c\u01a1 b\u1ea3n c\u1ee7a tuabin gi\u00f3 bao g\u1ed3m: Foudation, Tower, tuabin, c\u00e1nh qu\u1ea1t, m\u00e1y ph\u00e1t \u0111i\u1ec7n,&#8230; Vi\u1ec7c l\u1eafp \u0111\u1eb7t c\u00e1c b\u1ed9 ph\u1eadn \u0111\u00f2i h\u1ecfi s\u1ef1&hellip;<\/p>\n","protected":false},"author":1,"featured_media":0,"parent":2723,"menu_order":0,"comment_status":"closed","ping_status":"closed","template":"tpl-sidebar.php","meta":[],"_links":{"self":[{"href":"https:\/\/bsdgroup.com.vn\/vi\/wp-json\/wp\/v2\/pages\/2790"}],"collection":[{"href":"https:\/\/bsdgroup.com.vn\/vi\/wp-json\/wp\/v2\/pages"}],"about":[{"href":"https:\/\/bsdgroup.com.vn\/vi\/wp-json\/wp\/v2\/types\/page"}],"author":[{"embeddable":true,"href":"https:\/\/bsdgroup.com.vn\/vi\/wp-json\/wp\/v2\/users\/1"}],"replies":[{"embeddable":true,"href":"https:\/\/bsdgroup.com.vn\/vi\/wp-json\/wp\/v2\/comments?post=2790"}],"version-history":[{"count":1,"href":"https:\/\/bsdgroup.com.vn\/vi\/wp-json\/wp\/v2\/pages\/2790\/revisions"}],"predecessor-version":[{"id":2791,"href":"https:\/\/bsdgroup.com.vn\/vi\/wp-json\/wp\/v2\/pages\/2790\/revisions\/2791"}],"up":[{"embeddable":true,"href":"https:\/\/bsdgroup.com.vn\/vi\/wp-json\/wp\/v2\/pages\/2723"}],"wp:attachment":[{"href":"https:\/\/bsdgroup.com.vn\/vi\/wp-json\/wp\/v2\/media?parent=2790"}],"curies":[{"name":"wp","href":"https:\/\/api.w.org\/{rel}","templated":true}]}}