{"id":2788,"date":"2025-01-14T15:39:32","date_gmt":"2025-01-14T08:39:32","guid":{"rendered":"https:\/\/bsdgroup.com.vn\/?page_id=2788"},"modified":"2025-01-14T15:39:32","modified_gmt":"2025-01-14T08:39:32","slug":"khoa-hoc-gwo-working-at-height-rescue-refresher","status":"publish","type":"page","link":"https:\/\/bsdgroup.com.vn\/vi\/dich-vu\/dao-tao-nghe\/dao-tao-nang-luong-tai-tao\/dao-tao-cuu-ho-nang-cao\/khoa-hoc-gwo-working-at-height-rescue-refresher","title":{"rendered":"Kh\u00f3a h\u1ecdc GWO Working at Height &#038; Rescue Refresher"},"content":{"rendered":"<p>T\u00f3m t\u1eaft:<br \/>\nKh\u00f3a h\u1ecdc \u0111\u01b0\u1ee3c thi\u1ebft k\u1ebf \u0111\u1ec3 x\u00e2y d\u1ef1ng d\u1ef1a tr\u00ean c\u00e1c k\u1ef9 n\u0103ng v\u00e0 ki\u1ebfn th\u1ee9c tr\u01b0\u1edbc \u0111\u00e2y s\u1ebd cho ph\u00e9p b\u1ea1n ti\u1ebfp t\u1ee5c l\u00e0m vi\u1ec7c tr\u00ean cao m\u1ed9t c\u00e1ch an to\u00e0n trong ng\u00e0nh c\u00f4ng nghi\u1ec7p gi\u00f3 v\u00e0 \u0111\u00e1p \u1ee9ng c\u00e1c y\u00eau c\u1ea7u \u0111\u00e0o t\u1ea1o \u1ee9ng ph\u00f3 kh\u1ea9n c\u1ea5p cho nh\u00e2n vi\u00ean trong ng\u00e0nh c\u00f4ng nghi\u1ec7p gi\u00f3 to\u00e0n c\u1ea7u.<br \/>\n\u0110i\u1ec1u ki\u1ec7n ti\u00ean quy\u1ebft:<br \/>\nKh\u00f3a h\u1ecdc c\u00f3 th\u1ec3 \u0111\u00f2i h\u1ecfi th\u1ec3 ch\u1ea5t v\u00e0 \u0111\u1ec3 tham gia kh\u00f3a \u0111\u00e0o t\u1ea1o, b\u1ea1n ph\u1ea3i \u0111\u1ee7 s\u1ee9c kh\u1ecfe v\u00e0 c\u00f3 kh\u1ea3 n\u0103ng tham gia \u0111\u1ea7y \u0111\u1ee7.<br \/>\nB\u1ea1n ph\u1ea3i cung c\u1ea5p cho ch\u00fang t\u00f4i b\u1ea3n sao gi\u1ea5y ch\u1ee9ng nh\u1eadn y t\u1ebf h\u1ee3p l\u1ec7, hi\u1ec7n h\u00e0nh \u0111\u1ec3 l\u00e0m b\u1eb1ng ch\u1ee9ng v\u1ec1 s\u1ee9c kh\u1ecfe g\u1ea7n \u0111\u00e2y c\u1ee7a b\u1ea1n.<br \/>\nC\u00e1c \u0111i\u1ec1u ki\u1ec7n ti\u00ean quy\u1ebft kh\u00e1c:<br \/>\n\u2022\tC\u00f3 hi\u1ec7u l\u1ef1c trong ng\u00e0y Gi\u1ea5y ch\u1ee9ng nh\u1eadn GWO L\u00e0m vi\u1ec7c \u1edf \u0111\u1ed9 cao<br \/>\n\u2022\tB\u1ea1n ph\u1ea3i cung c\u1ea5p gi\u1ea5y t\u1edd t\u00f9y th\u00e2n c\u00f3 \u1ea3nh h\u1ee3p l\u1ec7 nh\u01b0 H\u1ed9 chi\u1ebfu ho\u1eb7c Gi\u1ea5y ph\u00e9p l\u00e1i xe<br \/>\n\u2022\tB\u1ea1n ph\u1ea3i t\u1eeb 18+ tu\u1ed5i<br \/>\n\u2022\tKh\u00f3a h\u1ecdc \u0111\u01b0\u1ee3c t\u1ed5 ch\u1ee9c b\u1eb1ng ti\u1ebfng Anh v\u00e0 do \u0111\u00f3, b\u1ea1n ph\u1ea3i c\u00f3 m\u1ee9c \u0111\u1ed9 l\u01b0u lo\u00e1t ph\u00f9 h\u1ee3p \u0111\u1ec3 tham gia.<br \/>\nNgu\u1ed3n:<br \/>\nhttps:\/\/cwind.global\/training\/courses\/<\/p>\n","protected":false},"excerpt":{"rendered":"<p>T\u00f3m t\u1eaft: Kh\u00f3a h\u1ecdc \u0111\u01b0\u1ee3c thi\u1ebft k\u1ebf \u0111\u1ec3 x\u00e2y d\u1ef1ng d\u1ef1a tr\u00ean c\u00e1c k\u1ef9 n\u0103ng v\u00e0 ki\u1ebfn th\u1ee9c tr\u01b0\u1edbc \u0111\u00e2y s\u1ebd cho ph\u00e9p b\u1ea1n ti\u1ebfp t\u1ee5c l\u00e0m vi\u1ec7c tr\u00ean cao m\u1ed9t c\u00e1ch an to\u00e0n trong ng\u00e0nh c\u00f4ng nghi\u1ec7p gi\u00f3 v\u00e0 \u0111\u00e1p \u1ee9ng c\u00e1c y\u00eau c\u1ea7u \u0111\u00e0o t\u1ea1o \u1ee9ng ph\u00f3 kh\u1ea9n c\u1ea5p cho nh\u00e2n vi\u00ean trong&hellip;<\/p>\n","protected":false},"author":1,"featured_media":0,"parent":2784,"menu_order":0,"comment_status":"closed","ping_status":"closed","template":"","meta":[],"_links":{"self":[{"href":"https:\/\/bsdgroup.com.vn\/vi\/wp-json\/wp\/v2\/pages\/2788"}],"collection":[{"href":"https:\/\/bsdgroup.com.vn\/vi\/wp-json\/wp\/v2\/pages"}],"about":[{"href":"https:\/\/bsdgroup.com.vn\/vi\/wp-json\/wp\/v2\/types\/page"}],"author":[{"embeddable":true,"href":"https:\/\/bsdgroup.com.vn\/vi\/wp-json\/wp\/v2\/users\/1"}],"replies":[{"embeddable":true,"href":"https:\/\/bsdgroup.com.vn\/vi\/wp-json\/wp\/v2\/comments?post=2788"}],"version-history":[{"count":1,"href":"https:\/\/bsdgroup.com.vn\/vi\/wp-json\/wp\/v2\/pages\/2788\/revisions"}],"predecessor-version":[{"id":2789,"href":"https:\/\/bsdgroup.com.vn\/vi\/wp-json\/wp\/v2\/pages\/2788\/revisions\/2789"}],"up":[{"embeddable":true,"href":"https:\/\/bsdgroup.com.vn\/vi\/wp-json\/wp\/v2\/pages\/2784"}],"wp:attachment":[{"href":"https:\/\/bsdgroup.com.vn\/vi\/wp-json\/wp\/v2\/media?parent=2788"}],"curies":[{"name":"wp","href":"https:\/\/api.w.org\/{rel}","templated":true}]}}