{"id":2786,"date":"2025-01-14T15:38:09","date_gmt":"2025-01-14T08:38:09","guid":{"rendered":"https:\/\/bsdgroup.com.vn\/?page_id=2786"},"modified":"2025-01-14T15:38:09","modified_gmt":"2025-01-14T08:38:09","slug":"khoa-hoc-gwo-lam-viec-tren-cao-cuu-ho","status":"publish","type":"page","link":"https:\/\/bsdgroup.com.vn\/vi\/dich-vu\/dao-tao-nghe\/dao-tao-nang-luong-tai-tao\/dao-tao-cuu-ho-nang-cao\/khoa-hoc-gwo-lam-viec-tren-cao-cuu-ho","title":{"rendered":"Kh\u00f3a h\u1ecdc GWO L\u00e0m vi\u1ec7c tr\u00ean cao &#038; C\u1ee9u h\u1ed9"},"content":{"rendered":"<p>T\u00f3m t\u1eaft:<br \/>\nKh\u00f3a h\u1ecdc GWO L\u00e0m vi\u1ec7c tr\u00ean cao v\u00e0 C\u1ee9u h\u1ed9 n\u00e0y \u0111\u01b0\u1ee3c thi\u1ebft k\u1ebf \u0111\u1ec3 \u0111\u00e0o t\u1ea1o c\u00e1c c\u00e1 nh\u00e2n v\u1ec1 c\u00e1c quy tr\u00ecnh ti\u1ebfp c\u1eadn v\u00e0 c\u1ee9u h\u1ed9 ch\u00ednh x\u00e1c khi l\u00e0m vi\u1ec7c tr\u00ean cao trong c\u00e1c trang tr\u1ea1i gi\u00f3. Kh\u00f3a h\u1ecdc bao g\u1ed3m th\u00f4ng tin l\u00fd thuy\u1ebft trong m\u00f4i tr\u01b0\u1eddng l\u1edbp h\u1ecdc v\u00e0 c\u00e1c b\u00e0i t\u1eadp th\u1ef1c h\u00e0nh tr\u00ean th\u00e1p \u0111\u00e0o t\u1ea1o chuy\u00ean d\u1ee5ng c\u1ee7a ch\u00fang t\u00f4i. C\u00e1c y\u1ebfu t\u1ed1 l\u00fd thuy\u1ebft s\u1ebd cho ph\u00e9p c\u00e1c c\u00e1 nh\u00e2n th\u1ec3 hi\u1ec7n s\u1ef1 hi\u1ec3u bi\u1ebft v\u1eefng ch\u1eafc v\u1ec1 ki\u1ebfn th\u1ee9c li\u00ean quan \u0111\u1ebfn l\u00e0m vi\u1ec7c tr\u00ean cao v\u00e0 c\u00e1c b\u00e0i t\u1eadp th\u1ef1c h\u00e0nh y\u00eau c\u1ea7u c\u00e1c c\u00e1 nh\u00e2n th\u1ec3 hi\u1ec7n nhi\u1ec1u k\u1ef9 thu\u1eadt ti\u1ebfp c\u1eadn v\u00e0 c\u1ee9u h\u1ed9.<\/p>\n<p>\u0110i\u1ec1u ki\u1ec7n ti\u00ean quy\u1ebft:<br \/>\nKh\u00f3a h\u1ecdc l\u00e0m vi\u1ec7c tr\u00ean cao GWO c\u1ee7a ch\u00fang t\u00f4i c\u00f3 th\u1ec3 \u0111\u00f2i h\u1ecfi th\u1ec3 ch\u1ea5t v\u00e0 \u0111\u1ec3 tham gia kh\u00f3a \u0111\u00e0o t\u1ea1o, b\u1ea1n ph\u1ea3i \u0111\u1ee7 s\u1ee9c kh\u1ecfe v\u00e0 c\u00f3 kh\u1ea3 n\u0103ng tham gia \u0111\u1ea7y \u0111\u1ee7.<br \/>\nB\u1ea1n ph\u1ea3i cung c\u1ea5p cho ch\u00fang t\u00f4i b\u1ea3n sao gi\u1ea5y ch\u1ee9ng nh\u1eadn y t\u1ebf h\u1ee3p l\u1ec7, hi\u1ec7n h\u00e0nh \u0111\u1ec3 l\u00e0m b\u1eb1ng ch\u1ee9ng v\u1ec1 s\u1ee9c kh\u1ecfe g\u1ea7n \u0111\u00e2y c\u1ee7a b\u1ea1n.<br \/>\nC\u00e1c \u0111i\u1ec1u ki\u1ec7n ti\u00ean quy\u1ebft kh\u00e1c:<br \/>\n\u2022\tB\u1ea1n ph\u1ea3i cung c\u1ea5p gi\u1ea5y t\u1edd t\u00f9y th\u00e2n c\u00f3 \u1ea3nh h\u1ee3p l\u1ec7 nh\u01b0 H\u1ed9 chi\u1ebfu ho\u1eb7c Gi\u1ea5y ph\u00e9p l\u00e1i xe<br \/>\n\u2022\tB\u1ea1n ph\u1ea3i t\u1eeb 18+ tu\u1ed5i<br \/>\n\u2022\tKh\u00f3a h\u1ecdc GWO l\u00e0m vi\u1ec7c v\u1ec1 chi\u1ec1u cao n\u00e0y \u0111\u01b0\u1ee3c t\u1ed5 ch\u1ee9c b\u1eb1ng ti\u1ebfng Anh v\u00e0 do \u0111\u00f3, b\u1ea1n ph\u1ea3i c\u00f3 m\u1ee9c \u0111\u1ed9 l\u01b0u lo\u00e1t ph\u00f9 h\u1ee3p \u0111\u1ec3 tham gia.<\/p>\n","protected":false},"excerpt":{"rendered":"<p>T\u00f3m t\u1eaft: Kh\u00f3a h\u1ecdc GWO L\u00e0m vi\u1ec7c tr\u00ean cao v\u00e0 C\u1ee9u h\u1ed9 n\u00e0y \u0111\u01b0\u1ee3c thi\u1ebft k\u1ebf \u0111\u1ec3 \u0111\u00e0o t\u1ea1o c\u00e1c c\u00e1 nh\u00e2n v\u1ec1 c\u00e1c quy tr\u00ecnh ti\u1ebfp c\u1eadn v\u00e0 c\u1ee9u h\u1ed9 ch\u00ednh x\u00e1c khi l\u00e0m vi\u1ec7c tr\u00ean cao trong c\u00e1c trang tr\u1ea1i gi\u00f3. Kh\u00f3a h\u1ecdc bao g\u1ed3m th\u00f4ng tin l\u00fd thuy\u1ebft trong m\u00f4i tr\u01b0\u1eddng l\u1edbp&hellip;<\/p>\n","protected":false},"author":1,"featured_media":0,"parent":2784,"menu_order":0,"comment_status":"closed","ping_status":"closed","template":"","meta":[],"_links":{"self":[{"href":"https:\/\/bsdgroup.com.vn\/vi\/wp-json\/wp\/v2\/pages\/2786"}],"collection":[{"href":"https:\/\/bsdgroup.com.vn\/vi\/wp-json\/wp\/v2\/pages"}],"about":[{"href":"https:\/\/bsdgroup.com.vn\/vi\/wp-json\/wp\/v2\/types\/page"}],"author":[{"embeddable":true,"href":"https:\/\/bsdgroup.com.vn\/vi\/wp-json\/wp\/v2\/users\/1"}],"replies":[{"embeddable":true,"href":"https:\/\/bsdgroup.com.vn\/vi\/wp-json\/wp\/v2\/comments?post=2786"}],"version-history":[{"count":1,"href":"https:\/\/bsdgroup.com.vn\/vi\/wp-json\/wp\/v2\/pages\/2786\/revisions"}],"predecessor-version":[{"id":2787,"href":"https:\/\/bsdgroup.com.vn\/vi\/wp-json\/wp\/v2\/pages\/2786\/revisions\/2787"}],"up":[{"embeddable":true,"href":"https:\/\/bsdgroup.com.vn\/vi\/wp-json\/wp\/v2\/pages\/2784"}],"wp:attachment":[{"href":"https:\/\/bsdgroup.com.vn\/vi\/wp-json\/wp\/v2\/media?parent=2786"}],"curies":[{"name":"wp","href":"https:\/\/api.w.org\/{rel}","templated":true}]}}