{"id":2782,"date":"2025-01-14T15:32:59","date_gmt":"2025-01-14T08:32:59","guid":{"rendered":"https:\/\/bsdgroup.com.vn\/?page_id=2782"},"modified":"2025-01-14T15:32:59","modified_gmt":"2025-01-14T08:32:59","slug":"khoa-hoc-boi-duong-sinh-ton-tren-bien-sinh-ton-tren-bien-gwo","status":"publish","type":"page","link":"https:\/\/bsdgroup.com.vn\/vi\/khoa-hoc-boi-duong-sinh-ton-tren-bien-sinh-ton-tren-bien-gwo","title":{"rendered":"Kh\u00f3a h\u1ecdc b\u1ed3i d\u01b0\u1ee1ng sinh t\u1ed3n tr\u00ean bi\u1ec3n \/ Sinh t\u1ed3n tr\u00ean bi\u1ec3n GWO"},"content":{"rendered":"<p>T\u00f3m t\u1eaft:<br \/>\nKh\u00f3a h\u1ecdc Sinh t\u1ed3n Bi\u1ec3n GWO c\u00f3 m\u1ed9t bu\u1ed5i h\u1ecdc \u0111\u01b0\u1ee3c thi\u1ebft k\u1ebf \u0111\u1ec3 cho ph\u00e9p c\u00e1c c\u00e1 nh\u00e2n th\u1ec3 hi\u1ec7n s\u1ef1 hi\u1ec3u bi\u1ebft t\u1ed1t v\u1ec1: lu\u1eadt li\u00ean quan \u0111\u1ebfn sinh t\u1ed3n tr\u00ean bi\u1ec3n \u1edf V\u01b0\u01a1ng qu\u1ed1c Anh, ph\u01a1i nhi\u1ec5m, h\u1ea1 th\u00e2n nhi\u1ec7t, \u0111u\u1ed1i n\u01b0\u1edbc, thi\u1ebft b\u1ecb c\u1ee9u sinh, PPE v\u00e0 qu\u00e1 tr\u00ecnh chuy\u1ec3n giao. Ti\u1ebfp theo l\u00e0 c\u00e1c bu\u1ed5i th\u1ef1c h\u00e0nh th\u1ef1c t\u1ebf trong b\u1ec3 b\u01a1i sinh t\u1ed3n chuy\u00ean d\u1ee5ng cho ph\u00e9p c\u00e1c c\u00e1 nh\u00e2n th\u1ec3 hi\u1ec7n c\u00e1c k\u1ef9 thu\u1eadt sinh t\u1ed3n c\u00e1 nh\u00e2n v\u00e0 nh\u00f3m ch\u00ednh x\u00e1c.<br \/>\nL\u00fd Thuy\u1ebft:<br \/>\n\u2022\tLu\u1eadt li\u00ean quan \u0111\u1ebfn s\u1ef1 t\u1ed3n t\u1ea1i tr\u00ean bi\u1ec3n \u1edf V\u01b0\u01a1ng qu\u1ed1c Anh<br \/>\n\u2022\tTi\u1ebfp x\u00fac, h\u1ea1 th\u00e2n nhi\u1ec7t v\u00e0 \u0111u\u1ed1i n\u01b0\u1edbc<br \/>\n\u2022\tThi\u1ebft b\u1ecb c\u1ee9u sinh v\u00e0 PPE<br \/>\n\u2022\tQu\u00e1 tr\u00ecnh chuy\u1ec3n nh\u01b0\u1ee3ng<br \/>\n\u2022\tNg\u01b0\u1eddi \u0111\u00e0n \u00f4ng xu\u1ed1ng bi\u1ec3n<br \/>\n\u2022\tK\u1ef9 thu\u1eadt giao ti\u1ebfp<br \/>\nTh\u1ef1c t\u1ebf:<br \/>\n\u2022\tK\u1ef9 thu\u1eadt sinh t\u1ed3n tr\u00ean bi\u1ec3n v\u00e0 ng\u01b0\u1eddi xu\u1ed1ng bi\u1ec3n<br \/>\n\u2022\tK\u1ef9 thu\u1eadt chuy\u1ec3n<br \/>\n\u0110i\u1ec1u ki\u1ec7n ti\u00ean quy\u1ebft:<br \/>\nKh\u00f3a h\u1ecdc GWO Sea Survival c\u00f3 th\u1ec3 \u0111\u00f2i h\u1ecfi th\u1ec3 ch\u1ea5t v\u00e0 \u0111\u1ec3 tham gia kh\u00f3a \u0111\u00e0o t\u1ea1o, b\u1ea1n ph\u1ea3i \u0111\u1ee7 s\u1ee9c kh\u1ecfe v\u00e0 c\u00f3 kh\u1ea3 n\u0103ng tham gia \u0111\u1ea7y \u0111\u1ee7.<br \/>\nB\u1ea1n ph\u1ea3i cung c\u1ea5p cho ch\u00fang t\u00f4i b\u1ea3n sao gi\u1ea5y ch\u1ee9ng nh\u1eadn y t\u1ebf h\u1ee3p l\u1ec7, hi\u1ec7n h\u00e0nh \u0111\u1ec3 l\u00e0m b\u1eb1ng ch\u1ee9ng v\u1ec1 s\u1ee9c kh\u1ecfe g\u1ea7n \u0111\u00e2y c\u1ee7a b\u1ea1n.<br \/>\nC\u00e1c \u0111i\u1ec1u ki\u1ec7n ti\u00ean quy\u1ebft kh\u00e1c:<br \/>\n\u2022\tGi\u1ea5y ch\u1ee9ng nh\u1eadn GWO l\u00e0m vi\u1ec7c tr\u00ean cao h\u1ee3p l\u1ec7<br \/>\n\u2022\tB\u1ea1n ph\u1ea3i cung c\u1ea5p gi\u1ea5y t\u1edd t\u00f9y th\u00e2n c\u00f3 \u1ea3nh h\u1ee3p l\u1ec7 nh\u01b0 H\u1ed9 chi\u1ebfu ho\u1eb7c Gi\u1ea5y ph\u00e9p l\u00e1i xe<br \/>\n\u2022\tB\u1ea1n ph\u1ea3i t\u1eeb 18+ tu\u1ed5i<br \/>\n\u2022\tKh\u00f3a h\u1ecdc n\u00e0y \u0111\u01b0\u1ee3c t\u1ed5 ch\u1ee9c b\u1eb1ng ti\u1ebfng Anh v\u00e0 do \u0111\u00f3 b\u1ea1n ph\u1ea3i c\u00f3 m\u1ee9c \u0111\u1ed9 l\u01b0u lo\u00e1t ph\u00f9 h\u1ee3p \u0111\u1ec3 tham gia.<\/p>\n","protected":false},"excerpt":{"rendered":"<p>T\u00f3m t\u1eaft: Kh\u00f3a h\u1ecdc Sinh t\u1ed3n Bi\u1ec3n GWO c\u00f3 m\u1ed9t bu\u1ed5i h\u1ecdc \u0111\u01b0\u1ee3c thi\u1ebft k\u1ebf \u0111\u1ec3 cho ph\u00e9p c\u00e1c c\u00e1 nh\u00e2n th\u1ec3 hi\u1ec7n s\u1ef1 hi\u1ec3u bi\u1ebft t\u1ed1t v\u1ec1: lu\u1eadt li\u00ean quan \u0111\u1ebfn sinh t\u1ed3n tr\u00ean bi\u1ec3n \u1edf V\u01b0\u01a1ng qu\u1ed1c Anh, ph\u01a1i nhi\u1ec5m, h\u1ea1 th\u00e2n nhi\u1ec7t, \u0111u\u1ed1i n\u01b0\u1edbc, thi\u1ebft b\u1ecb c\u1ee9u sinh, PPE v\u00e0 qu\u00e1 tr\u00ecnh&hellip;<\/p>\n","protected":false},"author":1,"featured_media":0,"parent":0,"menu_order":0,"comment_status":"closed","ping_status":"closed","template":"","meta":[],"_links":{"self":[{"href":"https:\/\/bsdgroup.com.vn\/vi\/wp-json\/wp\/v2\/pages\/2782"}],"collection":[{"href":"https:\/\/bsdgroup.com.vn\/vi\/wp-json\/wp\/v2\/pages"}],"about":[{"href":"https:\/\/bsdgroup.com.vn\/vi\/wp-json\/wp\/v2\/types\/page"}],"author":[{"embeddable":true,"href":"https:\/\/bsdgroup.com.vn\/vi\/wp-json\/wp\/v2\/users\/1"}],"replies":[{"embeddable":true,"href":"https:\/\/bsdgroup.com.vn\/vi\/wp-json\/wp\/v2\/comments?post=2782"}],"version-history":[{"count":1,"href":"https:\/\/bsdgroup.com.vn\/vi\/wp-json\/wp\/v2\/pages\/2782\/revisions"}],"predecessor-version":[{"id":2783,"href":"https:\/\/bsdgroup.com.vn\/vi\/wp-json\/wp\/v2\/pages\/2782\/revisions\/2783"}],"wp:attachment":[{"href":"https:\/\/bsdgroup.com.vn\/vi\/wp-json\/wp\/v2\/media?parent=2782"}],"curies":[{"name":"wp","href":"https:\/\/api.w.org\/{rel}","templated":true}]}}