{"id":2779,"date":"2025-01-14T15:31:10","date_gmt":"2025-01-14T08:31:10","guid":{"rendered":"https:\/\/bsdgroup.com.vn\/?page_id=2779"},"modified":"2025-01-14T15:31:10","modified_gmt":"2025-01-14T08:31:10","slug":"dao-tao-ky-thuat-co-ban-gwo-thuy-luc","status":"publish","type":"page","link":"https:\/\/bsdgroup.com.vn\/vi\/dich-vu\/dao-tao-nghe\/dao-tao-nang-luong-tai-tao\/dao-tao-ky-thuat-co-ban-cong-nghe-tuabin-gio\/dao-tao-ky-thuat-co-ban-gwo-thuy-luc","title":{"rendered":"\u0110\u00e0o t\u1ea1o k\u1ef9 thu\u1eadt c\u01a1 b\u1ea3n GWO th\u1ee7y l\u1ef1c"},"content":{"rendered":"<p>M\u1ee5c \u0111\u00edch:<br \/>\nM\u1ee5c \u0111\u00edch c\u1ee7a M\u00f4-\u0111un th\u1ee7y l\u1ef1c BTT l\u00e0 cung c\u1ea5p cho c\u00e1c \u0111\u1ea1i bi\u1ec3u ki\u1ebfn th\u1ee9c v\u00e0 k\u1ef9 n\u0103ng \u0111\u1ec3 th\u1ef1c hi\u1ec7n c\u00e1c nhi\u1ec7m v\u1ee5 th\u1ee7y l\u1ef1c c\u01a1 b\u1ea3n (\u0111\u01b0\u1ee3c gi\u00e1m s\u00e1t b\u1edfi k\u1ef9 thu\u1eadt vi\u00ean c\u00f3 kinh nghi\u1ec7m), s\u1eed d\u1ee5ng c\u00e1c quy tr\u00ecnh l\u00e0m vi\u1ec7c an to\u00e0n v\u00e0 trang b\u1ecb b\u1ea3o h\u1ed9 c\u00e1 nh\u00e2n ph\u00f9 h\u1ee3p.<br \/>\nN\u1ed9i dung:<br \/>\n\u2022\tSau khi ho\u00e0n th\u00e0nh kh\u00f3a h\u1ecdc, c\u00e1c \u0111\u1ea1i bi\u1ec3u s\u1ebd \u0111\u1ea1t \u0111\u01b0\u1ee3c c\u00e1c k\u1ef9 n\u0103ng v\u00e0 ki\u1ebfn th\u1ee9c c\u01a1 b\u1ea3n v\u1ec1:<br \/>\n\u2022\tKi\u1ebfn th\u1ee9c c\u01a1 b\u1ea3n v\u1ec1 th\u1ee7y l\u1ef1c.<br \/>\n\u2022\tR\u1ee7i ro v\u00e0 nguy c\u01a1 li\u00ean quan \u0111\u1ebfn c\u00f4ng vi\u1ec7c th\u1ee7y l\u1ef1c.<br \/>\n\u2022\tCh\u1ee9c n\u0103ng c\u1ee7a c\u00e1c lo\u1ea1i m\u00e1y b\u01a1m, thi\u1ebft b\u1ecb truy\u1ec1n \u0111\u1ed9ng v\u00e0 van kh\u00e1c nhau.<br \/>\n\u2022\tCh\u1ee9c n\u0103ng c\u1ee7a b\u1ed9 t\u00edch l\u0169y v\u00e0 c\u00e1ch ki\u1ec3m tra v\u00e0 s\u1ea1c tr\u01b0\u1edbc ch\u00fang.<br \/>\n\u2022\tCh\u1ee9c n\u0103ng c\u1ee7a c\u00e1c lo\u1ea1i c\u1ea3m bi\u1ebfn kh\u00e1c nhau.<br \/>\n\u2022\tX\u00e1c \u0111\u1ecbnh c\u00e1c th\u00e0nh ph\u1ea7n truy\u1ec1n d\u1ea7u.<br \/>\n\u2022\tQuy tr\u00ecnh x\u1eed l\u00fd d\u1ea7u.<br \/>\n\u2022\tX\u00e1c \u0111\u1ecbnh c\u00e1c th\u00e0nh ph\u1ea7n s\u01a1 \u0111\u1ed3 th\u1ee7y l\u1ef1c kh\u00e1c nhau.<br \/>\n\u2022\t\u0110o ch\u00ednh x\u00e1c \u00e1p su\u1ea5t th\u1ee7y l\u1ef1c.<br \/>\nY\u00eau c\u1ea7u nh\u1eadp h\u1ecdc:<br \/>\nCh\u1ecdn ID WINDA<br \/>\nH\u1ee3p l\u1ec7:<br \/>\nKh\u00f4ng h\u1ebft h\u1ea1n<br \/>\nTr\u01b0\u1eddng \u0111\u1ed9:<br \/>\n1,5 ng\u00e0y<br \/>\nTham gia:<br \/>\nT\u1ed1i \u0111a 12 ng\u01b0\u1eddi tham gia<br \/>\nNg\u00f4n ng\u1eef:<br \/>\nTi\u1ebfng Anh<\/p>\n<blockquote class=\"wp-embedded-content\" data-secret=\"BuSsje7P0q\"><p><a href=\"https:\/\/e-windacademy.com\/training-list\/\">Training<\/a><\/p><\/blockquote>\n<p><iframe class=\"wp-embedded-content\" sandbox=\"allow-scripts\" security=\"restricted\" style=\"position: absolute; clip: rect(1px, 1px, 1px, 1px);\" title=\"&#8222;Training&#8221; &#8212; EWA Academy\" src=\"https:\/\/e-windacademy.com\/training-list\/embed\/#?secret=cnms6HvZUT#?secret=BuSsje7P0q\" data-secret=\"BuSsje7P0q\" width=\"500\" height=\"282\" frameborder=\"0\" marginwidth=\"0\" marginheight=\"0\" scrolling=\"no\"><\/iframe><\/p>\n","protected":false},"excerpt":{"rendered":"<p>M\u1ee5c \u0111\u00edch: M\u1ee5c \u0111\u00edch c\u1ee7a M\u00f4-\u0111un th\u1ee7y l\u1ef1c BTT l\u00e0 cung c\u1ea5p cho c\u00e1c \u0111\u1ea1i bi\u1ec3u ki\u1ebfn th\u1ee9c v\u00e0 k\u1ef9 n\u0103ng \u0111\u1ec3 th\u1ef1c hi\u1ec7n c\u00e1c nhi\u1ec7m v\u1ee5 th\u1ee7y l\u1ef1c c\u01a1 b\u1ea3n (\u0111\u01b0\u1ee3c gi\u00e1m s\u00e1t b\u1edfi k\u1ef9 thu\u1eadt vi\u00ean c\u00f3 kinh nghi\u1ec7m), s\u1eed d\u1ee5ng c\u00e1c quy tr\u00ecnh l\u00e0m vi\u1ec7c an to\u00e0n v\u00e0 trang b\u1ecb b\u1ea3o h\u1ed9&hellip;<\/p>\n","protected":false},"author":1,"featured_media":0,"parent":2752,"menu_order":0,"comment_status":"closed","ping_status":"closed","template":"","meta":[],"_links":{"self":[{"href":"https:\/\/bsdgroup.com.vn\/vi\/wp-json\/wp\/v2\/pages\/2779"}],"collection":[{"href":"https:\/\/bsdgroup.com.vn\/vi\/wp-json\/wp\/v2\/pages"}],"about":[{"href":"https:\/\/bsdgroup.com.vn\/vi\/wp-json\/wp\/v2\/types\/page"}],"author":[{"embeddable":true,"href":"https:\/\/bsdgroup.com.vn\/vi\/wp-json\/wp\/v2\/users\/1"}],"replies":[{"embeddable":true,"href":"https:\/\/bsdgroup.com.vn\/vi\/wp-json\/wp\/v2\/comments?post=2779"}],"version-history":[{"count":1,"href":"https:\/\/bsdgroup.com.vn\/vi\/wp-json\/wp\/v2\/pages\/2779\/revisions"}],"predecessor-version":[{"id":2781,"href":"https:\/\/bsdgroup.com.vn\/vi\/wp-json\/wp\/v2\/pages\/2779\/revisions\/2781"}],"up":[{"embeddable":true,"href":"https:\/\/bsdgroup.com.vn\/vi\/wp-json\/wp\/v2\/pages\/2752"}],"wp:attachment":[{"href":"https:\/\/bsdgroup.com.vn\/vi\/wp-json\/wp\/v2\/media?parent=2779"}],"curies":[{"name":"wp","href":"https:\/\/api.w.org\/{rel}","templated":true}]}}