{"id":2777,"date":"2025-01-14T15:30:03","date_gmt":"2025-01-14T08:30:03","guid":{"rendered":"https:\/\/bsdgroup.com.vn\/?page_id=2777"},"modified":"2025-01-14T15:30:03","modified_gmt":"2025-01-14T08:30:03","slug":"dao-tao-ky-thuat-co-ban-gwo-ve-dien","status":"publish","type":"page","link":"https:\/\/bsdgroup.com.vn\/vi\/dich-vu\/dao-tao-nghe\/dao-tao-nang-luong-tai-tao\/dao-tao-ky-thuat-co-ban-cong-nghe-tuabin-gio\/dao-tao-ky-thuat-co-ban-gwo-ve-dien","title":{"rendered":"\u0110\u00e0o t\u1ea1o k\u1ef9 thu\u1eadt c\u01a1 b\u1ea3n GWO v\u1ec1 \u0111i\u1ec7n"},"content":{"rendered":"<p>M\u1ee5c \u0111\u00edch:<br \/>\nM\u1ee5c \u0111\u00edch c\u1ee7a M\u00f4-\u0111un \u0110i\u1ec7n BTT l\u00e0 cung c\u1ea5p cho c\u00e1c \u0111\u1ea1i bi\u1ec3u ki\u1ebfn th\u1ee9c v\u00e0 k\u1ef9 n\u0103ng \u0111\u1ec3 th\u1ef1c hi\u1ec7n c\u00e1c nhi\u1ec7m v\u1ee5 \u0111i\u1ec7n c\u01a1 b\u1ea3n (\u0111\u01b0\u1ee3c gi\u00e1m s\u00e1t b\u1edfi k\u1ef9 thu\u1eadt vi\u00ean c\u00f3 kinh nghi\u1ec7m) b\u1eb1ng c\u00e1ch s\u1eed d\u1ee5ng c\u00e1c quy tr\u00ecnh l\u00e0m vi\u1ec7c an to\u00e0n v\u00e0 trang b\u1ecb b\u1ea3o h\u1ed9 c\u00e1 nh\u00e2n ph\u00f9 h\u1ee3p.<br \/>\nN\u1ed9i dung:<br \/>\n\u2022\tSau khi ho\u00e0n th\u00e0nh kh\u00f3a h\u1ecdc, c\u00e1c \u0111\u1ea1i bi\u1ec3u s\u1ebd \u0111\u1ea1t \u0111\u01b0\u1ee3c c\u00e1c k\u1ef9 n\u0103ng v\u00e0 ki\u1ebfn th\u1ee9c c\u01a1 b\u1ea3n v\u1ec1:<br \/>\n\u2022\tKh\u00e1i ni\u1ec7m c\u01a1 b\u1ea3n v\u1ec1 \u0111i\u1ec7n.<br \/>\n\u2022\tR\u1ee7i ro v\u00e0 m\u1ed1i nguy hi\u1ec3m li\u00ean quan \u0111\u1ebfn c\u00f4ng vi\u1ec7c \u0111i\u1ec7n.<br \/>\n\u2022\tCh\u1ee9c n\u0103ng v\u00e0 k\u00fd hi\u1ec7u c\u1ee7a linh ki\u1ec7n \u0111i\u1ec7n.<br \/>\n\u2022\tCh\u1ee9c n\u0103ng c\u1ee7a c\u00e1c lo\u1ea1i c\u1ea3m bi\u1ebfn kh\u00e1c nhau.<br \/>\n\u2022\tS\u01a1 \u0111\u1ed3 \u0111i\u1ec7n \u0111\u01a1n gi\u1ea3n v\u00e0 l\u1eafp r\u00e1p n\u00f3 tr\u00ean m\u1ed9t m\u1ea1ch.<br \/>\n\u2022\tTh\u1ef1c hi\u1ec7n c\u00e1c ph\u00e9p \u0111o ch\u00ednh x\u00e1c v\u00e0 an to\u00e0n.<br \/>\nY\u00eau c\u1ea7u nh\u1eadp h\u1ecdc:<br \/>\nCh\u1ecdn ID WINDA<br \/>\nH\u1ee3p l\u1ec7:<br \/>\nKh\u00f4ng h\u1ebft h\u1ea1n<br \/>\nTr\u01b0\u1eddng \u0111\u1ed9:<br \/>\n1,5 ng\u00e0y<br \/>\nTham gia:<br \/>\nT\u1ed1i \u0111a 12 ng\u01b0\u1eddi tham gia<br \/>\nNg\u00f4n ng\u1eef:<br \/>\nTi\u1ebfng Anh<\/p>\n","protected":false},"excerpt":{"rendered":"<p>M\u1ee5c \u0111\u00edch: M\u1ee5c \u0111\u00edch c\u1ee7a M\u00f4-\u0111un \u0110i\u1ec7n BTT l\u00e0 cung c\u1ea5p cho c\u00e1c \u0111\u1ea1i bi\u1ec3u ki\u1ebfn th\u1ee9c v\u00e0 k\u1ef9 n\u0103ng \u0111\u1ec3 th\u1ef1c hi\u1ec7n c\u00e1c nhi\u1ec7m v\u1ee5 \u0111i\u1ec7n c\u01a1 b\u1ea3n (\u0111\u01b0\u1ee3c gi\u00e1m s\u00e1t b\u1edfi k\u1ef9 thu\u1eadt vi\u00ean c\u00f3 kinh nghi\u1ec7m) b\u1eb1ng c\u00e1ch s\u1eed d\u1ee5ng c\u00e1c quy tr\u00ecnh l\u00e0m vi\u1ec7c an to\u00e0n v\u00e0 trang b\u1ecb b\u1ea3o h\u1ed9&hellip;<\/p>\n","protected":false},"author":1,"featured_media":0,"parent":2752,"menu_order":0,"comment_status":"closed","ping_status":"closed","template":"","meta":[],"_links":{"self":[{"href":"https:\/\/bsdgroup.com.vn\/vi\/wp-json\/wp\/v2\/pages\/2777"}],"collection":[{"href":"https:\/\/bsdgroup.com.vn\/vi\/wp-json\/wp\/v2\/pages"}],"about":[{"href":"https:\/\/bsdgroup.com.vn\/vi\/wp-json\/wp\/v2\/types\/page"}],"author":[{"embeddable":true,"href":"https:\/\/bsdgroup.com.vn\/vi\/wp-json\/wp\/v2\/users\/1"}],"replies":[{"embeddable":true,"href":"https:\/\/bsdgroup.com.vn\/vi\/wp-json\/wp\/v2\/comments?post=2777"}],"version-history":[{"count":1,"href":"https:\/\/bsdgroup.com.vn\/vi\/wp-json\/wp\/v2\/pages\/2777\/revisions"}],"predecessor-version":[{"id":2778,"href":"https:\/\/bsdgroup.com.vn\/vi\/wp-json\/wp\/v2\/pages\/2777\/revisions\/2778"}],"up":[{"embeddable":true,"href":"https:\/\/bsdgroup.com.vn\/vi\/wp-json\/wp\/v2\/pages\/2752"}],"wp:attachment":[{"href":"https:\/\/bsdgroup.com.vn\/vi\/wp-json\/wp\/v2\/media?parent=2777"}],"curies":[{"name":"wp","href":"https:\/\/api.w.org\/{rel}","templated":true}]}}