{"id":2775,"date":"2025-01-14T15:29:17","date_gmt":"2025-01-14T08:29:17","guid":{"rendered":"https:\/\/bsdgroup.com.vn\/?page_id=2775"},"modified":"2025-01-14T15:29:17","modified_gmt":"2025-01-14T08:29:17","slug":"dao-tao-ky-thuat-co-ban-gwo-co-khi","status":"publish","type":"page","link":"https:\/\/bsdgroup.com.vn\/vi\/dich-vu\/dao-tao-nghe\/dao-tao-nang-luong-tai-tao\/dao-tao-ky-thuat-co-ban-cong-nghe-tuabin-gio\/dao-tao-ky-thuat-co-ban-gwo-co-khi","title":{"rendered":"\u0110\u00e0o t\u1ea1o k\u1ef9 thu\u1eadt c\u01a1 b\u1ea3n GWO c\u01a1 kh\u00ed"},"content":{"rendered":"<p>M\u1ee5c \u0111\u00edch:<br \/>\nM\u1ee5c \u0111\u00edch c\u1ee7a M\u00f4-\u0111un C\u01a1 kh\u00ed BTT l\u00e0 cung c\u1ea5p cho c\u00e1c \u0111\u1ea1i bi\u1ec3u ki\u1ebfn th\u1ee9c v\u00e0 k\u1ef9 n\u0103ng \u0111\u1ec3 th\u1ef1c hi\u1ec7n c\u00e1c nhi\u1ec7m v\u1ee5 c\u01a1 kh\u00ed c\u01a1 b\u1ea3n (\u0111\u01b0\u1ee3c gi\u00e1m s\u00e1t b\u1edfi k\u1ef9 thu\u1eadt vi\u00ean c\u00f3 kinh nghi\u1ec7m), s\u1eed d\u1ee5ng c\u00e1c quy tr\u00ecnh l\u00e0m vi\u1ec7c an to\u00e0n v\u00e0 trang b\u1ecb b\u1ea3o h\u1ed9 c\u00e1 nh\u00e2n ph\u00f9 h\u1ee3p.<br \/>\nN\u1ed9i dung:<br \/>\n\u2022\tSau khi ho\u00e0n th\u00e0nh kh\u00f3a h\u1ecdc, c\u00e1c \u0111\u1ea1i bi\u1ec3u s\u1ebd \u0111\u1ea1t \u0111\u01b0\u1ee3c c\u00e1c k\u1ef9 n\u0103ng v\u00e0 ki\u1ebfn th\u1ee9c c\u01a1 b\u1ea3n v\u1ec1:<br \/>\n\u2022\tC\u00e1c th\u00e0nh ph\u1ea7n ch\u00ednh, h\u1ec7 th\u1ed1ng c\u01a1 kh\u00ed v\u00e0 ho\u1ea1t \u0111\u1ed9ng c\u01a1 b\u1ea3n c\u1ee7a tuabin gi\u00f3.<br \/>\n\u2022\tR\u1ee7i ro v\u00e0 m\u1ed1i nguy hi\u1ec3m li\u00ean quan khi l\u00e0m vi\u1ec7c v\u1edbi h\u1ec7 th\u1ed1ng c\u01a1 kh\u00ed.<br \/>\n\u2022\tNguy\u00ean t\u1eafc k\u1ebft n\u1ed1i b\u1eaft v\u00edt v\u00e0 h\u00e0n v\u00e0 ki\u1ec3m tra ch\u00fang.<br \/>\n\u2022\tS\u1eed d\u1ee5ng th\u1ef1c t\u1ebf c\u00e1c c\u00f4ng c\u1ee5 \u0111o v\u00e0 si\u1ebft b\u1eb1ng tay.<br \/>\n\u2022\tS\u1eed d\u1ee5ng \u0111\u00fang m\u00f4-men xo\u1eafn th\u1ee7y l\u1ef1c v\u00e0 c\u00e1c c\u00f4ng c\u1ee5 c\u0103ng.<br \/>\n\u2022\tNguy\u00ean t\u1eafc c\u1ee7a h\u1ed9p s\u1ed1.<br \/>\n\u2022\tCh\u1ee9c n\u0103ng c\u1ee7a h\u1ec7 th\u1ed1ng phanh, \u0111\u1ed9 v\u00f5ng, l\u00e0m m\u00e1t v\u00e0 b\u00f4i tr\u01a1n v\u00e0 \u0111i\u1ec1u khi\u1ec3n c\u1ee7a ch\u00fang.<br \/>\nY\u00eau c\u1ea7u nh\u1eadp h\u1ecdc:<br \/>\nCh\u1ecdn ID WINDA<br \/>\nH\u1ee3p l\u1ec7:<br \/>\nKh\u00f4ng h\u1ebft h\u1ea1n<br \/>\nTr\u01b0\u1eddng \u0111\u1ed9:<br \/>\n2 ng\u00e0y<br \/>\nTham gia:<br \/>\nT\u1ed1i \u0111a 12 ng\u01b0\u1eddi tham gia<br \/>\nNg\u00f4n ng\u1eef:<br \/>\nTi\u1ebfng Anh<\/p>\n","protected":false},"excerpt":{"rendered":"<p>M\u1ee5c \u0111\u00edch: M\u1ee5c \u0111\u00edch c\u1ee7a M\u00f4-\u0111un C\u01a1 kh\u00ed BTT l\u00e0 cung c\u1ea5p cho c\u00e1c \u0111\u1ea1i bi\u1ec3u ki\u1ebfn th\u1ee9c v\u00e0 k\u1ef9 n\u0103ng \u0111\u1ec3 th\u1ef1c hi\u1ec7n c\u00e1c nhi\u1ec7m v\u1ee5 c\u01a1 kh\u00ed c\u01a1 b\u1ea3n (\u0111\u01b0\u1ee3c gi\u00e1m s\u00e1t b\u1edfi k\u1ef9 thu\u1eadt vi\u00ean c\u00f3 kinh nghi\u1ec7m), s\u1eed d\u1ee5ng c\u00e1c quy tr\u00ecnh l\u00e0m vi\u1ec7c an to\u00e0n v\u00e0 trang b\u1ecb b\u1ea3o h\u1ed9&hellip;<\/p>\n","protected":false},"author":1,"featured_media":0,"parent":2752,"menu_order":0,"comment_status":"closed","ping_status":"closed","template":"","meta":[],"_links":{"self":[{"href":"https:\/\/bsdgroup.com.vn\/vi\/wp-json\/wp\/v2\/pages\/2775"}],"collection":[{"href":"https:\/\/bsdgroup.com.vn\/vi\/wp-json\/wp\/v2\/pages"}],"about":[{"href":"https:\/\/bsdgroup.com.vn\/vi\/wp-json\/wp\/v2\/types\/page"}],"author":[{"embeddable":true,"href":"https:\/\/bsdgroup.com.vn\/vi\/wp-json\/wp\/v2\/users\/1"}],"replies":[{"embeddable":true,"href":"https:\/\/bsdgroup.com.vn\/vi\/wp-json\/wp\/v2\/comments?post=2775"}],"version-history":[{"count":1,"href":"https:\/\/bsdgroup.com.vn\/vi\/wp-json\/wp\/v2\/pages\/2775\/revisions"}],"predecessor-version":[{"id":2776,"href":"https:\/\/bsdgroup.com.vn\/vi\/wp-json\/wp\/v2\/pages\/2775\/revisions\/2776"}],"up":[{"embeddable":true,"href":"https:\/\/bsdgroup.com.vn\/vi\/wp-json\/wp\/v2\/pages\/2752"}],"wp:attachment":[{"href":"https:\/\/bsdgroup.com.vn\/vi\/wp-json\/wp\/v2\/media?parent=2775"}],"curies":[{"name":"wp","href":"https:\/\/api.w.org\/{rel}","templated":true}]}}