{"id":2773,"date":"2025-01-14T15:28:18","date_gmt":"2025-01-14T08:28:18","guid":{"rendered":"https:\/\/bsdgroup.com.vn\/?page_id=2773"},"modified":"2025-01-14T15:28:18","modified_gmt":"2025-01-14T08:28:18","slug":"cai-dat-dao-tao-ky-thuat-co-ban-gwo","status":"publish","type":"page","link":"https:\/\/bsdgroup.com.vn\/vi\/dich-vu\/dao-tao-nghe\/dao-tao-nang-luong-tai-tao\/dao-tao-ky-thuat-co-ban-cong-nghe-tuabin-gio\/cai-dat-dao-tao-ky-thuat-co-ban-gwo","title":{"rendered":"C\u00e0i \u0111\u1eb7t \u0111\u00e0o t\u1ea1o k\u1ef9 thu\u1eadt c\u01a1 b\u1ea3n GWO"},"content":{"rendered":"<p>M\u1ee5c \u0111\u00edch c\u1ee7a M\u00f4-\u0111un c\u00e0i \u0111\u1eb7t BTT n\u00e0y l\u00e0 cung c\u1ea5p cho c\u00e1c \u0111\u1ea1i bi\u1ec3u ki\u1ebfn th\u1ee9c v\u00e0 k\u1ef9 n\u0103ng \u0111\u1ec3 th\u1ef1c hi\u1ec7n c\u00e1c nhi\u1ec7m v\u1ee5 l\u1eafp \u0111\u1eb7t c\u01a1 b\u1ea3n (\u0111\u01b0\u1ee3c gi\u00e1m s\u00e1t b\u1edfi k\u1ef9 thu\u1eadt vi\u00ean c\u00f3 kinh nghi\u1ec7m), s\u1eed d\u1ee5ng c\u00e1c quy tr\u00ecnh l\u00e0m vi\u1ec7c an to\u00e0n v\u00e0 trang b\u1ecb b\u1ea3o h\u1ed9 c\u00e1 nh\u00e2n ph\u00f9 h\u1ee3p.<br \/>\nN\u1ed9i dung:<br \/>\n\u2022\tSau khi ho\u00e0n th\u00e0nh kh\u00f3a h\u1ecdc, c\u00e1c \u0111\u1ea1i bi\u1ec3u s\u1ebd \u0111\u1ea1t \u0111\u01b0\u1ee3c c\u00e1c k\u1ef9 n\u0103ng v\u00e0 ki\u1ebfn th\u1ee9c c\u01a1 b\u1ea3n v\u1ec1:<br \/>\n\u2022\tC\u00e1c ho\u1ea1t \u0111\u1ed9ng l\u1eafp \u0111\u1eb7t ch\u00ednh v\u00e0 c\u00e1c r\u1ee7i ro v\u00e0 nguy c\u01a1 t\u1ed5ng th\u1ec3 li\u00ean quan \u0111\u1ebfn m\u00f4i tr\u01b0\u1eddng l\u1eafp \u0111\u1eb7t<br \/>\n\u2022\tH\u1ec7 th\u1ed1ng checklist trong su\u1ed1t qu\u00e1 tr\u00ecnh c\u00e0i \u0111\u1eb7t ho\u00e0n ch\u1ec9nh<br \/>\n\u2022\t\u0110\u1eb7c \u0111i\u1ec3m c\u1ee7a m\u00f4i tr\u01b0\u1eddng l\u1eafp \u0111\u1eb7t<br \/>\n\u2022\tNguy\u00ean t\u1eafc v\u00e0 ti\u00eau chu\u1ea9n x\u1eed l\u00fd v\u00e0 l\u01b0u tr\u1eef h\u00e0ng h\u00f3a v\u00e0 linh ki\u1ec7n tr\u01b0\u1edbc v\u00e0 sau khi l\u1eafp \u0111\u1eb7t<br \/>\n\u2022\tNguy\u00ean t\u1eafc ch\u00ednh c\u1ee7a thi\u1ebft b\u1ecb n\u00e2ng<br \/>\n\u2022\tChu\u1ea9n b\u1ecb c\u00e1c th\u00e0nh ph\u1ea7n ch\u00ednh tr\u01b0\u1edbc khi l\u1eafp \u0111\u1eb7t<br \/>\n\u2022\tNguy\u00ean t\u1eafc ho\u00e0n thi\u1ec7n c\u01a1 kh\u00ed, th\u1ee7y l\u1ef1c v\u00e0 \u0111i\u1ec7n<br \/>\n\u2022\tC\u00e1ch th\u1ef1c hi\u1ec7n b\u00e0n giao v\u1eadn h\u00e0nh<br \/>\nY\u00eau c\u1ea7u nh\u1eadp h\u1ecdc:<br \/>\nM\u00f4-\u0111un c\u01a1 kh\u00ed WINDA ID GWO BTT h\u1ee3p l\u1ec7<br \/>\nH\u1ee3p l\u1ec7:<br \/>\nKh\u00f4ng h\u1ebft h\u1ea1n<br \/>\nTr\u01b0\u1eddng \u0111\u1ed9:<br \/>\n3 ng\u00e0y<br \/>\nTham gia:<br \/>\nT\u1ed1i \u0111a 12 ng\u01b0\u1eddi tham gia<br \/>\nNg\u00f4n ng\u1eef:<br \/>\nTi\u1ebfng Anh<\/p>\n","protected":false},"excerpt":{"rendered":"<p>M\u1ee5c \u0111\u00edch c\u1ee7a M\u00f4-\u0111un c\u00e0i \u0111\u1eb7t BTT n\u00e0y l\u00e0 cung c\u1ea5p cho c\u00e1c \u0111\u1ea1i bi\u1ec3u ki\u1ebfn th\u1ee9c v\u00e0 k\u1ef9 n\u0103ng \u0111\u1ec3 th\u1ef1c hi\u1ec7n c\u00e1c nhi\u1ec7m v\u1ee5 l\u1eafp \u0111\u1eb7t c\u01a1 b\u1ea3n (\u0111\u01b0\u1ee3c gi\u00e1m s\u00e1t b\u1edfi k\u1ef9 thu\u1eadt vi\u00ean c\u00f3 kinh nghi\u1ec7m), s\u1eed d\u1ee5ng c\u00e1c quy tr\u00ecnh l\u00e0m vi\u1ec7c an to\u00e0n v\u00e0 trang b\u1ecb b\u1ea3o h\u1ed9 c\u00e1&hellip;<\/p>\n","protected":false},"author":1,"featured_media":0,"parent":2752,"menu_order":0,"comment_status":"closed","ping_status":"closed","template":"","meta":[],"_links":{"self":[{"href":"https:\/\/bsdgroup.com.vn\/vi\/wp-json\/wp\/v2\/pages\/2773"}],"collection":[{"href":"https:\/\/bsdgroup.com.vn\/vi\/wp-json\/wp\/v2\/pages"}],"about":[{"href":"https:\/\/bsdgroup.com.vn\/vi\/wp-json\/wp\/v2\/types\/page"}],"author":[{"embeddable":true,"href":"https:\/\/bsdgroup.com.vn\/vi\/wp-json\/wp\/v2\/users\/1"}],"replies":[{"embeddable":true,"href":"https:\/\/bsdgroup.com.vn\/vi\/wp-json\/wp\/v2\/comments?post=2773"}],"version-history":[{"count":1,"href":"https:\/\/bsdgroup.com.vn\/vi\/wp-json\/wp\/v2\/pages\/2773\/revisions"}],"predecessor-version":[{"id":2774,"href":"https:\/\/bsdgroup.com.vn\/vi\/wp-json\/wp\/v2\/pages\/2773\/revisions\/2774"}],"up":[{"embeddable":true,"href":"https:\/\/bsdgroup.com.vn\/vi\/wp-json\/wp\/v2\/pages\/2752"}],"wp:attachment":[{"href":"https:\/\/bsdgroup.com.vn\/vi\/wp-json\/wp\/v2\/media?parent=2773"}],"curies":[{"name":"wp","href":"https:\/\/api.w.org\/{rel}","templated":true}]}}