{"id":2770,"date":"2025-01-14T15:26:41","date_gmt":"2025-01-14T08:26:41","guid":{"rendered":"https:\/\/bsdgroup.com.vn\/?page_id=2770"},"modified":"2025-01-14T15:26:41","modified_gmt":"2025-01-14T08:26:41","slug":"khoa-hoc-xu-ly-thu-cong-gwo-boi-duong","status":"publish","type":"page","link":"https:\/\/bsdgroup.com.vn\/vi\/dich-vu\/dao-tao-nghe\/dao-tao-nang-luong-tai-tao\/dao-tao-an-toan-co-ban\/khoa-hoc-xu-ly-thu-cong-gwo-boi-duong","title":{"rendered":"Kh\u00f3a h\u1ecdc x\u1eed l\u00fd th\u1ee7 c\u00f4ng GWO &#038; b\u1ed3i d\u01b0\u1ee1ng"},"content":{"rendered":"<p>M\u1ee5c \u0111\u00edch c\u1ee7a m\u00f4-\u0111un X\u1eed l\u00fd th\u1ee7 c\u00f4ng GWO m\u1edf r\u1ed9ng n\u00e0y l\u00e0 khuy\u1ebfn kh\u00edch h\u00e0nh vi x\u1eed l\u00fd th\u1ee7 c\u00f4ng t\u00edch c\u1ef1c trong ng\u00e0nh c\u00f4ng nghi\u1ec7p \u0111i\u1ec7n gi\u00f3 ngo\u00e0i kh\u01a1i. Trong su\u1ed1t kh\u00f3a h\u1ecdc, ch\u00fang t\u00f4i \u0111\u00e0o t\u1ea1o sinh vi\u00ean X\u1eed l\u00fd th\u1ee7 c\u00f4ng GWO v\u1ec1 kh\u1ea3 n\u0103ng th\u1ef1c hi\u1ec7n c\u00e1c nhi\u1ec7m v\u1ee5 x\u1eed l\u00fd th\u1ee7 c\u00f4ng m\u1ed9t c\u00e1ch an to\u00e0n v\u00e0 c\u00e2n nh\u1eafc cho d\u00f9 h\u1ecd \u1edf \u0111\u00e2u. K\u1ebft qu\u1ea3 l\u00e0 m\u1ed9t \u0111\u1ed9i ng\u0169 chuy\u00ean nghi\u1ec7p h\u01a1n, gi\u00e0u kinh nghi\u1ec7m h\u01a1n, \u0111\u01b0\u1ee3c trang b\u1ecb ki\u1ebfn th\u1ee9c \u0111\u1ec3 \u0111\u01b0a ra quy\u1ebft \u0111\u1ecbnh \u0111\u00fang \u0111\u1eafn khi \u0111\u01b0\u1ee3c y\u00eau c\u1ea7u \u2013 \u0111\u1ea3m b\u1ea3o c\u00e1c t\u1ed5 ch\u1ee9c \u0111i\u1ec7n gi\u00f3 ngo\u00e0i kh\u01a1i c\u00f3 \u0111\u1ed9i ng\u0169 nh\u00e2n vi\u00ean \u0111\u01b0\u1ee3c \u0111\u00e0o t\u1ea1o \u0111\u1ea7y \u0111\u1ee7 v\u00e0 c\u00f3 kh\u1ea3 n\u0103ng cho nhi\u1ec1u t\u00ecnh hu\u1ed1ng kh\u00e1c nhau.<br \/>\n\u0110i\u1ec1u ki\u1ec7n ti\u00ean quy\u1ebft:<br \/>\nKh\u00f3a h\u1ecdc X\u1eed l\u00fd th\u1ee7 c\u00f4ng GWO c\u00f3 th\u1ec3 \u0111\u00f2i h\u1ecfi nhi\u1ec1u v\u1ec1 th\u1ec3 ch\u1ea5t v\u00e0 \u0111\u1ec3 tham gia kh\u00f3a \u0111\u00e0o t\u1ea1o, b\u1ea1n ph\u1ea3i \u0111\u1ee7 s\u1ee9c kh\u1ecfe v\u00e0 c\u00f3 kh\u1ea3 n\u0103ng tham gia \u0111\u1ea7y \u0111\u1ee7.<br \/>\nB\u1ea1n ph\u1ea3i cung c\u1ea5p cho ch\u00fang t\u00f4i b\u1ea3n sao gi\u1ea5y ch\u1ee9ng nh\u1eadn y t\u1ebf h\u1ee3p l\u1ec7, hi\u1ec7n h\u00e0nh \u0111\u1ec3 l\u00e0m b\u1eb1ng ch\u1ee9ng v\u1ec1 s\u1ee9c kh\u1ecfe g\u1ea7n \u0111\u00e2y c\u1ee7a b\u1ea1n.<br \/>\nC\u00e1c \u0111i\u1ec1u ki\u1ec7n ti\u00ean quy\u1ebft kh\u00e1c:<br \/>\n\u2022\tB\u1ea1n ph\u1ea3i cung c\u1ea5p gi\u1ea5y t\u1edd t\u00f9y th\u00e2n c\u00f3 \u1ea3nh h\u1ee3p l\u1ec7 nh\u01b0 H\u1ed9 chi\u1ebfu ho\u1eb7c Gi\u1ea5y ph\u00e9p l\u00e1i xe<br \/>\n\u2022\tB\u1ea1n ph\u1ea3i t\u1eeb 18+ tu\u1ed5i<br \/>\n\u2022\tKh\u00f3a h\u1ecdc n\u00e0y \u0111\u01b0\u1ee3c t\u1ed5 ch\u1ee9c b\u1eb1ng ti\u1ebfng Anh v\u00e0 do \u0111\u00f3 b\u1ea1n ph\u1ea3i c\u00f3 m\u1ee9c \u0111\u1ed9 l\u01b0u lo\u00e1t ph\u00f9 h\u1ee3p \u0111\u1ec3 tham gia<br \/>\nNgu\u1ed3n:<br \/>\nhttps:\/\/cwind.global\/training\/courses\/<\/p>\n","protected":false},"excerpt":{"rendered":"<p>M\u1ee5c \u0111\u00edch c\u1ee7a m\u00f4-\u0111un X\u1eed l\u00fd th\u1ee7 c\u00f4ng GWO m\u1edf r\u1ed9ng n\u00e0y l\u00e0 khuy\u1ebfn kh\u00edch h\u00e0nh vi x\u1eed l\u00fd th\u1ee7 c\u00f4ng t\u00edch c\u1ef1c trong ng\u00e0nh c\u00f4ng nghi\u1ec7p \u0111i\u1ec7n gi\u00f3 ngo\u00e0i kh\u01a1i. Trong su\u1ed1t kh\u00f3a h\u1ecdc, ch\u00fang t\u00f4i \u0111\u00e0o t\u1ea1o sinh vi\u00ean X\u1eed l\u00fd th\u1ee7 c\u00f4ng GWO v\u1ec1 kh\u1ea3 n\u0103ng th\u1ef1c hi\u1ec7n c\u00e1c nhi\u1ec7m v\u1ee5 x\u1eed&hellip;<\/p>\n","protected":false},"author":1,"featured_media":0,"parent":2730,"menu_order":0,"comment_status":"closed","ping_status":"closed","template":"","meta":[],"_links":{"self":[{"href":"https:\/\/bsdgroup.com.vn\/vi\/wp-json\/wp\/v2\/pages\/2770"}],"collection":[{"href":"https:\/\/bsdgroup.com.vn\/vi\/wp-json\/wp\/v2\/pages"}],"about":[{"href":"https:\/\/bsdgroup.com.vn\/vi\/wp-json\/wp\/v2\/types\/page"}],"author":[{"embeddable":true,"href":"https:\/\/bsdgroup.com.vn\/vi\/wp-json\/wp\/v2\/users\/1"}],"replies":[{"embeddable":true,"href":"https:\/\/bsdgroup.com.vn\/vi\/wp-json\/wp\/v2\/comments?post=2770"}],"version-history":[{"count":1,"href":"https:\/\/bsdgroup.com.vn\/vi\/wp-json\/wp\/v2\/pages\/2770\/revisions"}],"predecessor-version":[{"id":2772,"href":"https:\/\/bsdgroup.com.vn\/vi\/wp-json\/wp\/v2\/pages\/2770\/revisions\/2772"}],"up":[{"embeddable":true,"href":"https:\/\/bsdgroup.com.vn\/vi\/wp-json\/wp\/v2\/pages\/2730"}],"wp:attachment":[{"href":"https:\/\/bsdgroup.com.vn\/vi\/wp-json\/wp\/v2\/media?parent=2770"}],"curies":[{"name":"wp","href":"https:\/\/api.w.org\/{rel}","templated":true}]}}