{"id":2768,"date":"2025-01-14T15:25:52","date_gmt":"2025-01-14T08:25:52","guid":{"rendered":"https:\/\/bsdgroup.com.vn\/?page_id=2768"},"modified":"2025-01-14T15:25:52","modified_gmt":"2025-01-14T08:25:52","slug":"khoa-hoc-boi-duong-so-cuu-gwo","status":"publish","type":"page","link":"https:\/\/bsdgroup.com.vn\/vi\/dich-vu\/dao-tao-nghe\/dao-tao-nang-luong-tai-tao\/dao-tao-an-toan-co-ban\/khoa-hoc-boi-duong-so-cuu-gwo","title":{"rendered":"Kh\u00f3a h\u1ecdc b\u1ed3i d\u01b0\u1ee1ng s\u01a1 c\u1ee9u GWO"},"content":{"rendered":"<p>M\u1ee5c \u0111\u00edch c\u1ee7a GWO First Aid Refresher l\u00e0 x\u00e2y d\u1ef1ng d\u1ef1a tr\u00ean n\u0103ng l\u1ef1c tr\u01b0\u1edbc \u0111\u00e2y \u0111\u1ec3 cho ph\u00e9p sinh vi\u00ean c\u00f3 th\u1ec3 qu\u1ea3n l\u00fd S\u01a1 c\u1ee9u an to\u00e0n v\u00e0 hi\u1ec7u qu\u1ea3 trong ng\u00e0nh c\u00f4ng nghi\u1ec7p tuabin gi\u00f3 \/ m\u00f4i tr\u01b0\u1eddng WTG, ph\u00f9 h\u1ee3p v\u1edbi \u0111\u00e0o t\u1ea1o GWO First Aid th\u00f4ng qua \u0111\u00e0o t\u1ea1o l\u00fd thuy\u1ebft v\u00e0 th\u1ef1c h\u00e0nh.<br \/>\n\u0110i\u1ec1u ki\u1ec7n ti\u00ean quy\u1ebft:<br \/>\nKh\u00f3a h\u1ecdc c\u00f3 th\u1ec3 \u0111\u00f2i h\u1ecfi th\u1ec3 ch\u1ea5t v\u00e0 \u0111\u1ec3 tham gia kh\u00f3a \u0111\u00e0o t\u1ea1o, b\u1ea1n ph\u1ea3i \u0111\u1ee7 s\u1ee9c kh\u1ecfe v\u00e0 c\u00f3 kh\u1ea3 n\u0103ng tham gia \u0111\u1ea7y \u0111\u1ee7.<br \/>\nB\u1ea1n ph\u1ea3i cung c\u1ea5p cho ch\u00fang t\u00f4i b\u1ea3n sao gi\u1ea5y ch\u1ee9ng nh\u1eadn y t\u1ebf h\u1ee3p l\u1ec7, hi\u1ec7n h\u00e0nh \u0111\u1ec3 l\u00e0m b\u1eb1ng ch\u1ee9ng v\u1ec1 s\u1ee9c kh\u1ecfe g\u1ea7n \u0111\u00e2y c\u1ee7a b\u1ea1n.<br \/>\nC\u00e1c \u0111i\u1ec1u ki\u1ec7n ti\u00ean quy\u1ebft kh\u00e1c:<br \/>\n\u2022\tC\u00f3 gi\u00e1 tr\u1ecb trong ng\u00e0y Gi\u1ea5y ch\u1ee9ng nh\u1eadn S\u01a1 c\u1ee9u GWO<br \/>\n\u2022\tB\u1ea1n ph\u1ea3i cung c\u1ea5p gi\u1ea5y t\u1edd t\u00f9y th\u00e2n c\u00f3 \u1ea3nh h\u1ee3p l\u1ec7 nh\u01b0 H\u1ed9 chi\u1ebfu ho\u1eb7c Gi\u1ea5y ph\u00e9p l\u00e1i xe<br \/>\n\u2022\tB\u1ea1n ph\u1ea3i t\u1eeb 18+ tu\u1ed5i<br \/>\n\u2022\tKh\u00f3a h\u1ecdc n\u00e0y \u0111\u01b0\u1ee3c t\u1ed5 ch\u1ee9c b\u1eb1ng ti\u1ebfng Anh v\u00e0 do \u0111\u00f3 b\u1ea1n ph\u1ea3i c\u00f3 m\u1ee9c \u0111\u1ed9 l\u01b0u lo\u00e1t ph\u00f9 h\u1ee3p \u0111\u1ec3 tham gia.<br \/>\n\u2022\tM\u1ed9t GWO h\u1ee3p l\u1ec7 ho\u1eb7c t\u01b0\u01a1ng t\u1ef1 l\u00e0m vi\u1ec7c \u1edf \u0111\u1ed9 cao nh\u01b0 m\u1ed9t ph\u1ea7n c\u1ee7a kh\u00f3a h\u1ecdc \u0111\u01b0\u1ee3c ch\u1ea1y tr\u00ean c\u00e1c th\u00e1p c\u1ee7a ch\u00fang t\u00f4i \u0111\u1ec3 m\u00f4 ph\u1ecfng m\u1ed9t m\u00f4i tr\u01b0\u1eddng th\u1ef1c t\u1ebf.<\/p>\n","protected":false},"excerpt":{"rendered":"<p>M\u1ee5c \u0111\u00edch c\u1ee7a GWO First Aid Refresher l\u00e0 x\u00e2y d\u1ef1ng d\u1ef1a tr\u00ean n\u0103ng l\u1ef1c tr\u01b0\u1edbc \u0111\u00e2y \u0111\u1ec3 cho ph\u00e9p sinh vi\u00ean c\u00f3 th\u1ec3 qu\u1ea3n l\u00fd S\u01a1 c\u1ee9u an to\u00e0n v\u00e0 hi\u1ec7u qu\u1ea3 trong ng\u00e0nh c\u00f4ng nghi\u1ec7p tuabin gi\u00f3 \/ m\u00f4i tr\u01b0\u1eddng WTG, ph\u00f9 h\u1ee3p v\u1edbi \u0111\u00e0o t\u1ea1o GWO First Aid th\u00f4ng qua \u0111\u00e0o t\u1ea1o l\u00fd&hellip;<\/p>\n","protected":false},"author":1,"featured_media":0,"parent":2730,"menu_order":0,"comment_status":"closed","ping_status":"closed","template":"","meta":[],"_links":{"self":[{"href":"https:\/\/bsdgroup.com.vn\/vi\/wp-json\/wp\/v2\/pages\/2768"}],"collection":[{"href":"https:\/\/bsdgroup.com.vn\/vi\/wp-json\/wp\/v2\/pages"}],"about":[{"href":"https:\/\/bsdgroup.com.vn\/vi\/wp-json\/wp\/v2\/types\/page"}],"author":[{"embeddable":true,"href":"https:\/\/bsdgroup.com.vn\/vi\/wp-json\/wp\/v2\/users\/1"}],"replies":[{"embeddable":true,"href":"https:\/\/bsdgroup.com.vn\/vi\/wp-json\/wp\/v2\/comments?post=2768"}],"version-history":[{"count":1,"href":"https:\/\/bsdgroup.com.vn\/vi\/wp-json\/wp\/v2\/pages\/2768\/revisions"}],"predecessor-version":[{"id":2769,"href":"https:\/\/bsdgroup.com.vn\/vi\/wp-json\/wp\/v2\/pages\/2768\/revisions\/2769"}],"up":[{"embeddable":true,"href":"https:\/\/bsdgroup.com.vn\/vi\/wp-json\/wp\/v2\/pages\/2730"}],"wp:attachment":[{"href":"https:\/\/bsdgroup.com.vn\/vi\/wp-json\/wp\/v2\/media?parent=2768"}],"curies":[{"name":"wp","href":"https:\/\/api.w.org\/{rel}","templated":true}]}}