{"id":2766,"date":"2025-01-14T15:24:48","date_gmt":"2025-01-14T08:24:48","guid":{"rendered":"https:\/\/bsdgroup.com.vn\/?page_id=2766"},"modified":"2025-01-14T15:24:48","modified_gmt":"2025-01-14T08:24:48","slug":"khoa-hoc-so-cuu-gwo","status":"publish","type":"page","link":"https:\/\/bsdgroup.com.vn\/vi\/dich-vu\/dao-tao-nghe\/dao-tao-nang-luong-tai-tao\/dao-tao-an-toan-co-ban\/khoa-hoc-so-cuu-gwo","title":{"rendered":"Kh\u00f3a h\u1ecdc s\u01a1 c\u1ee9u GWO"},"content":{"rendered":"<p>C\u00e1c y\u1ebfu t\u1ed1 l\u00fd thuy\u1ebft c\u1ee7a kh\u00f3a h\u1ecdc S\u01a1 c\u1ee9u GWO s\u1ebd cho ph\u00e9p b\u1ea1n th\u1ec3 hi\u1ec7n s\u1ef1 hi\u1ec3u bi\u1ebft t\u1ed1t v\u1ec1 c\u00e1c m\u1ed1i \u0111e d\u1ecda ph\u1ed5 bi\u1ebfn \u0111\u1ed1i v\u1edbi c\u01a1 th\u1ec3 con ng\u01b0\u1eddi v\u00e0 c\u00e1c ph\u01b0\u01a1ng ph\u00e1p ch\u00ednh x\u00e1c \u0111\u1ec3 \u0111\u1ed1i ph\u00f3 v\u1edbi c\u00e1c tr\u01b0\u1eddng h\u1ee3p kh\u1ea9n c\u1ea5p.<br \/>\nC\u00e1c y\u1ebfu t\u1ed1 th\u1ef1c t\u1ebf c\u1ee7a kh\u00f3a h\u1ecdc s\u1ebd cho b\u1ea1n c\u01a1 h\u1ed9i ch\u1ee9ng minh c\u00e1c k\u1ef9 thu\u1eadt s\u01a1 c\u1ee9u ch\u00ednh x\u00e1c \u0111\u1ec3 c\u1ee9u s\u1ed1ng ban \u0111\u1ea7u v\u00e0 c\u00e1ch \u0111i\u1ec1u ch\u1ec9nh nhi\u1ec1u t\u00ecnh tr\u1ea1ng kh\u00e1c nhau. C\u0169ng s\u1ebd c\u00f3 c\u00e1c b\u00e0i t\u1eadp qu\u1ea3n l\u00fd s\u1ef1 c\u1ed1 th\u1ef1c t\u1ebf trong m\u00f4i tr\u01b0\u1eddng \u0111\u00e0o t\u1ea1o chuy\u00ean d\u1ee5ng, \u0111\u01b0\u1ee3c x\u00e2y d\u1ef1ng \u0111\u1ec3 t\u00e1i t\u1ea1o c\u00e1c t\u00ecnh hu\u1ed1ng th\u1ef1c t\u1ebf.<br \/>\nL\u00fd Thuy\u1ebft:<br \/>\n\u2022\tT\u1ea7m quan tr\u1ecdng v\u00e0 ph\u00e1p lu\u1eadt<br \/>\n\u2022\tGi\u1ea3i ph\u1eabu ng\u01b0\u1eddi c\u01a1 b\u1ea3n<br \/>\n\u2022\tQu\u1ea3n l\u00fd s\u1ef1 c\u1ed1<br \/>\n\u2022\tS\u01a1 c\u1ee9u c\u1ee9u s\u1ed1ng<br \/>\n\u2022\tS\u1eed d\u1ee5ng AED<br \/>\n\u2022\tS\u01a1 c\u1ee9u b\u00ecnh th\u01b0\u1eddng<br \/>\n\u2022\t\u0110\u00e1nh gi\u00e1 b\u1eb1ng v\u0103n b\u1ea3n<br \/>\nTh\u1ef1c t\u1ebf:<br \/>\n\u2022\tK\u1ef9 thu\u1eadt c\u1ee9u s\u1ed1ng<br \/>\n\u2022\tS\u1eed d\u1ee5ng AED \u0111\u00fang c\u00e1ch<br \/>\n\u2022\tC\u00e1c k\u1ef9 thu\u1eadt s\u01a1 c\u1ee9u kh\u00e1c<br \/>\n\u2022\tC\u00e1c t\u00ecnh hu\u1ed1ng th\u1ef1c t\u1ebf<br \/>\n\u2022\t\u0110\u00e1nh gi\u00e1 li\u00ean t\u1ee5c<br \/>\n\u0110i\u1ec1u ki\u1ec7n ti\u00ean quy\u1ebft:<br \/>\nKh\u00f3a h\u1ecdc S\u01a1 c\u1ee9u GWO c\u00f3 th\u1ec3 \u0111\u00f2i h\u1ecfi th\u1ec3 ch\u1ea5t v\u00e0 \u0111\u1ec3 tham gia kh\u00f3a \u0111\u00e0o t\u1ea1o, b\u1ea1n ph\u1ea3i \u0111\u1ee7 s\u1ee9c kh\u1ecfe v\u00e0 c\u00f3 kh\u1ea3 n\u0103ng tham gia \u0111\u1ea7y \u0111\u1ee7.<br \/>\nB\u1ea1n ph\u1ea3i cung c\u1ea5p cho ch\u00fang t\u00f4i b\u1ea3n sao gi\u1ea5y ch\u1ee9ng nh\u1eadn y t\u1ebf h\u1ee3p l\u1ec7, hi\u1ec7n h\u00e0nh \u0111\u1ec3 l\u00e0m b\u1eb1ng ch\u1ee9ng v\u1ec1 s\u1ee9c kh\u1ecfe g\u1ea7n \u0111\u00e2y c\u1ee7a b\u1ea1n.<br \/>\nC\u00e1c \u0111i\u1ec1u ki\u1ec7n ti\u00ean quy\u1ebft kh\u00e1c:<br \/>\n\u2022\tB\u1ea1n ph\u1ea3i cung c\u1ea5p gi\u1ea5y t\u1edd t\u00f9y th\u00e2n c\u00f3 \u1ea3nh h\u1ee3p l\u1ec7 nh\u01b0 H\u1ed9 chi\u1ebfu ho\u1eb7c Gi\u1ea5y ph\u00e9p l\u00e1i xe<br \/>\n\u2022\tB\u1ea1n ph\u1ea3i t\u1eeb 18+ tu\u1ed5i<br \/>\n\u2022\tKh\u00f3a h\u1ecdc n\u00e0y \u0111\u01b0\u1ee3c t\u1ed5 ch\u1ee9c b\u1eb1ng ti\u1ebfng Anh v\u00e0 do \u0111\u00f3 b\u1ea1n c\u00f3 m\u1ee9c \u0111\u1ed9 l\u01b0u lo\u00e1t ph\u00f9 h\u1ee3p \u0111\u1ec3 tham gia.<\/p>\n","protected":false},"excerpt":{"rendered":"<p>C\u00e1c y\u1ebfu t\u1ed1 l\u00fd thuy\u1ebft c\u1ee7a kh\u00f3a h\u1ecdc S\u01a1 c\u1ee9u GWO s\u1ebd cho ph\u00e9p b\u1ea1n th\u1ec3 hi\u1ec7n s\u1ef1 hi\u1ec3u bi\u1ebft t\u1ed1t v\u1ec1 c\u00e1c m\u1ed1i \u0111e d\u1ecda ph\u1ed5 bi\u1ebfn \u0111\u1ed1i v\u1edbi c\u01a1 th\u1ec3 con ng\u01b0\u1eddi v\u00e0 c\u00e1c ph\u01b0\u01a1ng ph\u00e1p ch\u00ednh x\u00e1c \u0111\u1ec3 \u0111\u1ed1i ph\u00f3 v\u1edbi c\u00e1c tr\u01b0\u1eddng h\u1ee3p kh\u1ea9n c\u1ea5p. C\u00e1c y\u1ebfu t\u1ed1 th\u1ef1c t\u1ebf c\u1ee7a&hellip;<\/p>\n","protected":false},"author":1,"featured_media":0,"parent":2730,"menu_order":0,"comment_status":"closed","ping_status":"closed","template":"","meta":[],"_links":{"self":[{"href":"https:\/\/bsdgroup.com.vn\/vi\/wp-json\/wp\/v2\/pages\/2766"}],"collection":[{"href":"https:\/\/bsdgroup.com.vn\/vi\/wp-json\/wp\/v2\/pages"}],"about":[{"href":"https:\/\/bsdgroup.com.vn\/vi\/wp-json\/wp\/v2\/types\/page"}],"author":[{"embeddable":true,"href":"https:\/\/bsdgroup.com.vn\/vi\/wp-json\/wp\/v2\/users\/1"}],"replies":[{"embeddable":true,"href":"https:\/\/bsdgroup.com.vn\/vi\/wp-json\/wp\/v2\/comments?post=2766"}],"version-history":[{"count":1,"href":"https:\/\/bsdgroup.com.vn\/vi\/wp-json\/wp\/v2\/pages\/2766\/revisions"}],"predecessor-version":[{"id":2767,"href":"https:\/\/bsdgroup.com.vn\/vi\/wp-json\/wp\/v2\/pages\/2766\/revisions\/2767"}],"up":[{"embeddable":true,"href":"https:\/\/bsdgroup.com.vn\/vi\/wp-json\/wp\/v2\/pages\/2730"}],"wp:attachment":[{"href":"https:\/\/bsdgroup.com.vn\/vi\/wp-json\/wp\/v2\/media?parent=2766"}],"curies":[{"name":"wp","href":"https:\/\/api.w.org\/{rel}","templated":true}]}}