{"id":2764,"date":"2025-01-14T15:23:32","date_gmt":"2025-01-14T08:23:32","guid":{"rendered":"https:\/\/bsdgroup.com.vn\/?page_id=2764"},"modified":"2025-01-14T15:23:32","modified_gmt":"2025-01-14T08:23:32","slug":"khoa-dao-tao-nhan-thuc-ve-chay-boi-duong-nhan-thuc-ve-chay-cua-gwo","status":"publish","type":"page","link":"https:\/\/bsdgroup.com.vn\/vi\/dich-vu\/dao-tao-nghe\/dao-tao-nang-luong-tai-tao\/dao-tao-an-toan-co-ban\/khoa-dao-tao-nhan-thuc-ve-chay-boi-duong-nhan-thuc-ve-chay-cua-gwo","title":{"rendered":"Kh\u00f3a \u0111\u00e0o t\u1ea1o nh\u1eadn th\u1ee9c v\u1ec1 ch\u00e1y\/ b\u1ed3i d\u01b0\u1ee1ng nh\u1eadn th\u1ee9c v\u1ec1 ch\u00e1y c\u1ee7a GWO"},"content":{"rendered":"<p>M\u1ee5c \u0111\u00edch c\u1ee7a kh\u00f3a \u0111\u00e0o t\u1ea1o Nh\u1eadn th\u1ee9c v\u1ec1 Ch\u00e1y c\u1ee7a GWO l\u00e0 cung c\u1ea5p cho h\u1ecdc vi\u00ean ki\u1ebfn th\u1ee9c v\u00e0 k\u1ef9 n\u0103ng c\u01a1 b\u1ea3n \u0111\u1ec3 ng\u0103n ng\u1eeba h\u1ecfa ho\u1ea1n, \u0111\u01b0a ra ph\u00e1n \u0111o\u00e1n ph\u00f9 h\u1ee3p khi \u0111\u00e1nh gi\u00e1 \u0111\u00e1m ch\u00e1y, qu\u1ea3n l\u00fd vi\u1ec7c s\u01a1 t\u00e1n nh\u00e2n vi\u00ean v\u00e0 \u0111\u1ea3m b\u1ea3o t\u1ea5t c\u1ea3 \u0111\u1ec1u \u0111\u01b0\u1ee3c t\u00ednh to\u00e1n an to\u00e0n trong tr\u01b0\u1eddng h\u1ee3p h\u1ecfa ho\u1ea1n kh\u00f4ng th\u1ec3 ki\u1ec3m so\u00e1t \u0111\u01b0\u1ee3c. N\u1ebfu s\u1ef1 c\u1ed1 \u0111\u01b0\u1ee3c \u0111\u00e1nh gi\u00e1 l\u00e0 \u0111\u1ee7 an to\u00e0n, c\u00e1c \u0111\u1ea1i bi\u1ec3u s\u1ebd c\u00f3 th\u1ec3 d\u1eadp t\u1eaft \u0111\u00e1m ch\u00e1y ban \u0111\u1ea7u m\u1ed9t c\u00e1ch hi\u1ec7u qu\u1ea3 b\u1eb1ng c\u00e1ch s\u1eed d\u1ee5ng c\u00e1c thi\u1ebft b\u1ecb ch\u1eefa ch\u00e1y c\u1ea7m tay c\u01a1 b\u1ea3n.<br \/>\nKh\u00f3a h\u1ecdc \u0111\u01b0\u1ee3c cung c\u1ea5p trong n\u1eeda ng\u00e0y, v\u1edbi c\u00e1c kho\u1ea3ng th\u1eddi gian \u0111\u01b0\u1ee3c ph\u00e2n \u0111o\u1ea1n \u0111\u1ec3 bao g\u1ed3m t\u1ea5t c\u1ea3 c\u00e1c y\u1ebfu t\u1ed1 thi\u1ebft y\u1ebfu c\u1ee7a \u0111\u00e0o t\u1ea1o an to\u00e0n ph\u00f2ng ch\u00e1y ch\u1eefa ch\u00e1y. C\u00e1c bu\u1ed5i h\u1ecdc \u0111\u01b0\u1ee3c cung c\u1ea5p t\u1ea1i c\u00e1c c\u01a1 s\u1edf \u0111\u00e0o t\u1ea1o hi\u1ec7n \u0111\u1ea1i c\u1ee7a ch\u00fang t\u00f4i trong su\u1ed1t c\u1ea3 n\u0103m.<br \/>\n\u0110i\u1ec1u ki\u1ec7n ti\u00ean quy\u1ebft:<br \/>\nKh\u00f3a h\u1ecdc Nh\u1eadn th\u1ee9c v\u1ec1 H\u1ecfa ho\u1ea1n GWO c\u00f3 th\u1ec3 \u0111\u00f2i h\u1ecfi th\u1ec3 ch\u1ea5t v\u00e0 \u0111\u1ec3 tham gia, b\u1ea1n ph\u1ea3i \u0111\u1ee7 s\u1ee9c kh\u1ecfe v\u00e0 c\u00f3 kh\u1ea3 n\u0103ng tham gia \u0111\u1ea7y \u0111\u1ee7.<br \/>\nB\u1ea1n ph\u1ea3i cung c\u1ea5p cho ch\u00fang t\u00f4i b\u1ea3n sao gi\u1ea5y ch\u1ee9ng nh\u1eadn y t\u1ebf h\u1ee3p l\u1ec7, hi\u1ec7n h\u00e0nh c\u1ee7a b\u1ea1n \u0111\u1ec3 l\u00e0m b\u1eb1ng ch\u1ee9ng v\u1ec1 s\u1ee9c kh\u1ecfe g\u1ea7n \u0111\u00e2y c\u1ee7a b\u1ea1n tr\u01b0\u1edbc khi b\u1ea1n \u0111\u01b0\u1ee3c ph\u00e9p tham gia.<br \/>\nC\u00e1c \u0111i\u1ec1u ki\u1ec7n ti\u00ean quy\u1ebft kh\u00e1c:<br \/>\n\u2022\tB\u1ea1n ph\u1ea3i cung c\u1ea5p gi\u1ea5y t\u1edd t\u00f9y th\u00e2n c\u00f3 \u1ea3nh h\u1ee3p l\u1ec7 nh\u01b0 H\u1ed9 chi\u1ebfu ho\u1eb7c Gi\u1ea5y ph\u00e9p l\u00e1i xe<br \/>\n\u2022\tB\u1ea1n ph\u1ea3i t\u1eeb 18+ tu\u1ed5i<br \/>\n\u2022\tKh\u00f3a h\u1ecdc \u0111\u01b0\u1ee3c t\u1ed5 ch\u1ee9c b\u1eb1ng ti\u1ebfng Anh v\u00e0 do \u0111\u00f3, b\u1ea1n ph\u1ea3i c\u00f3 m\u1ee9c \u0111\u1ed9 l\u01b0u lo\u00e1t ph\u00f9 h\u1ee3p \u0111\u1ec3 tham gia<\/p>\n","protected":false},"excerpt":{"rendered":"<p>M\u1ee5c \u0111\u00edch c\u1ee7a kh\u00f3a \u0111\u00e0o t\u1ea1o Nh\u1eadn th\u1ee9c v\u1ec1 Ch\u00e1y c\u1ee7a GWO l\u00e0 cung c\u1ea5p cho h\u1ecdc vi\u00ean ki\u1ebfn th\u1ee9c v\u00e0 k\u1ef9 n\u0103ng c\u01a1 b\u1ea3n \u0111\u1ec3 ng\u0103n ng\u1eeba h\u1ecfa ho\u1ea1n, \u0111\u01b0a ra ph\u00e1n \u0111o\u00e1n ph\u00f9 h\u1ee3p khi \u0111\u00e1nh gi\u00e1 \u0111\u00e1m ch\u00e1y, qu\u1ea3n l\u00fd vi\u1ec7c s\u01a1 t\u00e1n nh\u00e2n vi\u00ean v\u00e0 \u0111\u1ea3m b\u1ea3o t\u1ea5t c\u1ea3 \u0111\u1ec1u \u0111\u01b0\u1ee3c&hellip;<\/p>\n","protected":false},"author":1,"featured_media":0,"parent":2730,"menu_order":0,"comment_status":"closed","ping_status":"closed","template":"","meta":[],"_links":{"self":[{"href":"https:\/\/bsdgroup.com.vn\/vi\/wp-json\/wp\/v2\/pages\/2764"}],"collection":[{"href":"https:\/\/bsdgroup.com.vn\/vi\/wp-json\/wp\/v2\/pages"}],"about":[{"href":"https:\/\/bsdgroup.com.vn\/vi\/wp-json\/wp\/v2\/types\/page"}],"author":[{"embeddable":true,"href":"https:\/\/bsdgroup.com.vn\/vi\/wp-json\/wp\/v2\/users\/1"}],"replies":[{"embeddable":true,"href":"https:\/\/bsdgroup.com.vn\/vi\/wp-json\/wp\/v2\/comments?post=2764"}],"version-history":[{"count":1,"href":"https:\/\/bsdgroup.com.vn\/vi\/wp-json\/wp\/v2\/pages\/2764\/revisions"}],"predecessor-version":[{"id":2765,"href":"https:\/\/bsdgroup.com.vn\/vi\/wp-json\/wp\/v2\/pages\/2764\/revisions\/2765"}],"up":[{"embeddable":true,"href":"https:\/\/bsdgroup.com.vn\/vi\/wp-json\/wp\/v2\/pages\/2730"}],"wp:attachment":[{"href":"https:\/\/bsdgroup.com.vn\/vi\/wp-json\/wp\/v2\/media?parent=2764"}],"curies":[{"name":"wp","href":"https:\/\/api.w.org\/{rel}","templated":true}]}}