{"id":2762,"date":"2025-01-14T15:22:41","date_gmt":"2025-01-14T08:22:41","guid":{"rendered":"https:\/\/bsdgroup.com.vn\/?page_id=2762"},"modified":"2025-01-14T15:22:41","modified_gmt":"2025-01-14T08:22:41","slug":"khoa-hoc-boi-duong-mot-phan-truc-tuyen-ve-an-toan-co-ban-cua-gwo-bstr-p","status":"publish","type":"page","link":"https:\/\/bsdgroup.com.vn\/vi\/dich-vu\/dao-tao-nghe\/dao-tao-nang-luong-tai-tao\/dao-tao-an-toan-co-ban\/khoa-hoc-boi-duong-mot-phan-truc-tuyen-ve-an-toan-co-ban-cua-gwo-bstr-p","title":{"rendered":"Kh\u00f3a h\u1ecdc b\u1ed3i d\u01b0\u1ee1ng m\u1ed9t ph\u1ea7n tr\u1ef1c tuy\u1ebfn v\u1ec1 an to\u00e0n c\u01a1 b\u1ea3n c\u1ee7a GWO (BSTR-P)"},"content":{"rendered":"<p>M\u1ee5c \u0111\u00edch c\u1ee7a BSTR-P l\u00e0 gi\u1ea3m nguy c\u01a1 ch\u1ea5n th\u01b0\u01a1ng trong ng\u00e0nh c\u00f4ng nghi\u1ec7p gi\u00f3 b\u1eb1ng c\u00e1ch xem x\u00e9t, l\u00e0m m\u1edbi v\u00e0 x\u00e2y d\u1ef1ng d\u1ef1a tr\u00ean ki\u1ebfn th\u1ee9c v\u00e0 k\u1ef9 n\u0103ng \u0111\u00e3 \u0111\u1ea1t \u0111\u01b0\u1ee3c tr\u01b0\u1edbc \u0111\u00e2y t\u1eeb kh\u00f3a \u0111\u00e0o t\u1ea1o ban \u0111\u1ea7u ho\u1eb7c b\u1ed3i d\u01b0\u1ee1ng GWO BST.<br \/>\nKh\u00f3a h\u1ecdc n\u00e0y \u0111\u01b0\u1ee3c gi\u1ea3ng d\u1ea1y trong l\u1edbp h\u1ecdc tr\u1ef1c tuy\u1ebfn \u1ea3o th\u00f4ng qua s\u1ef1 k\u1ebft h\u1ee3p c\u1ee7a c\u00e1c cu\u1ed9c th\u1ea3o lu\u1eadn nh\u00f3m, gi\u1ea3i th\u00edch c\u00e1 nh\u00e2n, \u0111\u00e0o t\u1ea1o l\u00fd thuy\u1ebft v\u00e0 th\u1ef1c h\u00e0nh nh\u1eb1m cho ph\u00e9p nh\u1eefng ng\u01b0\u1eddi tham gia kh\u00f3a h\u1ecdc h\u1ed7 tr\u1ee3 v\u00e0 ch\u0103m s\u00f3c b\u1ea3n th\u00e2n v\u00e0 nh\u1eefng ng\u01b0\u1eddi kh\u00e1c l\u00e0m vi\u1ec7c trong ng\u00e0nh c\u00f4ng nghi\u1ec7p gi\u00f3.<br \/>\nTham d\u1ef1 v\u00e0 v\u01b0\u1ee3t qua GWO BSTR-P cho ph\u00e9p ng\u01b0\u1eddi tham gia kh\u00f3a h\u1ecdc k\u00e9o d\u00e0i hi\u1ec7u l\u1ef1c c\u1ee7a ch\u1ee9ng ch\u1ec9 GWO BST\/BSTR hi\u1ec7n c\u00f3 c\u1ee7a h\u1ecd th\u00eam 6 th\u00e1ng.<br \/>\n\u0110i\u1ec1u ki\u1ec7n ti\u00ean quy\u1ebft:<br \/>\nKh\u00f3a h\u1ecdc c\u00f3 th\u1ec3 \u0111\u00f2i h\u1ecfi th\u1ec3 ch\u1ea5t v\u00e0 \u0111\u1ec3 tham gia kh\u00f3a \u0111\u00e0o t\u1ea1o, b\u1ea1n ph\u1ea3i \u0111\u1ee7 s\u1ee9c kh\u1ecfe v\u00e0 c\u00f3 kh\u1ea3 n\u0103ng tham gia \u0111\u1ea7y \u0111\u1ee7.<br \/>\nC\u00e1c \u0111i\u1ec1u ki\u1ec7n ti\u00ean quy\u1ebft kh\u00e1c:<br \/>\n\u2022\tGWO L\u00e0m vi\u1ec7c tr\u00ean cao, S\u01a1 c\u1ee9u, Sinh t\u1ed3n tr\u00ean bi\u1ec3n, B\u00e0n giao th\u1ee7 c\u00f4ng v\u00e0 Ch\u1ee9ng nh\u1eadn Nh\u1eadn th\u1ee9c v\u1ec1 H\u1ecfa ho\u1ea1n s\u1eafp h\u1ebft h\u1ea1n ho\u1eb7c h\u1ebft h\u1ea1n trong 6 th\u00e1ng qua.<br \/>\n\u2022\tB\u1ea1n ph\u1ea3i cung c\u1ea5p gi\u1ea5y t\u1edd t\u00f9y th\u00e2n c\u00f3 \u1ea3nh h\u1ee3p l\u1ec7 nh\u01b0 H\u1ed9 chi\u1ebfu ho\u1eb7c Gi\u1ea5y ph\u00e9p l\u00e1i xe<br \/>\n\u2022\tB\u1ea1n ph\u1ea3i t\u1eeb 18+ tu\u1ed5i<br \/>\n\u2022\tKh\u00f3a h\u1ecdc \u0111\u01b0\u1ee3c t\u1ed5 ch\u1ee9c b\u1eb1ng ti\u1ebfng Anh v\u00e0 do \u0111\u00f3, b\u1ea1n ph\u1ea3i c\u00f3 m\u1ee9c \u0111\u1ed9 l\u01b0u lo\u00e1t ph\u00f9 h\u1ee3p \u0111\u1ec3 tham gia.<\/p>\n","protected":false},"excerpt":{"rendered":"<p>M\u1ee5c \u0111\u00edch c\u1ee7a BSTR-P l\u00e0 gi\u1ea3m nguy c\u01a1 ch\u1ea5n th\u01b0\u01a1ng trong ng\u00e0nh c\u00f4ng nghi\u1ec7p gi\u00f3 b\u1eb1ng c\u00e1ch xem x\u00e9t, l\u00e0m m\u1edbi v\u00e0 x\u00e2y d\u1ef1ng d\u1ef1a tr\u00ean ki\u1ebfn th\u1ee9c v\u00e0 k\u1ef9 n\u0103ng \u0111\u00e3 \u0111\u1ea1t \u0111\u01b0\u1ee3c tr\u01b0\u1edbc \u0111\u00e2y t\u1eeb kh\u00f3a \u0111\u00e0o t\u1ea1o ban \u0111\u1ea7u ho\u1eb7c b\u1ed3i d\u01b0\u1ee1ng GWO BST. Kh\u00f3a h\u1ecdc n\u00e0y \u0111\u01b0\u1ee3c gi\u1ea3ng d\u1ea1y trong l\u1edbp&hellip;<\/p>\n","protected":false},"author":1,"featured_media":0,"parent":2730,"menu_order":0,"comment_status":"closed","ping_status":"closed","template":"","meta":[],"_links":{"self":[{"href":"https:\/\/bsdgroup.com.vn\/vi\/wp-json\/wp\/v2\/pages\/2762"}],"collection":[{"href":"https:\/\/bsdgroup.com.vn\/vi\/wp-json\/wp\/v2\/pages"}],"about":[{"href":"https:\/\/bsdgroup.com.vn\/vi\/wp-json\/wp\/v2\/types\/page"}],"author":[{"embeddable":true,"href":"https:\/\/bsdgroup.com.vn\/vi\/wp-json\/wp\/v2\/users\/1"}],"replies":[{"embeddable":true,"href":"https:\/\/bsdgroup.com.vn\/vi\/wp-json\/wp\/v2\/comments?post=2762"}],"version-history":[{"count":1,"href":"https:\/\/bsdgroup.com.vn\/vi\/wp-json\/wp\/v2\/pages\/2762\/revisions"}],"predecessor-version":[{"id":2763,"href":"https:\/\/bsdgroup.com.vn\/vi\/wp-json\/wp\/v2\/pages\/2762\/revisions\/2763"}],"up":[{"embeddable":true,"href":"https:\/\/bsdgroup.com.vn\/vi\/wp-json\/wp\/v2\/pages\/2730"}],"wp:attachment":[{"href":"https:\/\/bsdgroup.com.vn\/vi\/wp-json\/wp\/v2\/media?parent=2762"}],"curies":[{"name":"wp","href":"https:\/\/api.w.org\/{rel}","templated":true}]}}