{"id":2760,"date":"2025-01-14T15:21:42","date_gmt":"2025-01-14T08:21:42","guid":{"rendered":"https:\/\/bsdgroup.com.vn\/?page_id=2760"},"modified":"2025-01-14T15:21:42","modified_gmt":"2025-01-14T08:21:42","slug":"khoa-dao-tao-an-toan-co-ban-cua-gwo","status":"publish","type":"page","link":"https:\/\/bsdgroup.com.vn\/vi\/dich-vu\/dao-tao-nghe\/dao-tao-nang-luong-tai-tao\/dao-tao-an-toan-co-ban\/khoa-dao-tao-an-toan-co-ban-cua-gwo","title":{"rendered":"Kh\u00f3a \u0111\u00e0o t\u1ea1o an to\u00e0n c\u01a1 b\u1ea3n c\u1ee7a GWO"},"content":{"rendered":"<p>B\u1ea1n s\u1ebd d\u00e0nh 6 ng\u00e0y \u0111\u00e0o t\u1ea1o v\u1ec1 n\u0103m y\u1ebfu t\u1ed1 d\u1eabn \u0111\u1ebfn ki\u1ebfn th\u1ee9c to\u00e0n di\u1ec7n v\u00e0 kh\u1ea3 n\u0103ng ch\u1ecbu tr\u00e1ch nhi\u1ec7m v\u1edbi b\u1ea3n th\u00e2n v\u00e0 nh\u1eefng ng\u01b0\u1eddi kh\u00e1c, \u0111\u1ed3ng th\u1eddi c\u00f3 th\u1ec3 th\u1ef1c hi\u1ec7n c\u00e1c th\u1ee7 t\u1ee5c kh\u1ea9n c\u1ea5p trong tr\u01b0\u1eddng h\u1ee3p c\u1ee9u h\u1ed9 ho\u1eb7c s\u01a1 c\u1ee9u. T\u1ea5t c\u1ea3 c\u00e1c kh\u00f3a h\u1ecdc \u0111\u1ec1u \u0111\u01b0\u1ee3c \u0111i\u1ec1u ch\u1ec9nh cho ph\u00f9 h\u1ee3p v\u1edbi m\u00f4i tr\u01b0\u1eddng trang tr\u1ea1i gi\u00f3 \u0111\u1ec3 cung c\u1ea5p cho b\u1ea1n kh\u00f3a \u0111\u00e0o t\u1ea1o th\u1ef1c t\u1ebf nh\u1ea5t hi\u1ec7n c\u00f3.<br \/>\nKh\u00f3a h\u1ecdc 6 ng\u00e0y n\u00e0y bao g\u1ed3m:<br \/>\n\u2022\tSinh t\u1ed3n tr\u00ean bi\u1ec3n v\u00e0 chuy\u1ec3n giao h\u00e0ng h\u1ea3i<br \/>\n\u2022\tL\u00e0m vi\u1ec7c tr\u00ean cao v\u00e0 c\u1ee9u h\u1ed9<br \/>\n\u2022\tS\u01a1 c\u1ee9u<br \/>\n\u2022\tX\u1eed l\u00fd th\u1ee7 c\u00f4ng<br \/>\n\u2022\tNh\u1eadn th\u1ee9c v\u1ec1 h\u1ecfa ho\u1ea1n<br \/>\n\u0110i\u1ec1u ki\u1ec7n ti\u00ean quy\u1ebft:<br \/>\nKh\u00f3a h\u1ecdc c\u00f3 th\u1ec3 \u0111\u00f2i h\u1ecfi th\u1ec3 ch\u1ea5t v\u00e0 \u0111\u1ec3 tham gia kh\u00f3a \u0111\u00e0o t\u1ea1o, b\u1ea1n ph\u1ea3i \u0111\u1ee7 s\u1ee9c kh\u1ecfe v\u00e0 c\u00f3 kh\u1ea3 n\u0103ng tham gia \u0111\u1ea7y \u0111\u1ee7.<br \/>\nB\u1ea1n ph\u1ea3i cung c\u1ea5p cho ch\u00fang t\u00f4i b\u1ea3n sao gi\u1ea5y ch\u1ee9ng nh\u1eadn y t\u1ebf h\u1ee3p l\u1ec7, hi\u1ec7n h\u00e0nh \u0111\u1ec3 l\u00e0m b\u1eb1ng ch\u1ee9ng v\u1ec1 s\u1ee9c kh\u1ecfe g\u1ea7n \u0111\u00e2y c\u1ee7a b\u1ea1n.<\/p>\n<p>C\u00e1c \u0111i\u1ec1u ki\u1ec7n ti\u00ean quy\u1ebft kh\u00e1c:<br \/>\n\u2022\tB\u1ea1n ph\u1ea3i cung c\u1ea5p gi\u1ea5y t\u1edd t\u00f9y th\u00e2n c\u00f3 \u1ea3nh h\u1ee3p l\u1ec7 nh\u01b0 H\u1ed9 chi\u1ebfu ho\u1eb7c Gi\u1ea5y ph\u00e9p l\u00e1i xe.<br \/>\n\u2022\tB\u1ea1n ph\u1ea3i t\u1eeb 18+ tu\u1ed5i<br \/>\n\u2022\tKh\u00f3a h\u1ecdc n\u00e0y \u0111\u01b0\u1ee3c t\u1ed5 ch\u1ee9c b\u1eb1ng ti\u1ebfng Anh v\u00e0 do \u0111\u00f3 b\u1ea1n ph\u1ea3i c\u00f3 m\u1ee9c \u0111\u1ed9 l\u01b0u lo\u00e1t ph\u00f9 h\u1ee3p \u0111\u1ec3 tham gia.<\/p>\n","protected":false},"excerpt":{"rendered":"<p>B\u1ea1n s\u1ebd d\u00e0nh 6 ng\u00e0y \u0111\u00e0o t\u1ea1o v\u1ec1 n\u0103m y\u1ebfu t\u1ed1 d\u1eabn \u0111\u1ebfn ki\u1ebfn th\u1ee9c to\u00e0n di\u1ec7n v\u00e0 kh\u1ea3 n\u0103ng ch\u1ecbu tr\u00e1ch nhi\u1ec7m v\u1edbi b\u1ea3n th\u00e2n v\u00e0 nh\u1eefng ng\u01b0\u1eddi kh\u00e1c, \u0111\u1ed3ng th\u1eddi c\u00f3 th\u1ec3 th\u1ef1c hi\u1ec7n c\u00e1c th\u1ee7 t\u1ee5c kh\u1ea9n c\u1ea5p trong tr\u01b0\u1eddng h\u1ee3p c\u1ee9u h\u1ed9 ho\u1eb7c s\u01a1 c\u1ee9u. T\u1ea5t c\u1ea3 c\u00e1c kh\u00f3a h\u1ecdc \u0111\u1ec1u&hellip;<\/p>\n","protected":false},"author":1,"featured_media":0,"parent":2730,"menu_order":0,"comment_status":"closed","ping_status":"closed","template":"","meta":[],"_links":{"self":[{"href":"https:\/\/bsdgroup.com.vn\/vi\/wp-json\/wp\/v2\/pages\/2760"}],"collection":[{"href":"https:\/\/bsdgroup.com.vn\/vi\/wp-json\/wp\/v2\/pages"}],"about":[{"href":"https:\/\/bsdgroup.com.vn\/vi\/wp-json\/wp\/v2\/types\/page"}],"author":[{"embeddable":true,"href":"https:\/\/bsdgroup.com.vn\/vi\/wp-json\/wp\/v2\/users\/1"}],"replies":[{"embeddable":true,"href":"https:\/\/bsdgroup.com.vn\/vi\/wp-json\/wp\/v2\/comments?post=2760"}],"version-history":[{"count":1,"href":"https:\/\/bsdgroup.com.vn\/vi\/wp-json\/wp\/v2\/pages\/2760\/revisions"}],"predecessor-version":[{"id":2761,"href":"https:\/\/bsdgroup.com.vn\/vi\/wp-json\/wp\/v2\/pages\/2760\/revisions\/2761"}],"up":[{"embeddable":true,"href":"https:\/\/bsdgroup.com.vn\/vi\/wp-json\/wp\/v2\/pages\/2730"}],"wp:attachment":[{"href":"https:\/\/bsdgroup.com.vn\/vi\/wp-json\/wp\/v2\/media?parent=2760"}],"curies":[{"name":"wp","href":"https:\/\/api.w.org\/{rel}","templated":true}]}}