{"id":2758,"date":"2025-01-14T15:20:51","date_gmt":"2025-01-14T08:20:51","guid":{"rendered":"https:\/\/bsdgroup.com.vn\/?page_id=2758"},"modified":"2025-01-14T15:20:51","modified_gmt":"2025-01-14T08:20:51","slug":"khoa-boi-duong-an-toan-co-ban-gwo","status":"publish","type":"page","link":"https:\/\/bsdgroup.com.vn\/vi\/dich-vu\/dao-tao-nghe\/dao-tao-nang-luong-tai-tao\/dao-tao-an-toan-co-ban\/khoa-boi-duong-an-toan-co-ban-gwo","title":{"rendered":"Kh\u00f3a b\u1ed3i d\u01b0\u1ee1ng an to\u00e0n c\u01a1 b\u1ea3n GWO"},"content":{"rendered":"<p>Kh\u00f3a h\u1ecdc b\u1ed3i d\u01b0\u1ee1ng GWO n\u00e0y cung c\u1ea5p t\u1ea5t c\u1ea3 c\u00e1c k\u1ef9 n\u0103ng an to\u00e0n c\u1ea7n thi\u1ebft trong 4 ng\u00e0y, t\u1ea1i m\u1ed9t \u0111\u1ecba \u0111i\u1ec3m. Ch\u00fang t\u00f4i cung c\u1ea5p t\u1ea5t c\u1ea3 c\u00e1c kh\u00f3a \u0111\u00e0o t\u1ea1o an to\u00e0n c\u01a1 b\u1ea3n \u0111\u01b0\u1ee3c GWO ph\u00ea duy\u1ec7t \u0111\u1ec3 \u0111\u1ea3m b\u1ea3o b\u1ea1n \u0111\u01b0\u1ee3c trang b\u1ecb \u0111\u1ec3 ti\u1ebfp t\u1ee5c vai tr\u00f2 hi\u1ec7n t\u1ea1i c\u1ee7a m\u00ecnh. Nh\u1eefng b\u1eb1ng c\u1ea5p chuy\u00ean m\u00f4n n\u00e0y cho ph\u00e9p b\u1ea1n ho\u1ea1t \u0111\u1ed9ng th\u1ef1c t\u1ebf trong b\u1ea5t k\u1ef3 vai tr\u00f2 n\u00e0o trong ng\u00e0nh c\u00f4ng nghi\u1ec7p gi\u00f3.<br \/>\nKh\u00f3a h\u1ecdc b\u1ed3i d\u01b0\u1ee1ng an to\u00e0n c\u01a1 b\u1ea3n GWO k\u00e9o d\u00e0i 4 ng\u00e0y bao g\u1ed3m:<br \/>\n\u2022\tSinh t\u1ed3n tr\u00ean bi\u1ec3n v\u00e0 chuy\u1ec3n giao h\u00e0ng h\u1ea3i<br \/>\n\u2022\tL\u00e0m vi\u1ec7c tr\u00ean cao v\u00e0 b\u1ed3i d\u01b0\u1ee1ng c\u1ee9u h\u1ed9<br \/>\n\u2022\tB\u1ed3i d\u01b0\u1ee1ng s\u01a1 c\u1ee9u<br \/>\n\u2022\tNh\u1eadn th\u1ee9c v\u1ec1 h\u1ecfa ho\u1ea1n<br \/>\n\u2022\tX\u1eed l\u00fd th\u1ee7 c\u00f4ng<br \/>\n\u0110i\u1ec1u ki\u1ec7n ti\u00ean quy\u1ebft:<br \/>\nB\u1ed3i d\u01b0\u1ee1ng \u0110\u00e0o t\u1ea1o An to\u00e0n C\u01a1 b\u1ea3n c\u1ee7a ch\u00fang t\u00f4i c\u00f3 th\u1ec3 \u0111\u00f2i h\u1ecfi th\u1ec3 ch\u1ea5t, v\u00ec v\u1eady \u0111\u1ec3 tham gia c\u00e1c bu\u1ed5i \u0111\u00e0o t\u1ea1o, b\u1ea1n ph\u1ea3i \u0111\u1ee7 s\u1ee9c kh\u1ecfe v\u00e0 c\u00f3 kh\u1ea3 n\u0103ng tham gia \u0111\u1ea7y \u0111\u1ee7.<br \/>\nB\u1ea1n ph\u1ea3i cung c\u1ea5p cho ch\u00fang t\u00f4i b\u1ea3n sao gi\u1ea5y ch\u1ee9ng nh\u1eadn y t\u1ebf h\u1ee3p l\u1ec7, hi\u1ec7n t\u1ea1i c\u1ee7a b\u1ea1n \u0111\u1ec3 l\u00e0m b\u1eb1ng ch\u1ee9ng v\u1ec1 s\u1ee9c kh\u1ecfe g\u1ea7n \u0111\u00e2y c\u1ee7a b\u1ea1n<br \/>\nC\u00e1c \u0111i\u1ec1u ki\u1ec7n ti\u00ean quy\u1ebft kh\u00e1c:<br \/>\n\u2022\tC\u00f3 hi\u1ec7u l\u1ef1c trong ng\u00e0y GWO L\u00e0m vi\u1ec7c tr\u00ean cao, S\u01a1 c\u1ee9u, Sinh t\u1ed3n tr\u00ean bi\u1ec3n, B\u00e0n giao th\u1ee7 c\u00f4ng v\u00e0 Gi\u1ea5y ch\u1ee9ng nh\u1eadn nh\u1eadn th\u1ee9c v\u1ec1 h\u1ecfa ho\u1ea1n.<br \/>\n\u2022\tB\u1ea1n ph\u1ea3i cung c\u1ea5p gi\u1ea5y t\u1edd t\u00f9y th\u00e2n c\u00f3 \u1ea3nh h\u1ee3p l\u1ec7 nh\u01b0 H\u1ed9 chi\u1ebfu ho\u1eb7c Gi\u1ea5y ph\u00e9p l\u00e1i xe<br \/>\n\u2022\tB\u1ea1n ph\u1ea3i t\u1eeb 18+ tu\u1ed5i<br \/>\n\u2022\tKh\u00f3a h\u1ecdc \u0111\u01b0\u1ee3c t\u1ed5 ch\u1ee9c b\u1eb1ng ti\u1ebfng Anh v\u00e0 do \u0111\u00f3, b\u1ea1n ph\u1ea3i c\u00f3 m\u1ee9c \u0111\u1ed9 l\u01b0u lo\u00e1t ph\u00f9 h\u1ee3p \u0111\u1ec3 tham gia.<\/p>\n","protected":false},"excerpt":{"rendered":"<p>Kh\u00f3a h\u1ecdc b\u1ed3i d\u01b0\u1ee1ng GWO n\u00e0y cung c\u1ea5p t\u1ea5t c\u1ea3 c\u00e1c k\u1ef9 n\u0103ng an to\u00e0n c\u1ea7n thi\u1ebft trong 4 ng\u00e0y, t\u1ea1i m\u1ed9t \u0111\u1ecba \u0111i\u1ec3m. Ch\u00fang t\u00f4i cung c\u1ea5p t\u1ea5t c\u1ea3 c\u00e1c kh\u00f3a \u0111\u00e0o t\u1ea1o an to\u00e0n c\u01a1 b\u1ea3n \u0111\u01b0\u1ee3c GWO ph\u00ea duy\u1ec7t \u0111\u1ec3 \u0111\u1ea3m b\u1ea3o b\u1ea1n \u0111\u01b0\u1ee3c trang b\u1ecb \u0111\u1ec3 ti\u1ebfp t\u1ee5c vai tr\u00f2 hi\u1ec7n&hellip;<\/p>\n","protected":false},"author":1,"featured_media":0,"parent":2730,"menu_order":0,"comment_status":"closed","ping_status":"closed","template":"","meta":[],"_links":{"self":[{"href":"https:\/\/bsdgroup.com.vn\/vi\/wp-json\/wp\/v2\/pages\/2758"}],"collection":[{"href":"https:\/\/bsdgroup.com.vn\/vi\/wp-json\/wp\/v2\/pages"}],"about":[{"href":"https:\/\/bsdgroup.com.vn\/vi\/wp-json\/wp\/v2\/types\/page"}],"author":[{"embeddable":true,"href":"https:\/\/bsdgroup.com.vn\/vi\/wp-json\/wp\/v2\/users\/1"}],"replies":[{"embeddable":true,"href":"https:\/\/bsdgroup.com.vn\/vi\/wp-json\/wp\/v2\/comments?post=2758"}],"version-history":[{"count":1,"href":"https:\/\/bsdgroup.com.vn\/vi\/wp-json\/wp\/v2\/pages\/2758\/revisions"}],"predecessor-version":[{"id":2759,"href":"https:\/\/bsdgroup.com.vn\/vi\/wp-json\/wp\/v2\/pages\/2758\/revisions\/2759"}],"up":[{"embeddable":true,"href":"https:\/\/bsdgroup.com.vn\/vi\/wp-json\/wp\/v2\/pages\/2730"}],"wp:attachment":[{"href":"https:\/\/bsdgroup.com.vn\/vi\/wp-json\/wp\/v2\/media?parent=2758"}],"curies":[{"name":"wp","href":"https:\/\/api.w.org\/{rel}","templated":true}]}}