{"id":2756,"date":"2025-01-14T15:18:37","date_gmt":"2025-01-14T08:18:37","guid":{"rendered":"https:\/\/bsdgroup.com.vn\/?page_id=2756"},"modified":"2025-01-14T15:18:37","modified_gmt":"2025-01-14T08:18:37","slug":"khoa-hoc-so-cuu-nang-cao-gwo","status":"publish","type":"page","link":"https:\/\/bsdgroup.com.vn\/vi\/dich-vu\/dao-tao-nghe\/dao-tao-nang-luong-tai-tao\/dao-tao-an-toan-co-ban\/khoa-hoc-so-cuu-nang-cao-gwo","title":{"rendered":"Kh\u00f3a h\u1ecdc s\u01a1 c\u1ee9u n\u00e2ng cao GWO"},"content":{"rendered":"<p>GWO Enhanced First Aid cung c\u1ea5p cho sinh vi\u00ean ki\u1ebfn th\u1ee9c v\u00e0 k\u1ef9 n\u0103ng \u0111\u1ec3 h\u1ed7 tr\u1ee3 v\u00e0 ch\u0103m s\u00f3c nh\u1eefng ng\u01b0\u1eddi kh\u00e1c l\u00e0m vi\u1ec7c trong ng\u00e0nh. Sau khi ho\u00e0n th\u00e0nh kh\u00f3a h\u1ecdc, sinh vi\u00ean s\u1ebd c\u00f3 th\u1ec3 th\u1ef1c hi\u1ec7n c\u00e1c bi\u1ec7n ph\u00e1p c\u1ee9u s\u1ed1ng an to\u00e0n, hi\u1ec7u qu\u1ea3 v\u00e0 ngay l\u1eadp t\u1ee9c v\u00e0 t\u0103ng c\u01b0\u1eddng c\u00e1c bi\u1ec7n ph\u00e1p s\u01a1 c\u1ee9u \u0111\u1ec3 c\u1ee9u s\u1ed1ng v\u00e0 h\u1ed7 tr\u1ee3 \u1edf c\u00e1c v\u00f9ng s\u00e2u v\u00f9ng xa b\u1eb1ng c\u00e1ch s\u1eed d\u1ee5ng thi\u1ebft b\u1ecb c\u1ea5p c\u1ee9u ti\u00ean ti\u1ebfn v\u00e0 vi\u1ec5n th\u00f4ng y t\u1ebf.<br \/>\nKh\u00f3a h\u1ecdc S\u01a1 c\u1ee9u n\u00e2ng cao GWO k\u00e9o d\u00e0i 3 ng\u00e0y n\u00e0y bao g\u1ed3m:<br \/>\n\u2022\tPh\u00e1p lu\u1eadt, r\u1ee7i ro v\u00e0 m\u1ed1i nguy hi\u1ec3m<br \/>\n\u2022\tGi\u1ea3i ph\u1eabu h\u1ecdc<br \/>\n\u2022\tQu\u1ea3n l\u00fd s\u1ef1 c\u1ed1 v\u00e0 t\u01b0 v\u1ea5n y t\u1ebf t\u1eeb xa<br \/>\n\u2022\tS\u01a1 c\u1ee9u c\u1ee9u sinh (kh\u1ea3o s\u00e1t s\u01a1 c\u1ea5p) \u2013 Bao g\u1ed3m ch\u1ea3y m\u00e1u l\u1edbn v\u00e0 qu\u1ea3n l\u00fd \u0111\u01b0\u1eddng th\u1edf<br \/>\n\u2022\tKh\u1ea3o s\u00e1t th\u1ee9 c\u1ea5p v\u00e0 th\u01b0\u01a1ng t\u00edch \/ b\u1ec7nh t\u1eadt li\u00ean quan<br \/>\n\u2022\tKi\u1ec3m so\u00e1t c\u01a1n \u0111au<br \/>\n\u2022\tS\u01a1 c\u1ee9u th\u1ef1c t\u1ebf v\u00e0 c\u00e1c k\u1ecbch b\u1ea3n s\u01a1 c\u1ee9u n\u00e2ng cao<br \/>\n\u0110i\u1ec1u ki\u1ec7n ti\u00ean quy\u1ebft:<br \/>\nKh\u00f3a h\u1ecdc S\u01a1 c\u1ee9u n\u00e2ng cao GWO c\u00f3 th\u1ec3 \u0111\u00f2i h\u1ecfi th\u1ec3 ch\u1ea5t v\u00e0 \u0111\u1ec3 tham gia kh\u00f3a \u0111\u00e0o t\u1ea1o, b\u1ea1n ph\u1ea3i \u0111\u1ee7 s\u1ee9c kh\u1ecfe v\u00e0 c\u00f3 kh\u1ea3 n\u0103ng tham gia \u0111\u1ea7y \u0111\u1ee7.<br \/>\nB\u1ea1n ph\u1ea3i cung c\u1ea5p cho ch\u00fang t\u00f4i b\u1ea3n sao gi\u1ea5y ch\u1ee9ng nh\u1eadn y t\u1ebf h\u1ee3p l\u1ec7, hi\u1ec7n h\u00e0nh \u0111\u1ec3 l\u00e0m b\u1eb1ng ch\u1ee9ng v\u1ec1 s\u1ee9c kh\u1ecfe g\u1ea7n \u0111\u00e2y c\u1ee7a b\u1ea1n.<br \/>\nC\u00e1c \u0111i\u1ec1u ki\u1ec7n ti\u00ean quy\u1ebft kh\u00e1c:<br \/>\n\u2022\tB\u1ea1n ph\u1ea3i cung c\u1ea5p gi\u1ea5y t\u1edd t\u00f9y th\u00e2n c\u00f3 \u1ea3nh h\u1ee3p l\u1ec7 nh\u01b0 H\u1ed9 chi\u1ebfu ho\u1eb7c Gi\u1ea5y ph\u00e9p l\u00e1i xe<br \/>\n\u2022\tB\u1ea1n ph\u1ea3i t\u1eeb 18+ tu\u1ed5i<br \/>\n\u2022\tKh\u00f3a h\u1ecdc n\u00e0y \u0111\u01b0\u1ee3c t\u1ed5 ch\u1ee9c b\u1eb1ng ti\u1ebfng Anh v\u00e0 do \u0111\u00f3 b\u1ea1n c\u00f3 m\u1ee9c \u0111\u1ed9 l\u01b0u lo\u00e1t ph\u00f9 h\u1ee3p \u0111\u1ec3 tham gia.<\/p>\n","protected":false},"excerpt":{"rendered":"<p>GWO Enhanced First Aid cung c\u1ea5p cho sinh vi\u00ean ki\u1ebfn th\u1ee9c v\u00e0 k\u1ef9 n\u0103ng \u0111\u1ec3 h\u1ed7 tr\u1ee3 v\u00e0 ch\u0103m s\u00f3c nh\u1eefng ng\u01b0\u1eddi kh\u00e1c l\u00e0m vi\u1ec7c trong ng\u00e0nh. Sau khi ho\u00e0n th\u00e0nh kh\u00f3a h\u1ecdc, sinh vi\u00ean s\u1ebd c\u00f3 th\u1ec3 th\u1ef1c hi\u1ec7n c\u00e1c bi\u1ec7n ph\u00e1p c\u1ee9u s\u1ed1ng an to\u00e0n, hi\u1ec7u qu\u1ea3 v\u00e0 ngay l\u1eadp t\u1ee9c v\u00e0 t\u0103ng&hellip;<\/p>\n","protected":false},"author":1,"featured_media":0,"parent":2730,"menu_order":0,"comment_status":"closed","ping_status":"closed","template":"","meta":[],"_links":{"self":[{"href":"https:\/\/bsdgroup.com.vn\/vi\/wp-json\/wp\/v2\/pages\/2756"}],"collection":[{"href":"https:\/\/bsdgroup.com.vn\/vi\/wp-json\/wp\/v2\/pages"}],"about":[{"href":"https:\/\/bsdgroup.com.vn\/vi\/wp-json\/wp\/v2\/types\/page"}],"author":[{"embeddable":true,"href":"https:\/\/bsdgroup.com.vn\/vi\/wp-json\/wp\/v2\/users\/1"}],"replies":[{"embeddable":true,"href":"https:\/\/bsdgroup.com.vn\/vi\/wp-json\/wp\/v2\/comments?post=2756"}],"version-history":[{"count":1,"href":"https:\/\/bsdgroup.com.vn\/vi\/wp-json\/wp\/v2\/pages\/2756\/revisions"}],"predecessor-version":[{"id":2757,"href":"https:\/\/bsdgroup.com.vn\/vi\/wp-json\/wp\/v2\/pages\/2756\/revisions\/2757"}],"up":[{"embeddable":true,"href":"https:\/\/bsdgroup.com.vn\/vi\/wp-json\/wp\/v2\/pages\/2730"}],"wp:attachment":[{"href":"https:\/\/bsdgroup.com.vn\/vi\/wp-json\/wp\/v2\/media?parent=2756"}],"curies":[{"name":"wp","href":"https:\/\/api.w.org\/{rel}","templated":true}]}}