{"id":2752,"date":"2025-01-14T15:14:10","date_gmt":"2025-01-14T08:14:10","guid":{"rendered":"https:\/\/bsdgroup.com.vn\/?page_id=2752"},"modified":"2025-01-14T15:14:10","modified_gmt":"2025-01-14T08:14:10","slug":"dao-tao-ky-thuat-co-ban-cong-nghe-tuabin-gio","status":"publish","type":"page","link":"https:\/\/bsdgroup.com.vn\/vi\/dich-vu\/dao-tao-nghe\/dao-tao-nang-luong-tai-tao\/dao-tao-ky-thuat-co-ban-cong-nghe-tuabin-gio","title":{"rendered":"\u0110\u00e0o t\u1ea1o k\u1ef9 thu\u1eadt c\u01a1 b\u1ea3n: C\u00f4ng ngh\u1ec7 tuabin gi\u00f3"},"content":{"rendered":"<p>\u0110i\u1ec7n gi\u00f3 l\u00e0 m\u1ed9t trong nh\u1eefng l\u0129nh v\u1ef1c ph\u00e1t tri\u1ec3n nhanh nh\u1ea5t c\u1ee7a ng\u00e0nh \u0111i\u1ec7n th\u1ebf gi\u1edbi. Kh\u00f3a h\u1ecdc n\u00e0y cung c\u1ea5p m\u1ed9t c\u00e1i nh\u00ecn s\u00e2u s\u1eafc v\u1ec1 quy tr\u00ecnh thi\u1ebft k\u1ebf, k\u1ef9 thu\u1eadt, k\u1ef7 lu\u1eadt v\u00e0 c\u00f4ng c\u1ee5 c\u1ee7a tuabin gi\u00f3 hi\u1ec7n \u0111\u1ea1i. Khi nh\u1eefng \u0111i\u1ec1u c\u01a1 b\u1ea3n v\u1ec1 \u0111\u1ecbnh ngh\u0129a ki\u1ebfn tr\u00fac c\u1ee7a tuabin gi\u00f3 \u0111\u00e3 \u0111\u01b0\u1ee3c gi\u1ea3i th\u00edch, ch\u00fang t\u00f4i s\u1ebd t\u1eadp trung v\u00e0o qu\u00e1 tr\u00ecnh thi\u1ebft k\u1ebf m\u00e1y m\u00f3c trong b\u1ed1i c\u1ea3nh ho\u1ea1t \u0111\u1ed9ng c\u1ee7a trang tr\u1ea1i gi\u00f3.<br \/>\nC\u00e1c gi\u1ea3ng vi\u00ean s\u1ebd h\u01b0\u1edbng d\u1eabn b\u1ea1n nh\u1eefng ki\u1ebfn th\u1ee9c c\u01a1 b\u1ea3n v\u1ec1 chuy\u1ec3n \u0111\u1ed5i n\u0103ng l\u01b0\u1ee3ng gi\u00f3 v\u00e0 s\u1ef1 ph\u00e1t tri\u1ec3n c\u1ee7a quy tr\u00ecnh thi\u1ebft k\u1ebf \u0111\u1eb1ng sau tuabin gi\u00f3 kh\u1ed5ng l\u1ed3 ng\u00e0y nay. C\u00e1c m\u00f4-\u0111un s\u1ebd n\u00eau b\u1eadt t\u1ea7m quan tr\u1ecdng c\u1ee7a d\u1ef1 \u0111o\u00e1n t\u1ea3i tr\u1ecdng thi\u1ebft k\u1ebf ch\u00ednh x\u00e1c v\u00e0 ki\u1ec3m so\u00e1t hi\u1ec7u qu\u1ea3, c\u00f9ng v\u1edbi \u1ea3nh h\u01b0\u1edfng c\u1ee7a ch\u00fang \u0111\u1ed1i v\u1edbi thi\u1ebft k\u1ebf c\u01a1 kh\u00ed c\u1ee7a tuabin gi\u00f3. Ch\u00fang t\u00f4i s\u1ebd minh h\u1ecda c\u00e1c t\u00f9y ch\u1ecdn thi\u1ebft k\u1ebf \u1ea3nh h\u01b0\u1edfng nh\u01b0 th\u1ebf n\u00e0o \u0111\u1ebfn chi ph\u00ed n\u0103ng l\u01b0\u1ee3ng v\u00e0 xem x\u00e9t c\u00e1c xu h\u01b0\u1edbng c\u00f4ng ngh\u1ec7 trong t\u01b0\u01a1ng lai.<br \/>\nKi\u1ebfn th\u1ee9c v\u00e0 hi\u1ec3u bi\u1ebft v\u1ec1 thi\u1ebft k\u1ebf tuabin gi\u00f3 ng\u00e0y c\u00e0ng tr\u1edf n\u00ean quan tr\u1ecdng h\u01a1n khi nh\u00ecn v\u00e0o b\u1ed1i c\u1ea3nh v\u1eadn h\u00e0nh. Do \u0111\u00f3, ph\u1ea7n th\u1ee9 hai c\u1ee7a kh\u00f3a \u0111\u00e0o t\u1ea1o s\u1ebd cung c\u1ea5p m\u1ed9t c\u00e1i nh\u00ecn t\u1ed5ng quan v\u1ec1 c\u00e1c ph\u01b0\u01a1ng ph\u00e1p \u0111\u1ec3 \u0111\u00e1nh gi\u00e1 l\u1ef1a ch\u1ecdn v\u00e0 s\u1ef1 ph\u00f9 h\u1ee3p c\u1ee7a m\u00e1y, c\u00f9ng v\u1edbi c\u00e1c t\u00f9y ch\u1ecdn n\u00e2ng c\u1ea5p nh\u01b0 k\u00e9o d\u00e0i tu\u1ed5i th\u1ecd v\u00e0 l\u1eafp l\u1ea1i b\u1ed9 \u0111i\u1ec1u khi\u1ec3n.<br \/>\nKh\u00f3a h\u1ecdc cung c\u1ea5p m\u1ed9t s\u1ef1 hi\u1ec3u bi\u1ebft s\u00e2u s\u1eafc \u0111\u00e1ng k\u1ec3 v\u1ec1 n\u1ec1n t\u1ea3ng c\u00f4ng ngh\u1ec7, nh\u01b0ng kh\u00f4ng gi\u1ea3 \u0111\u1ecbnh b\u1ea5t k\u1ef3 ki\u1ebfn th\u1ee9c tr\u01b0\u1edbc \u0111\u00f3 n\u00e0o v\u1ec1 n\u0103ng l\u01b0\u1ee3ng gi\u00f3.<br \/>\nAi n\u00ean tham d\u1ef1?<br \/>\nC\u00e1c chuy\u00ean gia trong ng\u00e0nh mu\u1ed1n m\u1edf r\u1ed9ng ki\u1ebfn th\u1ee9c c\u1ee7a h\u1ecd; c\u00e1c c\u00e1 nh\u00e2n ho\u1eb7c c\u00f4ng ty li\u00ean quan \u0111\u1ebfn vi\u1ec7c ph\u00e1t tri\u1ec3n v\u00e0 v\u1eadn h\u00e0nh trang tr\u1ea1i gi\u00f3 ho\u1eb7c tuabin; v\u00e0 c\u00e1c chuy\u00ean gia thu\u1ed9c b\u1ea5t k\u1ef3 ng\u00e0nh n\u00e0o tham gia v\u00e0o ng\u00e0nh v\u00e0 t\u00ecm ki\u1ebfm c\u00e1c k\u1ef9 n\u0103ng c\u1ee5 th\u1ec3, ch\u1eb3ng h\u1ea1n nh\u01b0: Qu\u1ea3n l\u00fd d\u1ef1 \u00e1n, Nh\u00e0 ph\u00e1t tri\u1ec3n, Nh\u00e0 thi\u1ebft k\u1ebf d\u00e2n d\u1ee5ng v\u00e0 k\u1ebft c\u1ea5u, Nh\u00e0 thi\u1ebft k\u1ebf tuabin v\u00e0 Nh\u00e0 \u0111\u1ea7u t\u01b0.<br \/>\n\u01afu \u0111\u00e3i \u0111\u00e0o t\u1ea1o tr\u1ef1c tuy\u1ebfn c\u1ee7a ch\u00fang t\u00f4i<br \/>\nKh\u00f3a \u0111\u00e0o t\u1ea1o \u0111\u01b0\u1ee3c chia th\u00e0nh n\u0103m bu\u1ed5i, k\u00e9o d\u00e0i 3-4 gi\u1edd m\u00e0 b\u1ea1n s\u1ebd c\u00f3 th\u1ec3 ph\u00e1t tr\u1ef1c tuy\u1ebfn b\u1ea5t c\u1ee9 l\u00fac n\u00e0o v\u00e0 theo t\u1ed1c \u0111\u1ed9 c\u1ee7a ri\u00eang m\u00ecnh. Khi b\u1ea1n xem c\u00e1c l\u1edbp h\u1ecdc \u0111\u00e3 ghi, h\u00e3y b\u1eaft \u0111\u1ea7u th\u1ea3o lu\u1eadn b\u1eb1ng c\u00e1ch \u0111\u0103ng nh\u1eadn x\u00e9t c\u1ee7a b\u1ea1n v\u1ec1 nh\u00f3m \u0111\u00e0o t\u1ea1o C\u00f4ng ngh\u1ec7 tuabin gi\u00f3 tr\u00ean Microsoft Teams. B\u1ea1n \u0111\u01b0\u1ee3c khuy\u1ebfn kh\u00edch tham gia t\u00edch c\u1ef1c b\u1eb1ng c\u00e1ch tr\u1ea3 l\u1eddi c\u00e1c b\u00e0i \u0111\u0103ng kh\u00e1c v\u00e0 ch\u00fang t\u00f4i c\u0169ng s\u1ebd tham gia cu\u1ed9c tr\u00f2 chuy\u1ec7n. B\u1ea1n s\u1ebd c\u00f3 th\u1eddi gian \u0111\u1ec3 ho\u00e0n th\u00e0nh kh\u00f3a h\u1ecdc cho \u0111\u1ebfn s\u1ef1 ki\u1ec7n h\u1ecfi \u0111\u00e1p v\u00e0o tu\u1ea7n sau, n\u01a1i b\u1ea1n c\u00f3 th\u1ec3 th\u1ea3o lu\u1eadn v\u1ec1 c\u00e1c ch\u1ee7 \u0111\u1ec1 b\u1ea1n quan t\u00e2m v\u1edbi ch\u00fang t\u00f4i, \u0111\u1eb7t c\u00e2u h\u1ecfi v\u00e0 k\u1ebft n\u1ed1i v\u1edbi nh\u1eefng ng\u01b0\u1eddi tham gia kh\u00e1c.<br \/>\nNgu\u1ed3n:<br \/>\nhttps:\/\/www.dnv.com\/training\/wind-turbine-technology-9226<\/p>\n","protected":false},"excerpt":{"rendered":"<p>\u0110i\u1ec7n gi\u00f3 l\u00e0 m\u1ed9t trong nh\u1eefng l\u0129nh v\u1ef1c ph\u00e1t tri\u1ec3n nhanh nh\u1ea5t c\u1ee7a ng\u00e0nh \u0111i\u1ec7n th\u1ebf gi\u1edbi. Kh\u00f3a h\u1ecdc n\u00e0y cung c\u1ea5p m\u1ed9t c\u00e1i nh\u00ecn s\u00e2u s\u1eafc v\u1ec1 quy tr\u00ecnh thi\u1ebft k\u1ebf, k\u1ef9 thu\u1eadt, k\u1ef7 lu\u1eadt v\u00e0 c\u00f4ng c\u1ee5 c\u1ee7a tuabin gi\u00f3 hi\u1ec7n \u0111\u1ea1i. Khi nh\u1eefng \u0111i\u1ec1u c\u01a1 b\u1ea3n v\u1ec1 \u0111\u1ecbnh ngh\u0129a ki\u1ebfn tr\u00fac c\u1ee7a&hellip;<\/p>\n","protected":false},"author":1,"featured_media":0,"parent":2723,"menu_order":0,"comment_status":"closed","ping_status":"closed","template":"","meta":[],"_links":{"self":[{"href":"https:\/\/bsdgroup.com.vn\/vi\/wp-json\/wp\/v2\/pages\/2752"}],"collection":[{"href":"https:\/\/bsdgroup.com.vn\/vi\/wp-json\/wp\/v2\/pages"}],"about":[{"href":"https:\/\/bsdgroup.com.vn\/vi\/wp-json\/wp\/v2\/types\/page"}],"author":[{"embeddable":true,"href":"https:\/\/bsdgroup.com.vn\/vi\/wp-json\/wp\/v2\/users\/1"}],"replies":[{"embeddable":true,"href":"https:\/\/bsdgroup.com.vn\/vi\/wp-json\/wp\/v2\/comments?post=2752"}],"version-history":[{"count":1,"href":"https:\/\/bsdgroup.com.vn\/vi\/wp-json\/wp\/v2\/pages\/2752\/revisions"}],"predecessor-version":[{"id":2754,"href":"https:\/\/bsdgroup.com.vn\/vi\/wp-json\/wp\/v2\/pages\/2752\/revisions\/2754"}],"up":[{"embeddable":true,"href":"https:\/\/bsdgroup.com.vn\/vi\/wp-json\/wp\/v2\/pages\/2723"}],"wp:attachment":[{"href":"https:\/\/bsdgroup.com.vn\/vi\/wp-json\/wp\/v2\/media?parent=2752"}],"curies":[{"name":"wp","href":"https:\/\/api.w.org\/{rel}","templated":true}]}}