{"id":2745,"date":"2025-01-14T14:58:52","date_gmt":"2025-01-14T07:58:52","guid":{"rendered":"https:\/\/bsdgroup.com.vn\/?page_id=2745"},"modified":"2025-01-14T14:58:52","modified_gmt":"2025-01-14T07:58:52","slug":"ke-hoach-phat-trien-ca-nhan","status":"publish","type":"page","link":"https:\/\/bsdgroup.com.vn\/vi\/dich-vu\/giao-duc-va-viec-lam\/phat-trien-chuyen-mon\/ke-hoach-phat-trien-ca-nhan","title":{"rendered":"K\u1ebf ho\u1ea1ch ph\u00e1t tri\u1ec3n c\u00e1 nh\u00e2n"},"content":{"rendered":"<p>L\u1eadp k\u1ebf ho\u1ea1ch ph\u00e1t tri\u1ec3n c\u00e1 nh\u00e2n (PDP) d\u1ef1a tr\u00ean Ph\u00e2n t\u00edch SWOT c\u00e1 nh\u00e2n bao g\u1ed3m:<br \/>\n\u2022\tT\u1ea7m nh\u00ecn r\u00f5 r\u00e0ng v\u1ec1 n\u01a1i b\u1ea1n mu\u1ed1n \u0111\u1ebfn v\u00e0 t\u1ea1i sao<br \/>\n\u2022\tHi\u1ec3u r\u00f5 v\u1ec1 c\u00e1c k\u1ef9 n\u0103ng b\u1ea1n c\u1ea7n ph\u00e1t tri\u1ec3n \u0111\u1ec3 \u0111\u1ea1t \u0111\u01b0\u1ee3c t\u1ea7m nh\u00ecn c\u1ee7a m\u00ecnh<br \/>\n\u2022\tM\u1ed9t \u00fd t\u01b0\u1edfng r\u00f5 r\u00e0ng v\u1ec1 ti\u00eau chu\u1ea9n b\u1ea1n c\u1ea7n \u0111\u1ea1t \u0111\u01b0\u1ee3c v\u00e0 s\u1ef1 kh\u00e1c bi\u1ec7t c\u1ee7a n\u00f3 so v\u1edbi ti\u00eau chu\u1ea9n hi\u1ec7n t\u1ea1i c\u1ee7a b\u1ea1n<br \/>\n\u2022\tM\u1ee9c \u0111\u1ed9 \u01b0u ti\u00ean cho t\u1eebng khu v\u1ef1c<br \/>\n\u2022\t\u00dd t\u01b0\u1edfng v\u1ec1 c\u00e1ch \u0111i t\u1eeb v\u1ecb tr\u00ed hi\u1ec7n t\u1ea1i c\u1ee7a b\u1ea1n cho t\u1eebng k\u1ef9 n\u0103ng ho\u1eb7c l\u0129nh v\u1ef1c \u0111\u1ebfn n\u01a1i b\u1ea1n mu\u1ed1n<br \/>\nPDP l\u00e0 n\u00e2ng cao c\u00e1c k\u1ef9 n\u0103ng kh\u00e1c nhau c\u1ee7a nh\u00e2n vi\u00ean trong c\u00f4ng ty gi\u00fap c\u1ea3i thi\u1ec7n hi\u1ec7u su\u1ea5t c\u1ee7a c\u00e1 nh\u00e2n. \u0110\u00e0o t\u1ea1o c\u00f4ng ty l\u00e0m t\u0103ng t\u1ef7 l\u1ec7 n\u0103ng su\u1ea5t c\u1ee7a c\u00f4ng ty n\u01a1i c\u00e1 nh\u00e2n \u0111\u00f3 \u0111ang l\u00e0m vi\u1ec7c. C\u00e1c k\u1ef9 n\u0103ng h\u1ecdc \u0111\u01b0\u1ee3c th\u00f4ng qua c\u00e1c ch\u01b0\u01a1ng tr\u00ecnh \u0111\u00e0o t\u1ea1o l\u00e0m cho m\u00f4i tr\u01b0\u1eddng l\u00e0m vi\u1ec7c th\u00e2n thi\u1ec7n h\u01a1n, h\u1ea5p d\u1eabn h\u01a1n, c\u1edfi m\u1edf h\u01a1n v\u1edbi vi\u1ec7c trao \u0111\u1ed5i \u00fd t\u01b0\u1edfng v\u00e0 \u0111\u1ed3ng th\u1eddi k\u1ef7 lu\u1eadt h\u01a1n.<br \/>\nPDP l\u00e0 m\u1ed9t khu\u00f4n kh\u1ed5 c\u00f3 c\u1ea5u tr\u00fac m\u00e0 b\u1ea1n c\u00f3 th\u1ec3 s\u1eed d\u1ee5ng \u0111\u1ec3:<br \/>\n\u2022\tNh\u1eadn th\u1ee9c \u0111\u01b0\u1ee3c c\u00e1c k\u1ef9 n\u0103ng b\u1ea1n c\u00f3<br \/>\n\u2022\tX\u00e1c \u0111\u1ecbnh v\u00e0 ph\u00e1t tri\u1ec3n c\u00e1c k\u1ef9 n\u0103ng b\u1ea1n c\u1ea7n<br \/>\n\u2022\tT\u00ecm ra nh\u1eefng g\u00ec b\u1ea1n mu\u1ed1n \u0111\u1ea1t \u0111\u01b0\u1ee3c v\u00e0 l\u00e0m th\u1ebf n\u00e0o \u0111\u1ec3 \u0111\u1ea1t \u0111\u01b0\u1ee3c n\u00f3<br \/>\n\u2022\tT\u1eadp trung v\u00e0o c\u00e1c l\u1ef1a ch\u1ecdn v\u00e0 m\u1ee5c ti\u00eau h\u1ecdc t\u1eadp, ngh\u1ec1 nghi\u1ec7p v\u00e0 ph\u00e1t tri\u1ec3n c\u00e1 nh\u00e2n ti\u1ec1m n\u0103ng<br \/>\n\u2022\tX\u00e2y d\u1ef1ng ngu\u1ed3n th\u00f4ng tin cho CV, \u0111\u01a1n xin vi\u1ec7c, ph\u1ecfng v\u1ea5n v\u00e0 \u0111\u00e1nh gi\u00e1 t\u1ea1i n\u01a1i l\u00e0m vi\u1ec7c<br \/>\n\u2022\tTh\u1ec3 hi\u1ec7n s\u1ef1 s\u1eb5n s\u00e0ng c\u1ee7a b\u1ea1n \u0111\u1ec3 th\u0103ng ti\u1ebfn ho\u1eb7c cho c\u00e1c c\u01a1 h\u1ed9i ph\u00e1t tri\u1ec3n.<br \/>\nL\u1ef1c l\u01b0\u1ee3ng lao \u0111\u1ed9ng l\u00e0nh ngh\u1ec1 l\u00e0 x\u01b0\u01a1ng s\u1ed1ng c\u1ee7a b\u1ea5t k\u1ef3 doanh nghi\u1ec7p n\u00e0o. M\u1ed9t s\u1ed1 k\u1ef9 n\u0103ng quan tr\u1ecdng h\u01a1n c\u00e1c k\u1ef9 n\u0103ng c\u00f2n l\u1ea1i cho s\u1ef1 th\u00e0nh c\u00f4ng c\u1ee7a c\u00f4ng ty. Sau \u0111\u00e2y l\u00e0 m\u1ed9t s\u1ed1 v\u00ed d\u1ee5 v\u1ec1 \u0111\u00e0o t\u1ea1o k\u1ef9 n\u0103ng m\u00e0 c\u00e1c doanh nghi\u1ec7p ph\u1ea3i th\u1ef1c hi\u1ec7n \u0111\u1ec3 t\u1ed1i \u0111a h\u00f3a s\u1ea3n l\u01b0\u1ee3ng c\u1ee7a h\u1ecd:<br \/>\n\u2022\tQu\u1ea3n l\u00fd th\u1eddi gian<br \/>\n\u2022\t\u0110\u00e0o t\u1ea1o hu\u1ea5n luy\u1ec7n vi\u00ean<br \/>\n\u2022\tK\u1ef9 n\u0103ng qu\u1ea3n l\u00fd v\u00e0 gi\u00e1m s\u00e1t<br \/>\n\u2022\tK\u1ef9 n\u0103ng ch\u0103m s\u00f3c kh\u00e1ch h\u00e0ng v\u00e0 giao ti\u1ebfp kh\u00e1ch h\u00e0ng<br \/>\n\u2022\tK\u1ef9 n\u0103ng t\u01b0 duy s\u00e1ng t\u1ea1o<br \/>\n\u2022\tNh\u1eadn th\u1ee9c v\u1ec1 \u0111\u1ea1o \u0111\u1ee9c t\u1ea1i n\u01a1i l\u00e0m vi\u1ec7c<br \/>\n\u2022\tQu\u1ea3n l\u00fd thay \u0111\u1ed5i<\/p>\n","protected":false},"excerpt":{"rendered":"<p>L\u1eadp k\u1ebf ho\u1ea1ch ph\u00e1t tri\u1ec3n c\u00e1 nh\u00e2n (PDP) d\u1ef1a tr\u00ean Ph\u00e2n t\u00edch SWOT c\u00e1 nh\u00e2n bao g\u1ed3m: \u2022 T\u1ea7m nh\u00ecn r\u00f5 r\u00e0ng v\u1ec1 n\u01a1i b\u1ea1n mu\u1ed1n \u0111\u1ebfn v\u00e0 t\u1ea1i sao \u2022 Hi\u1ec3u r\u00f5 v\u1ec1 c\u00e1c k\u1ef9 n\u0103ng b\u1ea1n c\u1ea7n ph\u00e1t tri\u1ec3n \u0111\u1ec3 \u0111\u1ea1t \u0111\u01b0\u1ee3c t\u1ea7m nh\u00ecn c\u1ee7a m\u00ecnh \u2022 M\u1ed9t \u00fd t\u01b0\u1edfng r\u00f5 r\u00e0ng v\u1ec1&hellip;<\/p>\n","protected":false},"author":1,"featured_media":0,"parent":2743,"menu_order":0,"comment_status":"closed","ping_status":"closed","template":"","meta":[],"_links":{"self":[{"href":"https:\/\/bsdgroup.com.vn\/vi\/wp-json\/wp\/v2\/pages\/2745"}],"collection":[{"href":"https:\/\/bsdgroup.com.vn\/vi\/wp-json\/wp\/v2\/pages"}],"about":[{"href":"https:\/\/bsdgroup.com.vn\/vi\/wp-json\/wp\/v2\/types\/page"}],"author":[{"embeddable":true,"href":"https:\/\/bsdgroup.com.vn\/vi\/wp-json\/wp\/v2\/users\/1"}],"replies":[{"embeddable":true,"href":"https:\/\/bsdgroup.com.vn\/vi\/wp-json\/wp\/v2\/comments?post=2745"}],"version-history":[{"count":1,"href":"https:\/\/bsdgroup.com.vn\/vi\/wp-json\/wp\/v2\/pages\/2745\/revisions"}],"predecessor-version":[{"id":2746,"href":"https:\/\/bsdgroup.com.vn\/vi\/wp-json\/wp\/v2\/pages\/2745\/revisions\/2746"}],"up":[{"embeddable":true,"href":"https:\/\/bsdgroup.com.vn\/vi\/wp-json\/wp\/v2\/pages\/2743"}],"wp:attachment":[{"href":"https:\/\/bsdgroup.com.vn\/vi\/wp-json\/wp\/v2\/media?parent=2745"}],"curies":[{"name":"wp","href":"https:\/\/api.w.org\/{rel}","templated":true}]}}