{"id":2743,"date":"2025-01-14T14:57:28","date_gmt":"2025-01-14T07:57:28","guid":{"rendered":"https:\/\/bsdgroup.com.vn\/?page_id=2743"},"modified":"2025-01-14T14:57:28","modified_gmt":"2025-01-14T07:57:28","slug":"phat-trien-chuyen-mon","status":"publish","type":"page","link":"https:\/\/bsdgroup.com.vn\/vi\/dich-vu\/giao-duc-va-viec-lam\/phat-trien-chuyen-mon","title":{"rendered":"Ph\u00e1t tri\u1ec3n chuy\u00ean m\u00f4n"},"content":{"rendered":"<p>BSD cung c\u1ea5p c\u00e1c gi\u1ea3i ph\u00e1p \u0111\u00e0o t\u1ea1o gi\u00fap c\u00e1c c\u00e1 nh\u00e2n, t\u1ed5 ch\u1ee9c, c\u00f4ng ty \u0111\u00e0o t\u1ea1o nh\u00e2n vi\u00ean c\u1ee7a m\u00ecnh ph\u00e1t tri\u1ec3n to\u00e0n di\u1ec7n c\u00e1c k\u1ef9 n\u0103ng c\u1ea7n thi\u1ebft cho c\u00f4ng vi\u1ec7c, \u0111\u00e1p \u1ee9ng m\u1ecdi y\u00eau c\u1ea7u c\u00f4ng vi\u1ec7c v\u00e0 kh\u00f4ng ng\u1eebng h\u1ecdc h\u1ecfi. n\u00e2ng cao gi\u00e1 tr\u1ecb b\u1ea3n th\u00e2n.<\/p>\n","protected":false},"excerpt":{"rendered":"<p>BSD cung c\u1ea5p c\u00e1c gi\u1ea3i ph\u00e1p \u0111\u00e0o t\u1ea1o gi\u00fap c\u00e1c c\u00e1 nh\u00e2n, t\u1ed5 ch\u1ee9c, c\u00f4ng ty \u0111\u00e0o t\u1ea1o nh\u00e2n vi\u00ean c\u1ee7a m\u00ecnh ph\u00e1t tri\u1ec3n to\u00e0n di\u1ec7n c\u00e1c k\u1ef9 n\u0103ng c\u1ea7n thi\u1ebft cho c\u00f4ng vi\u1ec7c, \u0111\u00e1p \u1ee9ng m\u1ecdi y\u00eau c\u1ea7u c\u00f4ng vi\u1ec7c v\u00e0 kh\u00f4ng ng\u1eebng h\u1ecdc h\u1ecfi. n\u00e2ng cao gi\u00e1 tr\u1ecb b\u1ea3n th\u00e2n.<\/p>\n","protected":false},"author":1,"featured_media":0,"parent":1913,"menu_order":0,"comment_status":"closed","ping_status":"closed","template":"","meta":[],"_links":{"self":[{"href":"https:\/\/bsdgroup.com.vn\/vi\/wp-json\/wp\/v2\/pages\/2743"}],"collection":[{"href":"https:\/\/bsdgroup.com.vn\/vi\/wp-json\/wp\/v2\/pages"}],"about":[{"href":"https:\/\/bsdgroup.com.vn\/vi\/wp-json\/wp\/v2\/types\/page"}],"author":[{"embeddable":true,"href":"https:\/\/bsdgroup.com.vn\/vi\/wp-json\/wp\/v2\/users\/1"}],"replies":[{"embeddable":true,"href":"https:\/\/bsdgroup.com.vn\/vi\/wp-json\/wp\/v2\/comments?post=2743"}],"version-history":[{"count":1,"href":"https:\/\/bsdgroup.com.vn\/vi\/wp-json\/wp\/v2\/pages\/2743\/revisions"}],"predecessor-version":[{"id":2744,"href":"https:\/\/bsdgroup.com.vn\/vi\/wp-json\/wp\/v2\/pages\/2743\/revisions\/2744"}],"up":[{"embeddable":true,"href":"https:\/\/bsdgroup.com.vn\/vi\/wp-json\/wp\/v2\/pages\/1913"}],"wp:attachment":[{"href":"https:\/\/bsdgroup.com.vn\/vi\/wp-json\/wp\/v2\/media?parent=2743"}],"curies":[{"name":"wp","href":"https:\/\/api.w.org\/{rel}","templated":true}]}}