{"id":2741,"date":"2025-01-14T14:56:32","date_gmt":"2025-01-14T07:56:32","guid":{"rendered":"https:\/\/bsdgroup.com.vn\/?page_id=2741"},"modified":"2025-01-14T15:00:09","modified_gmt":"2025-01-14T08:00:09","slug":"phat-trien-ky-nang-mem","status":"publish","type":"page","link":"https:\/\/bsdgroup.com.vn\/vi\/dich-vu\/giao-duc-va-viec-lam\/phat-trien-chuyen-mon\/phat-trien-ky-nang-mem","title":{"rendered":"Ph\u00e1t tri\u1ec3n k\u1ef9 n\u0103ng m\u1ec1m"},"content":{"rendered":"<p>K\u1ef9 n\u0103ng m\u1ec1m l\u00e0 m\u1ed9t ph\u1ea7n quan tr\u1ecdng v\u00e0 kh\u00f4ng th\u1ec3 thi\u1ebfu \u0111\u1ec3 m\u1ed7i c\u00e1 nh\u00e2n c\u00f3 th\u1ec3 th\u00edch nghi v\u00e0 ph\u00e1t tri\u1ec3n h\u01a1n n\u1eefa trong m\u00f4i tr\u01b0\u1eddng kinh doanh hi\u1ec7n nay.<br \/>\nBSD t\u1ef1 tin cung c\u1ea5p cho b\u1ea1n c\u00e1c gi\u1ea3i ph\u00e1p \u0111\u1ec3 c\u1ea3i thi\u1ec7n c\u00e1c k\u1ef9 n\u0103ng m\u1ec1m c\u1ea7n thi\u1ebft cho c\u00f4ng vi\u1ec7c. \u0110\u1ed9i ng\u0169 gi\u1ea3ng vi\u00ean c\u1ee7a BSD gi\u00e0u kinh nghi\u1ec7m v\u00e0 \u0111\u00f3ng vai tr\u00f2 quan tr\u1ecdng trong vi\u1ec7c \u0111\u00e0o t\u1ea1o v\u00e0 ph\u00e1t tri\u1ec3n ngu\u1ed3n nh\u00e2n l\u1ef1c cho x\u00e3 h\u1ed9i.<br \/>\n\uf0a7\tVi\u1ebft b\u00e1o c\u00e1o kinh doanh<br \/>\n\uf0a7\tQu\u1ea3n l\u00fd thay \u0111\u1ed5i<br \/>\n\uf0a7\tHu\u1ea5n luy\u1ec7n cho hi\u1ec7u su\u1ea5t<br \/>\n\uf0a7\tQu\u1ea3n l\u00fd xung \u0111\u1ed9t<br \/>\n\uf0a7\tD\u1ecbch v\u1ee5 kh\u00e1ch h\u00e0ng<br \/>\n\uf0a7\tK\u1ef9 n\u0103ng h\u1ed7 tr\u1ee3<br \/>\n\uf0a7\tK\u1ef9 n\u0103ng ph\u1ecfng v\u1ea5n<br \/>\n\uf0a7\tN\u1ec1n t\u1ea3ng l\u00e3nh \u0111\u1ea1o<br \/>\n\uf0a7\tQu\u1ea3n l\u00fd th\u1ea9m \u0111\u1ecbnh<br \/>\n\uf0a7\tQu\u1ea3n l\u00fd cu\u1ed9c h\u1ecdp<br \/>\n\uf0a7\tS\u1ee9c kh\u1ecfe t\u00e2m th\u1ea7n v\u00e0 h\u1ea1nh ph\u00fac cho t\u1ea5t c\u1ea3 m\u1ecdi ng\u01b0\u1eddi<br \/>\n\uf0a7\tS\u1ee9c kh\u1ecfe t\u00e2m th\u1ea7n v\u00e0 h\u1ea1nh ph\u00fac cho c\u00e1c nh\u00e0 qu\u1ea3n l\u00fd<br \/>\n\uf0a7\tK\u1ef9 n\u0103ng \u0111\u00e0m ph\u00e1n<br \/>\n\uf0a7\tQu\u1ea3n l\u00fd hi\u1ec7u su\u1ea5t<br \/>\n\uf0a7\tB\u00e0i thuy\u1ebft tr\u00ecnh m\u1ea1nh m\u1ebd<br \/>\n\uf0a7\tGi\u1ea3i quy\u1ebft v\u1ea5n \u0111\u1ec1 v\u00e0 ra quy\u1ebft \u0111\u1ecbnh<br \/>\n\uf0a7\tC\u00e1c nguy\u00ean t\u1eafc c\u01a1 b\u1ea3n v\u1ec1 b\u00e1n h\u00e0ng<\/p>\n","protected":false},"excerpt":{"rendered":"<p>K\u1ef9 n\u0103ng m\u1ec1m l\u00e0 m\u1ed9t ph\u1ea7n quan tr\u1ecdng v\u00e0 kh\u00f4ng th\u1ec3 thi\u1ebfu \u0111\u1ec3 m\u1ed7i c\u00e1 nh\u00e2n c\u00f3 th\u1ec3 th\u00edch nghi v\u00e0 ph\u00e1t tri\u1ec3n h\u01a1n n\u1eefa trong m\u00f4i tr\u01b0\u1eddng kinh doanh hi\u1ec7n nay. BSD t\u1ef1 tin cung c\u1ea5p cho b\u1ea1n c\u00e1c gi\u1ea3i ph\u00e1p \u0111\u1ec3 c\u1ea3i thi\u1ec7n c\u00e1c k\u1ef9 n\u0103ng m\u1ec1m c\u1ea7n thi\u1ebft cho c\u00f4ng vi\u1ec7c. \u0110\u1ed9i&hellip;<\/p>\n","protected":false},"author":1,"featured_media":0,"parent":2743,"menu_order":0,"comment_status":"closed","ping_status":"closed","template":"","meta":[],"_links":{"self":[{"href":"https:\/\/bsdgroup.com.vn\/vi\/wp-json\/wp\/v2\/pages\/2741"}],"collection":[{"href":"https:\/\/bsdgroup.com.vn\/vi\/wp-json\/wp\/v2\/pages"}],"about":[{"href":"https:\/\/bsdgroup.com.vn\/vi\/wp-json\/wp\/v2\/types\/page"}],"author":[{"embeddable":true,"href":"https:\/\/bsdgroup.com.vn\/vi\/wp-json\/wp\/v2\/users\/1"}],"replies":[{"embeddable":true,"href":"https:\/\/bsdgroup.com.vn\/vi\/wp-json\/wp\/v2\/comments?post=2741"}],"version-history":[{"count":1,"href":"https:\/\/bsdgroup.com.vn\/vi\/wp-json\/wp\/v2\/pages\/2741\/revisions"}],"predecessor-version":[{"id":2742,"href":"https:\/\/bsdgroup.com.vn\/vi\/wp-json\/wp\/v2\/pages\/2741\/revisions\/2742"}],"up":[{"embeddable":true,"href":"https:\/\/bsdgroup.com.vn\/vi\/wp-json\/wp\/v2\/pages\/2743"}],"wp:attachment":[{"href":"https:\/\/bsdgroup.com.vn\/vi\/wp-json\/wp\/v2\/media?parent=2741"}],"curies":[{"name":"wp","href":"https:\/\/api.w.org\/{rel}","templated":true}]}}