{"id":2728,"date":"2025-01-09T15:43:18","date_gmt":"2025-01-09T08:43:18","guid":{"rendered":"https:\/\/bsdgroup.com.vn\/?page_id=2728"},"modified":"2025-02-21T15:42:02","modified_gmt":"2025-02-21T08:42:02","slug":"dich-vu-van-hanh-ky-thuat-tai-tao","status":"publish","type":"page","link":"https:\/\/bsdgroup.com.vn\/vi\/dich-vu\/dich-vu-van-hanh-ky-thuat-tai-tao","title":{"rendered":"D\u1ecbch v\u1ee5 v\u1eadn h\u00e0nh k\u1ef9 thu\u1eadt t\u00e1i t\u1ea1o"},"content":{"rendered":"<p>N\u0103ng l\u01b0\u1ee3ng gi\u00f3 v\u00e0 m\u1eb7t tr\u1eddi, th\u01b0\u1eddng \u0111\u01b0\u1ee3c g\u1ecdi l\u00e0 n\u0103ng l\u01b0\u1ee3ng t\u00e1i t\u1ea1o, \u0111\u00f3ng m\u1ed9t vai tr\u00f2 quan tr\u1ecdng trong ng\u00e0nh n\u0103ng l\u01b0\u1ee3ng to\u00e0n c\u1ea7u b\u1eb1ng c\u00e1ch gi\u00fap c\u1ea3i thi\u1ec7n m\u00f4i tr\u01b0\u1eddng v\u00e0 h\u1ea1n ch\u1ebf ph\u00e1t th\u1ea3i kh\u00ed nh\u00e0 k\u00ednh. Nh\u1eadn th\u1ee9c \u0111\u01b0\u1ee3c t\u1ea7m quan tr\u1ecdng c\u1ee7a mong mu\u1ed1n \u0111\u00f3ng g\u00f3p v\u00e0o s\u1ef1 t\u0103ng tr\u01b0\u1edfng \u0111\u00f3, BSD kh\u00f4ng ng\u1eebng h\u1ecdc h\u1ecfi v\u00e0 c\u1ea3i ti\u1ebfn \u0111\u1ec3 cung c\u1ea5p cho kh\u00e1ch h\u00e0ng c\u00e1c d\u1ecbch v\u1ee5 li\u00ean quan \u0111\u1ebfn to\u00e0n b\u1ed9 qu\u00e1 tr\u00ecnh x\u00e2y d\u1ef1ng v\u00e0 ph\u00e1t tri\u1ec3n trang tr\u1ea1i gi\u00f3\/m\u1eb7t tr\u1eddi.<\/p>\n","protected":false},"excerpt":{"rendered":"<p>N\u0103ng l\u01b0\u1ee3ng gi\u00f3 v\u00e0 m\u1eb7t tr\u1eddi, th\u01b0\u1eddng \u0111\u01b0\u1ee3c g\u1ecdi l\u00e0 n\u0103ng l\u01b0\u1ee3ng t\u00e1i t\u1ea1o, \u0111\u00f3ng m\u1ed9t vai tr\u00f2 quan tr\u1ecdng trong ng\u00e0nh n\u0103ng l\u01b0\u1ee3ng to\u00e0n c\u1ea7u b\u1eb1ng c\u00e1ch gi\u00fap c\u1ea3i thi\u1ec7n m\u00f4i tr\u01b0\u1eddng v\u00e0 h\u1ea1n ch\u1ebf ph\u00e1t th\u1ea3i kh\u00ed nh\u00e0 k\u00ednh. Nh\u1eadn th\u1ee9c \u0111\u01b0\u1ee3c t\u1ea7m quan tr\u1ecdng c\u1ee7a mong mu\u1ed1n \u0111\u00f3ng g\u00f3p v\u00e0o s\u1ef1 t\u0103ng&hellip;<\/p>\n","protected":false},"author":1,"featured_media":0,"parent":1609,"menu_order":0,"comment_status":"closed","ping_status":"closed","template":"","meta":[],"_links":{"self":[{"href":"https:\/\/bsdgroup.com.vn\/vi\/wp-json\/wp\/v2\/pages\/2728"}],"collection":[{"href":"https:\/\/bsdgroup.com.vn\/vi\/wp-json\/wp\/v2\/pages"}],"about":[{"href":"https:\/\/bsdgroup.com.vn\/vi\/wp-json\/wp\/v2\/types\/page"}],"author":[{"embeddable":true,"href":"https:\/\/bsdgroup.com.vn\/vi\/wp-json\/wp\/v2\/users\/1"}],"replies":[{"embeddable":true,"href":"https:\/\/bsdgroup.com.vn\/vi\/wp-json\/wp\/v2\/comments?post=2728"}],"version-history":[{"count":2,"href":"https:\/\/bsdgroup.com.vn\/vi\/wp-json\/wp\/v2\/pages\/2728\/revisions"}],"predecessor-version":[{"id":2896,"href":"https:\/\/bsdgroup.com.vn\/vi\/wp-json\/wp\/v2\/pages\/2728\/revisions\/2896"}],"up":[{"embeddable":true,"href":"https:\/\/bsdgroup.com.vn\/vi\/wp-json\/wp\/v2\/pages\/1609"}],"wp:attachment":[{"href":"https:\/\/bsdgroup.com.vn\/vi\/wp-json\/wp\/v2\/media?parent=2728"}],"curies":[{"name":"wp","href":"https:\/\/api.w.org\/{rel}","templated":true}]}}