{"id":2723,"date":"2025-01-09T15:18:18","date_gmt":"2025-01-09T08:18:18","guid":{"rendered":"https:\/\/bsdgroup.com.vn\/?page_id=2723"},"modified":"2025-01-15T11:51:05","modified_gmt":"2025-01-15T04:51:05","slug":"dao-tao-nang-luong-tai-tao","status":"publish","type":"page","link":"https:\/\/bsdgroup.com.vn\/vi\/dich-vu\/dao-tao-nghe\/dao-tao-nang-luong-tai-tao","title":{"rendered":"\u0110\u00e0o t\u1ea1o n\u0103ng l\u01b0\u1ee3ng t\u00e1i t\u1ea1o"},"content":{"rendered":"<p>\u0110\u1ec3 theo \u0111u\u1ed5i t\u1ea7m nh\u00ecn v\u00e0 s\u1ee9 m\u1ec7nh c\u1ee7a BSD, ch\u00fang t\u00f4i cung c\u1ea5p c\u00e1c ch\u01b0\u01a1ng tr\u00ecnh \u0111\u00e0o t\u1ea1o nh\u1eb1m n\u00e2ng cao ki\u1ebfn \u200b\u200bth\u1ee9c cho l\u1ef1c l\u01b0\u1ee3ng lao \u0111\u1ed9ng c\u00f4ng nghi\u1ec7p, g\u00f3p ph\u1ea7n gi\u1ea3m thi\u1ec3u r\u1ee7i ro v\u1eadn h\u00e0nh, tai n\u1ea1n v\u00e0 b\u1ea3o v\u1ec7 m\u00f4i tr\u01b0\u1eddng. Vi\u1ec7c \u0111\u00e0o t\u1ea1o c\u1ea3i thi\u1ec7n t\u00ecnh tr\u1ea1ng thi\u1ebfu c\u00f4ng nh\u00e2n l\u00e0nh ngh\u1ec1, nh\u1ea5n m\u1ea1nh vai tr\u00f2 quan tr\u1ecdng c\u1ee7a m\u1ed9t trung t\u00e2m n\u0103ng l\u1ef1c v\u1ec1 k\u1ef9 thu\u1eadt h\u1ec7 th\u1ed1ng. S\u1ef1 ph\u00e1t tri\u1ec3n nhanh ch\u00f3ng c\u1ee7a c\u00f4ng ngh\u1ec7, h\u1ec7 th\u1ed1ng, quy tr\u00ecnh v\u00e0 ph\u01b0\u01a1ng ph\u00e1p h\u1ecdc t\u1eadp c\u00f3 ngh\u0129a l\u00e0 c\u00e1c c\u00f4ng ty ph\u1ea3i s\u1eed d\u1ee5ng c\u00e1c ph\u01b0\u01a1ng ph\u00e1p th\u00f4ng minh, linh ho\u1ea1t trong l\u00e3nh \u0111\u1ea1o v\u00e0 truy\u1ec1n c\u1ea3m h\u1ee9ng cho nh\u00e2n vi\u00ean c\u1ee7a m\u00ecnh.<\/p>\n","protected":false},"excerpt":{"rendered":"<p>\u0110\u1ec3 theo \u0111u\u1ed5i t\u1ea7m nh\u00ecn v\u00e0 s\u1ee9 m\u1ec7nh c\u1ee7a BSD, ch\u00fang t\u00f4i cung c\u1ea5p c\u00e1c ch\u01b0\u01a1ng tr\u00ecnh \u0111\u00e0o t\u1ea1o nh\u1eb1m n\u00e2ng cao ki\u1ebfn \u200b\u200bth\u1ee9c cho l\u1ef1c l\u01b0\u1ee3ng lao \u0111\u1ed9ng c\u00f4ng nghi\u1ec7p, g\u00f3p ph\u1ea7n gi\u1ea3m thi\u1ec3u r\u1ee7i ro v\u1eadn h\u00e0nh, tai n\u1ea1n v\u00e0 b\u1ea3o v\u1ec7 m\u00f4i tr\u01b0\u1eddng. Vi\u1ec7c \u0111\u00e0o t\u1ea1o c\u1ea3i thi\u1ec7n t\u00ecnh tr\u1ea1ng thi\u1ebfu c\u00f4ng&hellip;<\/p>\n","protected":false},"author":1,"featured_media":0,"parent":2719,"menu_order":0,"comment_status":"closed","ping_status":"closed","template":"","meta":[],"_links":{"self":[{"href":"https:\/\/bsdgroup.com.vn\/vi\/wp-json\/wp\/v2\/pages\/2723"}],"collection":[{"href":"https:\/\/bsdgroup.com.vn\/vi\/wp-json\/wp\/v2\/pages"}],"about":[{"href":"https:\/\/bsdgroup.com.vn\/vi\/wp-json\/wp\/v2\/types\/page"}],"author":[{"embeddable":true,"href":"https:\/\/bsdgroup.com.vn\/vi\/wp-json\/wp\/v2\/users\/1"}],"replies":[{"embeddable":true,"href":"https:\/\/bsdgroup.com.vn\/vi\/wp-json\/wp\/v2\/comments?post=2723"}],"version-history":[{"count":1,"href":"https:\/\/bsdgroup.com.vn\/vi\/wp-json\/wp\/v2\/pages\/2723\/revisions"}],"predecessor-version":[{"id":2724,"href":"https:\/\/bsdgroup.com.vn\/vi\/wp-json\/wp\/v2\/pages\/2723\/revisions\/2724"}],"up":[{"embeddable":true,"href":"https:\/\/bsdgroup.com.vn\/vi\/wp-json\/wp\/v2\/pages\/2719"}],"wp:attachment":[{"href":"https:\/\/bsdgroup.com.vn\/vi\/wp-json\/wp\/v2\/media?parent=2723"}],"curies":[{"name":"wp","href":"https:\/\/api.w.org\/{rel}","templated":true}]}}