{"id":2721,"date":"2025-01-09T15:16:44","date_gmt":"2025-01-09T08:16:44","guid":{"rendered":"https:\/\/bsdgroup.com.vn\/?page_id=2721"},"modified":"2025-01-15T11:50:03","modified_gmt":"2025-01-15T04:50:03","slug":"dao-tao-dien","status":"publish","type":"page","link":"https:\/\/bsdgroup.com.vn\/vi\/dich-vu\/dao-tao-nghe\/dao-tao-dien","title":{"rendered":"\u0110\u00e0o t\u1ea1o \u0111i\u1ec7n"},"content":{"rendered":"<p>C\u00e1c kh\u00f3a \u0111\u00e0o t\u1ea1o v\u1ec1 v\u1eadn h\u00e0nh v\u00e0 x\u1eed l\u00fd s\u1ef1 c\u1ed1 \u0111i\u1ec7n tr\u00ean m\u00f4 h\u00ecnh m\u00f4 ph\u1ecfng 2D, 3D gi\u00fap h\u1ecdc vi\u00ean c\u00f3 c\u00e1i nh\u00ecn tr\u1ef1c quan v\u00e0 d\u1ec5 d\u00e0ng ti\u1ebfp thu qua c\u00e1c t\u00ecnh hu\u1ed1ng t\u00e1i thi\u1ebft th\u1ef1c t\u1ebf. Kh\u00f3a h\u1ecdc cung c\u1ea5p nh\u1eefng ki\u1ebfn \u200b\u200bth\u1ee9c t\u1eeb c\u01a1 b\u1ea3n \u0111\u1ebfn n\u00e2ng cao, ph\u00f9 h\u1ee3p v\u1edbi nhu c\u1ea7u ph\u00e1t tri\u1ec3n \u0111\u1ed9i ng\u0169 b\u1ea3o tr\u00ec \u0111i\u1ec7n c\u1ee7a doanh nghi\u1ec7p.<\/p>\n","protected":false},"excerpt":{"rendered":"<p>C\u00e1c kh\u00f3a \u0111\u00e0o t\u1ea1o v\u1ec1 v\u1eadn h\u00e0nh v\u00e0 x\u1eed l\u00fd s\u1ef1 c\u1ed1 \u0111i\u1ec7n tr\u00ean m\u00f4 h\u00ecnh m\u00f4 ph\u1ecfng 2D, 3D gi\u00fap h\u1ecdc vi\u00ean c\u00f3 c\u00e1i nh\u00ecn tr\u1ef1c quan v\u00e0 d\u1ec5 d\u00e0ng ti\u1ebfp thu qua c\u00e1c t\u00ecnh hu\u1ed1ng t\u00e1i thi\u1ebft th\u1ef1c t\u1ebf. Kh\u00f3a h\u1ecdc cung c\u1ea5p nh\u1eefng ki\u1ebfn \u200b\u200bth\u1ee9c t\u1eeb c\u01a1 b\u1ea3n \u0111\u1ebfn n\u00e2ng cao, ph\u00f9&hellip;<\/p>\n","protected":false},"author":1,"featured_media":0,"parent":2719,"menu_order":0,"comment_status":"closed","ping_status":"closed","template":"","meta":[],"_links":{"self":[{"href":"https:\/\/bsdgroup.com.vn\/vi\/wp-json\/wp\/v2\/pages\/2721"}],"collection":[{"href":"https:\/\/bsdgroup.com.vn\/vi\/wp-json\/wp\/v2\/pages"}],"about":[{"href":"https:\/\/bsdgroup.com.vn\/vi\/wp-json\/wp\/v2\/types\/page"}],"author":[{"embeddable":true,"href":"https:\/\/bsdgroup.com.vn\/vi\/wp-json\/wp\/v2\/users\/1"}],"replies":[{"embeddable":true,"href":"https:\/\/bsdgroup.com.vn\/vi\/wp-json\/wp\/v2\/comments?post=2721"}],"version-history":[{"count":1,"href":"https:\/\/bsdgroup.com.vn\/vi\/wp-json\/wp\/v2\/pages\/2721\/revisions"}],"predecessor-version":[{"id":2722,"href":"https:\/\/bsdgroup.com.vn\/vi\/wp-json\/wp\/v2\/pages\/2721\/revisions\/2722"}],"up":[{"embeddable":true,"href":"https:\/\/bsdgroup.com.vn\/vi\/wp-json\/wp\/v2\/pages\/2719"}],"wp:attachment":[{"href":"https:\/\/bsdgroup.com.vn\/vi\/wp-json\/wp\/v2\/media?parent=2721"}],"curies":[{"name":"wp","href":"https:\/\/api.w.org\/{rel}","templated":true}]}}