{"id":2716,"date":"2025-01-09T14:57:28","date_gmt":"2025-01-09T07:57:28","guid":{"rendered":"https:\/\/bsdgroup.com.vn\/?page_id=2716"},"modified":"2025-01-15T09:33:04","modified_gmt":"2025-01-15T02:33:04","slug":"dao-tao-co-khi","status":"publish","type":"page","link":"https:\/\/bsdgroup.com.vn\/vi\/dich-vu\/dao-tao-nghe\/dao-tao-co-khi","title":{"rendered":"\u0111\u00e0o t\u1ea1o c\u01a1 kh\u00ed"},"content":{"rendered":"<p>BSD cung c\u1ea5p c\u00e1c kh\u00f3a \u0111\u00e0o t\u1ea1o v\u1ec1 c\u01a1 kh\u00ed t\u1eeb c\u01a1 b\u1ea3n \u0111\u1ebfn n\u00e2ng cao \u0111\u1ec3 h\u1ecdc vi\u00ean c\u00f3 th\u1ec3 n\u1eafm v\u1eefng nh\u1eefng ki\u1ebfn \u200b\u200bth\u1ee9c, k\u1ef9 n\u0103ng c\u1ea7n thi\u1ebft khi l\u00e0m vi\u1ec7c trong nh\u00e0 m\u00e1y m\u1ed9t c\u00e1ch su\u00f4n s\u1ebb. L\u01b0\u1ee3ng ki\u1ebfn \u200b\u200bth\u1ee9c c\u00f4 \u0111\u1ecdng nh\u01b0ng v\u1eabn \u0111\u1ea3m b\u1ea3o nhu c\u1ea7u c\u1ea7n thi\u1ebft gi\u00fap c\u00e1 nh\u00e2n, doanh nghi\u1ec7p ti\u1ebft ki\u1ec7m th\u1eddi gian v\u00e0 chi ph\u00ed.<\/p>\n","protected":false},"excerpt":{"rendered":"<p>BSD cung c\u1ea5p c\u00e1c kh\u00f3a \u0111\u00e0o t\u1ea1o v\u1ec1 c\u01a1 kh\u00ed t\u1eeb c\u01a1 b\u1ea3n \u0111\u1ebfn n\u00e2ng cao \u0111\u1ec3 h\u1ecdc vi\u00ean c\u00f3 th\u1ec3 n\u1eafm v\u1eefng nh\u1eefng ki\u1ebfn \u200b\u200bth\u1ee9c, k\u1ef9 n\u0103ng c\u1ea7n thi\u1ebft khi l\u00e0m vi\u1ec7c trong nh\u00e0 m\u00e1y m\u1ed9t c\u00e1ch su\u00f4n s\u1ebb. L\u01b0\u1ee3ng ki\u1ebfn \u200b\u200bth\u1ee9c c\u00f4 \u0111\u1ecdng nh\u01b0ng v\u1eabn \u0111\u1ea3m b\u1ea3o nhu c\u1ea7u c\u1ea7n thi\u1ebft gi\u00fap c\u00e1&hellip;<\/p>\n","protected":false},"author":1,"featured_media":0,"parent":2719,"menu_order":0,"comment_status":"closed","ping_status":"closed","template":"","meta":[],"_links":{"self":[{"href":"https:\/\/bsdgroup.com.vn\/vi\/wp-json\/wp\/v2\/pages\/2716"}],"collection":[{"href":"https:\/\/bsdgroup.com.vn\/vi\/wp-json\/wp\/v2\/pages"}],"about":[{"href":"https:\/\/bsdgroup.com.vn\/vi\/wp-json\/wp\/v2\/types\/page"}],"author":[{"embeddable":true,"href":"https:\/\/bsdgroup.com.vn\/vi\/wp-json\/wp\/v2\/users\/1"}],"replies":[{"embeddable":true,"href":"https:\/\/bsdgroup.com.vn\/vi\/wp-json\/wp\/v2\/comments?post=2716"}],"version-history":[{"count":1,"href":"https:\/\/bsdgroup.com.vn\/vi\/wp-json\/wp\/v2\/pages\/2716\/revisions"}],"predecessor-version":[{"id":2717,"href":"https:\/\/bsdgroup.com.vn\/vi\/wp-json\/wp\/v2\/pages\/2716\/revisions\/2717"}],"up":[{"embeddable":true,"href":"https:\/\/bsdgroup.com.vn\/vi\/wp-json\/wp\/v2\/pages\/2719"}],"wp:attachment":[{"href":"https:\/\/bsdgroup.com.vn\/vi\/wp-json\/wp\/v2\/media?parent=2716"}],"curies":[{"name":"wp","href":"https:\/\/api.w.org\/{rel}","templated":true}]}}