{"id":1995,"date":"2022-05-09T10:57:49","date_gmt":"2022-05-09T03:57:49","guid":{"rendered":"http:\/\/bsdgroupcomvn925.chiliweb.org\/?page_id=1995"},"modified":"2025-01-17T16:34:39","modified_gmt":"2025-01-17T09:34:39","slug":"cung-ung-luc-luong-lao-dong","status":"publish","type":"page","link":"https:\/\/bsdgroup.com.vn\/vi\/dich-vu\/cung-ung-luc-luong-lao-dong","title":{"rendered":"Cung \u1ee9ng l\u1ef1c l\u01b0\u1ee3ng lao \u0111\u1ed9ng"},"content":{"rendered":"<h4>BSD cung c\u1ea5p d\u1ecbch v\u1ee5 cung \u1ee9ng l\u1ef1c l\u01b0\u1ee3ng lao \u0111\u1ed9ng trong c\u00e1c l\u0129nh v\u1ef1c c\u00f4ng nghi\u1ec7p, n\u00f4ng nghi\u1ec7p v\u00e0 d\u1ecbch v\u1ee5. L\u1ef1c l\u01b0\u1ee3ng lao \u0111\u1ed9ng \u0111\u01b0\u1ee3c \u0111\u00e0o t\u1ea1o v\u1ec1 k\u1ef9 n\u0103ng chuy\u00ean m\u00f4n ph\u00f9 h\u1ee3p v\u1edbi y\u00eau c\u1ea7u v\u00e0 t\u00ednh ch\u1ea5t c\u00f4ng vi\u1ec7c c\u1ea7n thi\u1ebft. BSD s\u1ebd ti\u1ebfp nh\u1eadn y\u00eau c\u1ea7u v\u00e0 cung c\u1ea5p nh\u00e2n s\u1ef1 theo mong mu\u1ed1n c\u1ee7a kh\u00e1ch h\u00e0ng.<\/h4>\n<h4><strong>N\u0103ng l\u01b0\u1ee3ng t\u00e1i t\u1ea1o<\/strong><\/h4>\n<h4>Qu\u00e1 tr\u00ecnh th\u00e0nh l\u1eadp m\u1ed9t trang tr\u1ea1i \u0111i\u1ec7n gi\u00f3\/m\u1eb7t tr\u1eddi \u0111\u00f2i h\u1ecfi ngu\u1ed3n nh\u00e2n l\u1ef1c \u0111\u00f4ng \u0111\u1ea3o, c\u00f3 kinh nghi\u1ec7m v\u00e0 tay ngh\u1ec1 cao. \u0110\u1ec3 gi\u1ea3i quy\u1ebft nhu c\u1ea7u cao n\u00e0y, BSD h\u1ee3p t\u00e1c v\u1edbi c\u00e1c vi\u1ec7n, h\u1ecdc vi\u1ec7n v\u00e0 doanh nghi\u1ec7p x\u00e2y d\u1ef1ng \u0111\u1ec3 ph\u00e1t tri\u1ec3n l\u1ef1c l\u01b0\u1ee3ng lao \u0111\u1ed9ng chuy\u00ean bi\u1ec7t cho ng\u00e0nh n\u0103ng l\u01b0\u1ee3ng t\u00e1i t\u1ea1o. T\u1eeb \u00fd t\u01b0\u1edfng \u0111\u1ebfn ho\u00e0n thi\u1ec7n, nh\u00e2n vi\u00ean c\u1ee7a ch\u00fang t\u00f4i l\u00e0m vi\u1ec7c trong nhi\u1ec1u giai \u0111o\u1ea1n kh\u00e1c nhau (kh\u1ea3o s\u00e1t, thi\u1ebft k\u1ebf, v\u1eadn chuy\u1ec3n, x\u00e2y d\u1ef1ng, l\u1eafp \u0111\u1eb7t, ch\u1ea1y th\u1eed, v\u1eadn h\u00e0nh, b\u1ea3o tr\u00ec, &#8230;)<\/h4>\n<h4><strong>X\u00e2y d\u1ef1ng<\/strong>\u00a0<\/h4>\n<h4>BSD cung c\u1ea5p nh\u00e2n l\u1ef1c c\u00e1c ch\u1ee9c danh cho ng\u00e0nh x\u00e2y d\u1ef1ng nh\u01b0 sau:\u00a0Gi\u00e0n gi\u00e1o c\u1ea5p 1\/2\/3\u00a0Th\u1ee3 h\u00e0n 3G\/ 4G\/ 6G\u00a0Th\u1ee3 ph\u1ee5\u00a0T\u00e0i x\u1ebf xe c\u1ea9u\u00a0Th\u1ee3 l\u1eafp m\u00e1y\u00a0Ng\u01b0\u1eddi quay\u00a0Nh\u00e0 m\u00e1y v\u1eadn h\u00e0nh\u00a0Gi\u00e1 tr\u1ecb c\u1ee7a b\u1ea5t k\u1ef3 nh\u00e0 m\u00e1y ho\u1eb7c doanh nghi\u1ec7p n\u00e0o \u0111\u1ec1u l\u00e0 vi\u1ec7c t\u1ea1o ra c\u00e1c m\u1eb7t h\u00e0ng cho ng\u01b0\u1eddi ti\u00eau d\u00f9ng. \u0110\u1ec3 ph\u00e1t tri\u1ec3n nh\u1eefng gi\u00e1 tr\u1ecb \u0111\u00f3, \u0111\u1ed9i ng\u0169 k\u1ef9 s\u01b0, k\u1ef9 thu\u1eadt vi\u00ean ph\u1ea3i t\u00edch c\u1ef1c v\u1eadn h\u00e0nh \u0111\u1ec3 nh\u00e0 m\u00e1y, c\u00f4ng ty li\u00ean t\u1ee5c t\u1ea1o ra gi\u00e1 tr\u1ecb cho doanh nghi\u1ec7p v\u00e0 cho ch\u00ednh h\u1ecd.\u00a0\u0110\u1ed9i ng\u0169 k\u1ef9 s\u01b0, k\u1ef9 thu\u1eadt vi\u00ean v\u1eadn h\u00e0nh c\u1ee7a ch\u00fang t\u00f4i \u0111\u01b0\u1ee3c \u0111\u00e0o t\u1ea1o b\u00e0i b\u1ea3n v\u1ec1 k\u1ef9 n\u0103ng v\u00e0 ki\u1ebfn \u200b\u200bth\u1ee9c, kh\u00f4ng ng\u1eebng h\u1ecdc h\u1ecfi, t\u00edch l\u0169y kinh nghi\u1ec7m \u0111\u1ec3 c\u00f3 th\u1ec3 tham gia v\u1eadn h\u00e0nh m\u1ed9t quy tr\u00ecnh s\u1ea3n xu\u1ea5t v\u00e0 gi\u1ea3i quy\u1ebft m\u1ecdi kh\u00f3 kh\u0103n c\u00f3 th\u1ec3 ph\u00e1t sinh, gi\u1ea3m thi\u1ec3u r\u1ee7i ro kh\u00f4ng \u1ea3nh h\u01b0\u1edfng \u0111\u1ebfn qu\u00e1 tr\u00ecnh v\u1eadn h\u00e0nh. .\u00a0BSD hi\u1ec7n cung c\u1ea5p cho kh\u00e1ch h\u00e0ng c\u00e1c vai tr\u00f2 sau: Tr\u01b0\u1edfng ca, Gi\u00e1m s\u00e1t, K\u1ef9 s\u01b0 gi\u00e1m s\u00e1t v\u1eadn h\u00e0nh, k\u1ef9 thu\u1eadt vi\u00ean\/v\u1eadn h\u00e0nh m\u00e1y, thi\u1ebft b\u1ecb, v.v.<\/h4>\n<h4><strong>C\u00f4ng nghi\u1ec7p th\u1ef1c ph\u1ea9m<\/strong>\u00a0<\/h4>\n<h4>Con ng\u01b0\u1eddi ng\u00e0y nay \u0111\u00e1nh gi\u00e1 cao vi\u1ec7c \u0103n u\u1ed1ng s\u1ea1ch s\u1ebd, l\u00e0nh m\u1ea1nh. \u0110\u1ec3 c\u00f3 \u0111\u01b0\u1ee3c h\u00e0ng h\u00f3a ch\u1ea5t l\u01b0\u1ee3ng ngang b\u1eb1ng v\u1edbi c\u00e1c doanh nghi\u1ec7p kh\u00e1c, c\u00e1c nh\u00e0 m\u00e1y ch\u1ebf bi\u1ebfn th\u1ef1c ph\u1ea9m ph\u1ea3i c\u00f3 \u0111\u1ed9i ng\u0169 nh\u00e2n l\u1ef1c c\u00f3 tay ngh\u1ec1 cao c\u0169ng nh\u01b0 \u00fd th\u1ee9c \u0111\u01b0\u1ee3c t\u1ea7m quan tr\u1ecdng c\u1ee7a s\u1ea3n ph\u1ea9m m\u00ecnh s\u1ea3n xu\u1ea5t ra nh\u1eb1m mang l\u1ea1i gi\u00e1 tr\u1ecb t\u1ed1t nh\u1ea5t cho ng\u01b0\u1eddi ti\u00eau d\u00f9ng.\u00a0BSD kh\u00f4ng ng\u1eebng h\u1ecdc h\u1ecfi v\u00e0 n\u00e2ng cao ch\u1ea5t l\u01b0\u1ee3ng c\u1ee7a c\u00e1c chuy\u00ean gia trong l\u0129nh v\u1ef1c th\u1ef1c ph\u1ea9m c\u1ee7a m\u00ecnh. Ch\u00fang t\u00f4i cung c\u1ea5p nh\u00e2n l\u1ef1c cho to\u00e0n b\u1ed9 quy tr\u00ecnh s\u1ea3n xu\u1ea5t s\u1ea3n ph\u1ea9m, bao g\u1ed3m t\u1ea5t c\u1ea3 c\u00e1c giai \u0111o\u1ea1n.:\u00a0Chu\u1ea9n b\u1ecb nguy\u00ean li\u1ec7u\u00a0S\u1ea3n xu\u1ea5t\u00a0\u0111\u00f3ng g\u00f3i\u00a0QA\/QC\u00a0V\u1eadn t\u1ea3i\u00a0Ngo\u00e0i ra c\u00f2n c\u00f3 qu\u1ea3n l\u00fd ca s\u1ea3n xu\u1ea5t, qu\u1ea3n l\u00fd ch\u1ea5t l\u01b0\u1ee3ng s\u1ea3n ph\u1ea9m, mua nguy\u00ean li\u1ec7u,\u2026<\/h4>\n<h4><strong>D\u1ecbch v\u1ee5 v\u1ec7 sinh c\u00f4ng nghi\u1ec7p<\/strong><\/h4>\n<h4>\u00a0L\u00e0m s\u1ea1ch s\u00e0n, t\u01b0\u1edbc, ho\u00e0n thi\u1ec7n v\u00e0 ni\u00eam phong\u00a0Gi\u1eb7t th\u1ea3m v\u00e0 b\u1ecdc gh\u1ebf c\u00f4ng nghi\u1ec7p\u00a0Lau ch\u00f9i c\u1eeda s\u1ed5 v\u00e0 k\u00ednh\u00a0\u0110\u00e1nh b\u00f3ng s\u00e0n \u0111\u00e1, b\u00ea t\u00f4ng, g\u1ea1ch\u00a0Gi\u1eb7t gh\u1ebf sofa, gh\u1ebf b\u00e0nh v\u00e0 gh\u1ebf<\/h4>\n","protected":false},"excerpt":{"rendered":"<p>BSD cung c\u1ea5p d\u1ecbch v\u1ee5 cung \u1ee9ng l\u1ef1c l\u01b0\u1ee3ng lao \u0111\u1ed9ng trong c\u00e1c l\u0129nh v\u1ef1c c\u00f4ng nghi\u1ec7p, n\u00f4ng nghi\u1ec7p v\u00e0 d\u1ecbch v\u1ee5. L\u1ef1c l\u01b0\u1ee3ng lao \u0111\u1ed9ng \u0111\u01b0\u1ee3c \u0111\u00e0o t\u1ea1o v\u1ec1 k\u1ef9 n\u0103ng chuy\u00ean m\u00f4n ph\u00f9 h\u1ee3p v\u1edbi y\u00eau c\u1ea7u v\u00e0 t\u00ednh ch\u1ea5t c\u00f4ng vi\u1ec7c c\u1ea7n thi\u1ebft. BSD s\u1ebd ti\u1ebfp nh\u1eadn y\u00eau c\u1ea7u v\u00e0 cung c\u1ea5p&hellip;<\/p>\n","protected":false},"author":2,"featured_media":0,"parent":1609,"menu_order":0,"comment_status":"closed","ping_status":"closed","template":"","meta":[],"_links":{"self":[{"href":"https:\/\/bsdgroup.com.vn\/vi\/wp-json\/wp\/v2\/pages\/1995"}],"collection":[{"href":"https:\/\/bsdgroup.com.vn\/vi\/wp-json\/wp\/v2\/pages"}],"about":[{"href":"https:\/\/bsdgroup.com.vn\/vi\/wp-json\/wp\/v2\/types\/page"}],"author":[{"embeddable":true,"href":"https:\/\/bsdgroup.com.vn\/vi\/wp-json\/wp\/v2\/users\/2"}],"replies":[{"embeddable":true,"href":"https:\/\/bsdgroup.com.vn\/vi\/wp-json\/wp\/v2\/comments?post=1995"}],"version-history":[{"count":11,"href":"https:\/\/bsdgroup.com.vn\/vi\/wp-json\/wp\/v2\/pages\/1995\/revisions"}],"predecessor-version":[{"id":2877,"href":"https:\/\/bsdgroup.com.vn\/vi\/wp-json\/wp\/v2\/pages\/1995\/revisions\/2877"}],"up":[{"embeddable":true,"href":"https:\/\/bsdgroup.com.vn\/vi\/wp-json\/wp\/v2\/pages\/1609"}],"wp:attachment":[{"href":"https:\/\/bsdgroup.com.vn\/vi\/wp-json\/wp\/v2\/media?parent=1995"}],"curies":[{"name":"wp","href":"https:\/\/api.w.org\/{rel}","templated":true}]}}