{"id":1952,"date":"2022-05-09T10:00:56","date_gmt":"2022-05-09T03:00:56","guid":{"rendered":"http:\/\/bsdgroupcomvn925.chiliweb.org\/?page_id=1952"},"modified":"2025-01-09T16:12:09","modified_gmt":"2025-01-09T09:12:09","slug":"thiet-bi-bao-ho-ca-nhan-ppe","status":"publish","type":"page","link":"https:\/\/bsdgroup.com.vn\/vi\/thiet-bi-bao-ho-ca-nhan-ppe","title":{"rendered":"Thi\u1ebft b\u1ecb b\u1ea3o h\u1ed9 c\u00e1 nh\u00e2n PPE"},"content":{"rendered":"<p>BSD chuy\u00ean cung c\u1ea5p c\u00e1c thi\u1ebft b\u1ecb an to\u00e0n n\u00f3i chung trong l\u0129nh v\u1ef1c \u0111i\u1ec7n gi\u00f3. \u0110\u1eb7c bi\u1ec7t l\u00e0 c\u00e1c thi\u1ebft b\u1ecb an to\u00e0n c\u00e1 nh\u00e2n cho nhu c\u1ea7u l\u00e0m vi\u1ec7c tr\u00ean cao \u0111\u1ec3 \u0111\u00e1p \u1ee9ng c\u00e1c ti\u00eau chu\u1ea9n an to\u00e0n k\u1ef9 thu\u1eadt \u0111\u1ea3m b\u1ea3o cho ng\u01b0\u1eddi lao \u0111\u1ed9ng an t\u00e2m v\u00e0 tho\u1ea3i m\u00e1i l\u00e0m vi\u1ec7c.<\/p>\n","protected":false},"excerpt":{"rendered":"<p>BSD chuy\u00ean cung c\u1ea5p c\u00e1c thi\u1ebft b\u1ecb an to\u00e0n n\u00f3i chung trong l\u0129nh v\u1ef1c \u0111i\u1ec7n gi\u00f3. \u0110\u1eb7c bi\u1ec7t l\u00e0 c\u00e1c thi\u1ebft b\u1ecb an to\u00e0n c\u00e1 nh\u00e2n cho nhu c\u1ea7u l\u00e0m vi\u1ec7c tr\u00ean cao \u0111\u1ec3 \u0111\u00e1p \u1ee9ng c\u00e1c ti\u00eau chu\u1ea9n an to\u00e0n k\u1ef9 thu\u1eadt \u0111\u1ea3m b\u1ea3o cho ng\u01b0\u1eddi lao \u0111\u1ed9ng an t\u00e2m v\u00e0 tho\u1ea3i m\u00e1i l\u00e0m&hellip;<\/p>\n","protected":false},"author":2,"featured_media":0,"parent":0,"menu_order":0,"comment_status":"closed","ping_status":"closed","template":"","meta":[],"_links":{"self":[{"href":"https:\/\/bsdgroup.com.vn\/vi\/wp-json\/wp\/v2\/pages\/1952"}],"collection":[{"href":"https:\/\/bsdgroup.com.vn\/vi\/wp-json\/wp\/v2\/pages"}],"about":[{"href":"https:\/\/bsdgroup.com.vn\/vi\/wp-json\/wp\/v2\/types\/page"}],"author":[{"embeddable":true,"href":"https:\/\/bsdgroup.com.vn\/vi\/wp-json\/wp\/v2\/users\/2"}],"replies":[{"embeddable":true,"href":"https:\/\/bsdgroup.com.vn\/vi\/wp-json\/wp\/v2\/comments?post=1952"}],"version-history":[{"count":2,"href":"https:\/\/bsdgroup.com.vn\/vi\/wp-json\/wp\/v2\/pages\/1952\/revisions"}],"predecessor-version":[{"id":2734,"href":"https:\/\/bsdgroup.com.vn\/vi\/wp-json\/wp\/v2\/pages\/1952\/revisions\/2734"}],"wp:attachment":[{"href":"https:\/\/bsdgroup.com.vn\/vi\/wp-json\/wp\/v2\/media?parent=1952"}],"curies":[{"name":"wp","href":"https:\/\/api.w.org\/{rel}","templated":true}]}}