{"id":1950,"date":"2022-05-09T09:59:12","date_gmt":"2022-05-09T02:59:12","guid":{"rendered":"http:\/\/bsdgroupcomvn925.chiliweb.org\/?page_id=1950"},"modified":"2025-02-17T10:11:47","modified_gmt":"2025-02-17T03:11:47","slug":"san-pham-theo-yeu-cau-cua-khach-hang","status":"publish","type":"page","link":"https:\/\/bsdgroup.com.vn\/vi\/san-pham\/san-pham-theo-yeu-cau-cua-khach-hang","title":{"rendered":"S\u1ea3n ph\u1ea9m theo y\u00eau c\u1ea7u c\u1ee7a kh\u00e1ch h\u00e0ng"},"content":{"rendered":"<p>\u0110\u1ec3 \u0111\u00e1p \u1ee9ng nhu c\u1ea7u c\u1ee7a Qu\u00fd KH, BSD s\u1ebd ti\u1ebfp nh\u1eadn t\u1ea5t c\u1ea3 c\u00e1c y\u00eau c\u1ea7u v\u1ec1 thi\u1ebft b\u1ecb, s\u1ea3n ph\u1ea9m, d\u1ecbch v\u1ee5 \u0111\u1ec3 x\u1eed l\u00ed, t\u01b0 v\u1ea5n v\u00e0 ti\u1ebfn h\u00e0nh Order \/ T\u00ecm ki\u1ebfm nh\u00e0 cung c\u1ea5p \u0111\u1ec3 h\u1ed7 tr\u1ee3 KH trong ph\u1ea1m vi k\u1ef9 thu\u1eadt v\u00e0 kh\u1ea3 n\u0103ng c\u1ee7a m\u00ecnh.<\/p>\n","protected":false},"excerpt":{"rendered":"<p>\u0110\u1ec3 \u0111\u00e1p \u1ee9ng nhu c\u1ea7u c\u1ee7a Qu\u00fd KH, BSD s\u1ebd ti\u1ebfp nh\u1eadn t\u1ea5t c\u1ea3 c\u00e1c y\u00eau c\u1ea7u v\u1ec1 thi\u1ebft b\u1ecb, s\u1ea3n ph\u1ea9m, d\u1ecbch v\u1ee5 \u0111\u1ec3 x\u1eed l\u00ed, t\u01b0 v\u1ea5n v\u00e0 ti\u1ebfn h\u00e0nh Order \/ T\u00ecm ki\u1ebfm nh\u00e0 cung c\u1ea5p \u0111\u1ec3 h\u1ed7 tr\u1ee3 KH trong ph\u1ea1m vi k\u1ef9 thu\u1eadt v\u00e0 kh\u1ea3 n\u0103ng c\u1ee7a m\u00ecnh.<\/p>\n","protected":false},"author":2,"featured_media":0,"parent":1977,"menu_order":0,"comment_status":"closed","ping_status":"closed","template":"","meta":[],"_links":{"self":[{"href":"https:\/\/bsdgroup.com.vn\/vi\/wp-json\/wp\/v2\/pages\/1950"}],"collection":[{"href":"https:\/\/bsdgroup.com.vn\/vi\/wp-json\/wp\/v2\/pages"}],"about":[{"href":"https:\/\/bsdgroup.com.vn\/vi\/wp-json\/wp\/v2\/types\/page"}],"author":[{"embeddable":true,"href":"https:\/\/bsdgroup.com.vn\/vi\/wp-json\/wp\/v2\/users\/2"}],"replies":[{"embeddable":true,"href":"https:\/\/bsdgroup.com.vn\/vi\/wp-json\/wp\/v2\/comments?post=1950"}],"version-history":[{"count":3,"href":"https:\/\/bsdgroup.com.vn\/vi\/wp-json\/wp\/v2\/pages\/1950\/revisions"}],"predecessor-version":[{"id":2894,"href":"https:\/\/bsdgroup.com.vn\/vi\/wp-json\/wp\/v2\/pages\/1950\/revisions\/2894"}],"up":[{"embeddable":true,"href":"https:\/\/bsdgroup.com.vn\/vi\/wp-json\/wp\/v2\/pages\/1977"}],"wp:attachment":[{"href":"https:\/\/bsdgroup.com.vn\/vi\/wp-json\/wp\/v2\/media?parent=1950"}],"curies":[{"name":"wp","href":"https:\/\/api.w.org\/{rel}","templated":true}]}}