{"id":1948,"date":"2022-05-09T09:58:39","date_gmt":"2022-05-09T02:58:39","guid":{"rendered":"http:\/\/bsdgroupcomvn925.chiliweb.org\/?page_id=1948"},"modified":"2025-01-16T10:40:52","modified_gmt":"2025-01-16T03:40:52","slug":"xe-keo-hang-len-cau-thang","status":"publish","type":"page","link":"https:\/\/bsdgroup.com.vn\/vi\/xe-keo-hang-len-cau-thang","title":{"rendered":"Xe k\u00e9o h\u00e0ng l\u00ean c\u1ea7u thang"},"content":{"rendered":"<p>Xe \u0111\u1ea9y h\u00e0ng leo c\u1ea7u thang l\u00e0 m\u1ed9t thi\u1ebft b\u1ecb chuy\u00ean d\u00f9ng \u0111\u1ec3 v\u1eadn chuy\u1ec3n h\u00e0ng leo b\u1eadc thang ho\u1eb7c c\u00e1c \u0111\u01b0\u1eddng v\u1eadn chuy\u1ec3n c\u00f3 d\u1ed1c cao, \u0111\u01b0\u1eddng v\u1eadn chuy\u1ec3n xa. Ph\u1ea7n \u0111\u1ebf ch\u1ecbu l\u1ef1c v\u00e0 khung b\u00e1nh xe \u0111\u01b0\u1ee3c l\u00e0m t\u1eeb nh\u00f4m \u0111\u00fac nguy\u00ean kh\u1ed1i gi\u00fap cho xe k\u00e9o \u0111\u1ea9y h\u00e0ng c\u00f3 m\u1ed9t b\u1ed9 khung ch\u1ecbu l\u1ef1c t\u1ed1t c\u00f3 th\u1ec3 k\u00e9o \u0111\u01b0\u1ee3c kh\u1ed1i l\u01b0\u1ee3ng h\u00e0ng l\u1edbn \u1edf \u0111\u01b0\u1eddng b\u1eb1ng l\u00ean t\u1edbi 100kg v\u00e0 50kg khi leo l\u00ean ho\u1eb7c xu\u1ed1ng c\u1ea7u thang.<\/p>\n","protected":false},"excerpt":{"rendered":"<p>Xe \u0111\u1ea9y h\u00e0ng leo c\u1ea7u thang l\u00e0 m\u1ed9t thi\u1ebft b\u1ecb chuy\u00ean d\u00f9ng \u0111\u1ec3 v\u1eadn chuy\u1ec3n h\u00e0ng leo b\u1eadc thang ho\u1eb7c c\u00e1c \u0111\u01b0\u1eddng v\u1eadn chuy\u1ec3n c\u00f3 d\u1ed1c cao, \u0111\u01b0\u1eddng v\u1eadn chuy\u1ec3n xa. Ph\u1ea7n \u0111\u1ebf ch\u1ecbu l\u1ef1c v\u00e0 khung b\u00e1nh xe \u0111\u01b0\u1ee3c l\u00e0m t\u1eeb nh\u00f4m \u0111\u00fac nguy\u00ean kh\u1ed1i gi\u00fap cho xe k\u00e9o \u0111\u1ea9y h\u00e0ng c\u00f3 m\u1ed9t b\u1ed9&hellip;<\/p>\n","protected":false},"author":2,"featured_media":0,"parent":0,"menu_order":0,"comment_status":"closed","ping_status":"closed","template":"","meta":[],"_links":{"self":[{"href":"https:\/\/bsdgroup.com.vn\/vi\/wp-json\/wp\/v2\/pages\/1948"}],"collection":[{"href":"https:\/\/bsdgroup.com.vn\/vi\/wp-json\/wp\/v2\/pages"}],"about":[{"href":"https:\/\/bsdgroup.com.vn\/vi\/wp-json\/wp\/v2\/types\/page"}],"author":[{"embeddable":true,"href":"https:\/\/bsdgroup.com.vn\/vi\/wp-json\/wp\/v2\/users\/2"}],"replies":[{"embeddable":true,"href":"https:\/\/bsdgroup.com.vn\/vi\/wp-json\/wp\/v2\/comments?post=1948"}],"version-history":[{"count":4,"href":"https:\/\/bsdgroup.com.vn\/vi\/wp-json\/wp\/v2\/pages\/1948\/revisions"}],"predecessor-version":[{"id":2567,"href":"https:\/\/bsdgroup.com.vn\/vi\/wp-json\/wp\/v2\/pages\/1948\/revisions\/2567"}],"wp:attachment":[{"href":"https:\/\/bsdgroup.com.vn\/vi\/wp-json\/wp\/v2\/media?parent=1948"}],"curies":[{"name":"wp","href":"https:\/\/api.w.org\/{rel}","templated":true}]}}