{"id":1942,"date":"2022-05-09T09:52:15","date_gmt":"2022-05-09T02:52:15","guid":{"rendered":"http:\/\/bsdgroupcomvn925.chiliweb.org\/?page_id=1942"},"modified":"2025-01-09T16:18:28","modified_gmt":"2025-01-09T09:18:28","slug":"thung-nang","status":"publish","type":"page","link":"https:\/\/bsdgroup.com.vn\/vi\/thung-nang","title":{"rendered":"Th\u00f9ng n\u00e2ng"},"content":{"rendered":"<p>Powered Stair Climbers l\u00e0 c\u00e1c thi\u1ebft b\u1ecb s\u1eed d\u1ee5ng trong m\u1ee5c \u0111\u00edch n\u00e2ng h\u1ea1, v\u1eadn chuy\u1ec3n c\u00e1c s\u1ea3n ph\u1ea9m, trang thi\u1ebft b\u1ecb n\u1eb7ng (m\u00e1y in, t\u1ee7 l\u1ea1nh, m\u00e1y gi\u1eb7t,\u2026) trong kh\u00f4ng gian di chuy\u1ec3n h\u1ea1n ch\u1ebf, thi\u1ebfu ng\u01b0\u1eddi v\u1eadn chuy\u1ec3n v\u00e0 thi\u1ebfu thi\u1ebft b\u1ecb v\u1eadn chuy\u1ec3n h\u1ea1ng n\u1eb7ng nh\u01b0 xe n\u00e2ng, thang m\u00e1y.<br \/>\nThi\u1ebft b\u1ecb n\u00e2ng, h\u1ea1, di chuy\u1ec3n b\u1eb1ng \u0111i\u1ec7n gi\u00fap ng\u01b0\u1eddi s\u1eed d\u1ee5ng d\u1ec5 d\u00e0ng thao t\u00e1c v\u00e0 ti\u1ebft ki\u1ec7m nh\u00e2n s\u1ef1 \u0111\u1ec3 v\u1eadn h\u00e0nh.<\/p>\n","protected":false},"excerpt":{"rendered":"<p>Powered Stair Climbers l\u00e0 c\u00e1c thi\u1ebft b\u1ecb s\u1eed d\u1ee5ng trong m\u1ee5c \u0111\u00edch n\u00e2ng h\u1ea1, v\u1eadn chuy\u1ec3n c\u00e1c s\u1ea3n ph\u1ea9m, trang thi\u1ebft b\u1ecb n\u1eb7ng (m\u00e1y in, t\u1ee7 l\u1ea1nh, m\u00e1y gi\u1eb7t,\u2026) trong kh\u00f4ng gian di chuy\u1ec3n h\u1ea1n ch\u1ebf, thi\u1ebfu ng\u01b0\u1eddi v\u1eadn chuy\u1ec3n v\u00e0 thi\u1ebfu thi\u1ebft b\u1ecb v\u1eadn chuy\u1ec3n h\u1ea1ng n\u1eb7ng nh\u01b0 xe n\u00e2ng, thang m\u00e1y. Thi\u1ebft b\u1ecb&hellip;<\/p>\n","protected":false},"author":2,"featured_media":0,"parent":0,"menu_order":0,"comment_status":"closed","ping_status":"closed","template":"","meta":[],"_links":{"self":[{"href":"https:\/\/bsdgroup.com.vn\/vi\/wp-json\/wp\/v2\/pages\/1942"}],"collection":[{"href":"https:\/\/bsdgroup.com.vn\/vi\/wp-json\/wp\/v2\/pages"}],"about":[{"href":"https:\/\/bsdgroup.com.vn\/vi\/wp-json\/wp\/v2\/types\/page"}],"author":[{"embeddable":true,"href":"https:\/\/bsdgroup.com.vn\/vi\/wp-json\/wp\/v2\/users\/2"}],"replies":[{"embeddable":true,"href":"https:\/\/bsdgroup.com.vn\/vi\/wp-json\/wp\/v2\/comments?post=1942"}],"version-history":[{"count":6,"href":"https:\/\/bsdgroup.com.vn\/vi\/wp-json\/wp\/v2\/pages\/1942\/revisions"}],"predecessor-version":[{"id":2739,"href":"https:\/\/bsdgroup.com.vn\/vi\/wp-json\/wp\/v2\/pages\/1942\/revisions\/2739"}],"wp:attachment":[{"href":"https:\/\/bsdgroup.com.vn\/vi\/wp-json\/wp\/v2\/media?parent=1942"}],"curies":[{"name":"wp","href":"https:\/\/api.w.org\/{rel}","templated":true}]}}