{"id":1913,"date":"2022-02-17T13:15:04","date_gmt":"2022-02-17T06:15:04","guid":{"rendered":"http:\/\/bsdgroupcomvn925.chiliweb.org\/?page_id=1913"},"modified":"2025-01-17T16:42:46","modified_gmt":"2025-01-17T09:42:46","slug":"giao-duc-va-viec-lam","status":"publish","type":"page","link":"https:\/\/bsdgroup.com.vn\/vi\/dich-vu\/giao-duc-va-viec-lam","title":{"rendered":"Gi\u00e1o d\u1ee5c v\u00e0 Vi\u1ec7c l\u00e0m"},"content":{"rendered":"<h3>\n\t\tGi\u00e1o d\u1ee5c v\u00e0 Vi\u1ec7c l\u00e0m<br \/>\n\t<\/h3>\n<p style=\"text-align: center; color: #fff; font-size: 18px;\">C\u00e1c kh\u00f3a h\u1ecdc \u0111\u1ea1t chu\u1ea9n \u0111i k\u00e8m v\u1edbi \u0111\u1ed9i ng\u0169 gi\u1ea3ng vi\u00ean, gi\u00e1o vi\u00ean gi\u00e0u kinh nghi\u1ec7m, s\u1eb5n s\u00e0ng chia s\u1ebb v\u00e0 h\u01b0\u1edbng d\u1eabn h\u1ecdc vi\u00ean m\u1ed9t c\u00e1ch t\u1ec9 m\u1ec9 v\u00e0 d\u1ec5 hi\u1ec3u nh\u1ea5t. Ch\u00fang t\u00f4i cam k\u1ebft v\u1edbi b\u1ea1n v\u1ec1 ch\u1ea5t l\u01b0\u1ee3ng kh\u00f3a h\u1ecdc v\u00e0 nh\u1eefng g\u00ec b\u1ea1n nh\u1eadn \u0111\u01b0\u1ee3c sau \u0111\u00f3 l\u00e0 ho\u00e0n to\u00e0n ph\u00f9 h\u1ee3p v\u1edbi nhu c\u1ea7u c\u1ee7a b\u1ea1n v\u00e0 c\u00f4ng vi\u1ec7c. H\u00e3y \u0111\u1ebfn v\u1edbi ch\u00fang t\u00f4i ngay khi b\u1ea1n g\u1eb7p kh\u00f3 kh\u0103n.<\/p>\n<p>\t\t\t\t<img src=\"http:\/\/bsdgroupcomvn925.chiliweb.org\/wp-content\/uploads\/2021\/11\/Professtional-and-development.jpg\" alt=\"Professtional-and-development\" itemprop=\"image\"\/><\/p>\n<h3><\/h3>\n<\/p>\n<p>\t\t<a href=\"#\" target=\"_self\" role=\"button\" rel=\"noopener\"><br \/>\n\t\t\t\t\t\tK\u1ebf ho\u1ea1ch ph\u00e1t tri\u1ec3n chuy\u00ean nghi\u1ec7p<br \/>\n\t\t<\/a><br \/>\n\t\t\t\t<img src=\"http:\/\/bsdgroupcomvn925.chiliweb.org\/wp-content\/uploads\/2021\/11\/vocational-training.jpg\" alt=\"vocational-training\" itemprop=\"image\"\/><\/p>\n<h3><\/h3>\n<\/p>\n<p>\t\t<a href=\"#\" target=\"_self\" role=\"button\" rel=\"noopener\"><br \/>\n\t\t\t\t\t\t\u0110\u00e0o t\u1ea1o ngh\u1ec1<br \/>\n\t\t<\/a><\/p>\n","protected":false},"excerpt":{"rendered":"<p>Gi\u00e1o d\u1ee5c v\u00e0 Vi\u1ec7c l\u00e0m C\u00e1c kh\u00f3a h\u1ecdc \u0111\u1ea1t chu\u1ea9n \u0111i k\u00e8m v\u1edbi \u0111\u1ed9i ng\u0169 gi\u1ea3ng vi\u00ean, gi\u00e1o vi\u00ean gi\u00e0u kinh nghi\u1ec7m, s\u1eb5n s\u00e0ng chia s\u1ebb v\u00e0 h\u01b0\u1edbng d\u1eabn h\u1ecdc vi\u00ean m\u1ed9t c\u00e1ch t\u1ec9 m\u1ec9 v\u00e0 d\u1ec5 hi\u1ec3u nh\u1ea5t. Ch\u00fang t\u00f4i cam k\u1ebft v\u1edbi b\u1ea1n v\u1ec1 ch\u1ea5t l\u01b0\u1ee3ng kh\u00f3a h\u1ecdc v\u00e0 nh\u1eefng g\u00ec b\u1ea1n nh\u1eadn&hellip;<\/p>\n","protected":false},"author":2,"featured_media":0,"parent":1609,"menu_order":0,"comment_status":"closed","ping_status":"closed","template":"","meta":[],"_links":{"self":[{"href":"https:\/\/bsdgroup.com.vn\/vi\/wp-json\/wp\/v2\/pages\/1913"}],"collection":[{"href":"https:\/\/bsdgroup.com.vn\/vi\/wp-json\/wp\/v2\/pages"}],"about":[{"href":"https:\/\/bsdgroup.com.vn\/vi\/wp-json\/wp\/v2\/types\/page"}],"author":[{"embeddable":true,"href":"https:\/\/bsdgroup.com.vn\/vi\/wp-json\/wp\/v2\/users\/2"}],"replies":[{"embeddable":true,"href":"https:\/\/bsdgroup.com.vn\/vi\/wp-json\/wp\/v2\/comments?post=1913"}],"version-history":[{"count":4,"href":"https:\/\/bsdgroup.com.vn\/vi\/wp-json\/wp\/v2\/pages\/1913\/revisions"}],"predecessor-version":[{"id":2879,"href":"https:\/\/bsdgroup.com.vn\/vi\/wp-json\/wp\/v2\/pages\/1913\/revisions\/2879"}],"up":[{"embeddable":true,"href":"https:\/\/bsdgroup.com.vn\/vi\/wp-json\/wp\/v2\/pages\/1609"}],"wp:attachment":[{"href":"https:\/\/bsdgroup.com.vn\/vi\/wp-json\/wp\/v2\/media?parent=1913"}],"curies":[{"name":"wp","href":"https:\/\/api.w.org\/{rel}","templated":true}]}}