{"id":1609,"date":"2022-01-12T15:50:12","date_gmt":"2022-01-12T08:50:12","guid":{"rendered":"http:\/\/bsdgroupcomvn925.chiliweb.org\/?page_id=1609"},"modified":"2025-01-16T10:08:05","modified_gmt":"2025-01-16T03:08:05","slug":"dich-vu","status":"publish","type":"page","link":"https:\/\/bsdgroup.com.vn\/vi\/dich-vu","title":{"rendered":"D\u1ecbch v\u1ee5"},"content":{"rendered":"<h3>D\u1ecaCH V\u1ee4<\/h3>\n<p style=\"text-align: justify; color: #000;\">BSD t\u1ef1 h\u00e0o l\u00e0 c\u00f4ng ty chuy\u00ean cung c\u1ea5p c\u00e1c d\u1ecbch v\u1ee5 \u0111a n\u0103ng gi\u00fap mang \u0111\u1ebfn cho ng\u01b0\u1eddi d\u00f9ng nh\u1eefng tr\u1ea3i nghi\u1ec7m t\u1ed1t nh\u1ea5t. Ch\u00fang t\u00f4i c\u00f3 m\u1eb7t trong c\u00e1c l\u0129nh v\u1ef1c nh\u01b0: Gi\u00e1o d\u1ee5c, Qu\u1ea3n l\u00fd ngu\u1ed3n nh\u00e2n l\u1ef1c v\u00e0 D\u1ecbch v\u1ee5 li\u00ean quan \u0111\u1ebfn ng\u00e0nh n\u0103ng l\u01b0\u1ee3ng s\u1ea1ch.<\/p>\n<p style=\"text-align: justify; color: #000;\">B\u1ea1n c\u00f3 th\u1ec3 tham kh\u1ea3o chi ti\u1ebft c\u00e1c g\u00f3i d\u1ecbch v\u1ee5 c\u1ee7a ch\u00fang t\u00f4i cung c\u1ea5p d\u01b0\u1edbi \u0111\u00e2y:<\/p>\n<p><img src=\"https:\/\/bsdgroup.com.vn\/wp-content\/uploads\/2021\/11\/service-education-empoyment.jpg\" alt=\"service-education-empoyment\" \/><\/p>\n<h3><\/h3>\n<p><a role=\"button\" href=\"\/education-and-employment\" target=\"_blank\" rel=\"noopener\"><br \/>\nGi\u00e1o d\u1ee5c v\u00e0 Vi\u1ec7c l\u00e0m<br \/>\n<\/a><br \/>\n<img src=\"http:\/\/bsdgroupcomvn925.chiliweb.org\/wp-content\/uploads\/2022\/02\/consultant-new.jpg\" alt=\"Portrait of young caucasian technician engineer man wearing white worker headwear standing, working, checking farm field system and looking up verify at wind turbine while using digital tablet pc computer for renewable energy plan by wind turbine power generation station in rural landscape. xxxl size\" \/><\/p>\n<h3><\/h3>\n<p><a role=\"button\" href=\"#\" target=\"_self\" rel=\"noopener\"><br \/>\nCung \u1ee9ng l\u1ef1c l\u01b0\u1ee3ng lao \u0111\u1ed9ng<br \/>\n<\/a><br \/>\n<img src=\"http:\/\/bsdgroupcomvn925.chiliweb.org\/wp-content\/uploads\/2021\/11\/service-renewable-energy.jpg\" alt=\"service-renewable-energy\" \/><\/p>\n<h3><\/h3>\n<p><a role=\"button\" href=\"#\" target=\"_self\" rel=\"noopener\"><br \/>\nD\u1ecbch v\u1ee5 cho n\u0103ng l\u01b0\u1ee3ng t\u00e1i t\u1ea1o<br \/>\n<\/a><br \/>\n<img src=\"http:\/\/bsdgroupcomvn925.chiliweb.org\/wp-content\/uploads\/2022\/02\/bg-4.jpg\" alt=\"bg-4\" \/><\/p>\n<h3><\/h3>\n<p><a role=\"button\" href=\"#\" target=\"_self\" rel=\"noopener\"><br \/>\nS\u1ea3n ph\u1ea9m<br \/>\n<\/a><\/p>\n","protected":false},"excerpt":{"rendered":"<p>D\u1ecaCH V\u1ee4 BSD t\u1ef1 h\u00e0o l\u00e0 c\u00f4ng ty chuy\u00ean cung c\u1ea5p c\u00e1c d\u1ecbch v\u1ee5 \u0111a n\u0103ng gi\u00fap mang \u0111\u1ebfn cho ng\u01b0\u1eddi d\u00f9ng nh\u1eefng tr\u1ea3i nghi\u1ec7m t\u1ed1t nh\u1ea5t. Ch\u00fang t\u00f4i c\u00f3 m\u1eb7t trong c\u00e1c l\u0129nh v\u1ef1c nh\u01b0: Gi\u00e1o d\u1ee5c, Qu\u1ea3n l\u00fd ngu\u1ed3n nh\u00e2n l\u1ef1c v\u00e0 D\u1ecbch v\u1ee5 li\u00ean quan \u0111\u1ebfn ng\u00e0nh n\u0103ng l\u01b0\u1ee3ng s\u1ea1ch. B\u1ea1n c\u00f3&hellip;<\/p>\n","protected":false},"author":2,"featured_media":0,"parent":0,"menu_order":0,"comment_status":"closed","ping_status":"closed","template":"","meta":[],"_links":{"self":[{"href":"https:\/\/bsdgroup.com.vn\/vi\/wp-json\/wp\/v2\/pages\/1609"}],"collection":[{"href":"https:\/\/bsdgroup.com.vn\/vi\/wp-json\/wp\/v2\/pages"}],"about":[{"href":"https:\/\/bsdgroup.com.vn\/vi\/wp-json\/wp\/v2\/types\/page"}],"author":[{"embeddable":true,"href":"https:\/\/bsdgroup.com.vn\/vi\/wp-json\/wp\/v2\/users\/2"}],"replies":[{"embeddable":true,"href":"https:\/\/bsdgroup.com.vn\/vi\/wp-json\/wp\/v2\/comments?post=1609"}],"version-history":[{"count":8,"href":"https:\/\/bsdgroup.com.vn\/vi\/wp-json\/wp\/v2\/pages\/1609\/revisions"}],"predecessor-version":[{"id":2850,"href":"https:\/\/bsdgroup.com.vn\/vi\/wp-json\/wp\/v2\/pages\/1609\/revisions\/2850"}],"wp:attachment":[{"href":"https:\/\/bsdgroup.com.vn\/vi\/wp-json\/wp\/v2\/media?parent=1609"}],"curies":[{"name":"wp","href":"https:\/\/api.w.org\/{rel}","templated":true}]}}