{"id":10,"date":"2018-07-18T06:45:24","date_gmt":"2018-07-18T06:45:24","guid":{"rendered":"http:\/\/fl.webthongminh.info\/?page_id=10"},"modified":"2024-12-30T10:08:31","modified_gmt":"2024-12-30T03:08:31","slug":"home","status":"publish","type":"page","link":"https:\/\/bsdgroup.com.vn\/vi","title":{"rendered":"Trang chu\u0309"},"content":{"rendered":"<p><img src=\"https:\/\/bsdgroup.com.vn\/wp-content\/uploads\/2022\/02\/banner.jpg\" alt=\"\" \/><br \/>\n<a href=\"#\" aria-label=\"previous\" aria-role=\"button\"><\/p>\n<p><\/a><br \/>\n<a href=\"#\" aria-label=\"next\" aria-role=\"button\"><\/p>\n<p><\/a><\/p>\n<h2>TH\u00d4NG \u0110I\u1ec6P<\/h2>\n<p><img src=\"http:\/\/bsdgroupcomvn925.chiliweb.org\/wp-content\/uploads\/2019\/05\/brainwave.png\" alt=\"brainwave\" \/><\/p>\n<p style=\"text-align: center;\"><strong>Xu\u1ea5t hi\u1ec7n tr\u00ean th\u1ecb tr\u01b0\u1eddng t\u1eeb n\u0103m 2017, BSD t\u1ef1 h\u00e0o \u0111\u01b0\u1ee3c kh\u00e1ch h\u00e0ng v\u00e0 \u0111\u1ed1i t\u00e1c \u0111\u00e1nh gi\u00e1 l\u00e0 m\u1ed9t trong nh\u1eefng nh\u00e0 cung c\u1ea5p d\u1ecbch v\u1ee5 \u0111a d\u1ea1ng v\u00e0 ch\u1ea5t l\u01b0\u1ee3ng. Ch\u00fang t\u00f4i ho\u1ea1t \u0111\u1ed9ng tr\u00ean nhi\u1ec1u l\u0129nh v\u1ef1c nh\u01b0: \u0110\u00e0o t\u1ea1o nghi\u1ec7p v\u1ee5, k\u1ef9 n\u0103ng; l\u1eafp \u0111\u1eb7t, s\u1eeda ch\u1eefa, v\u1eadn h\u00e0nh, t\u01b0 v\u1ea5n, &#8230; trong ng\u00e0nh n\u0103ng l\u01b0\u1ee3ng t\u00e1i t\u1ea1o<\/strong><\/p>\n<p style=\"text-align: center;\">Ngu\u1ed3n cung c\u1ea5p l\u1ef1c l\u01b0\u1ee3ng lao \u0111\u1ed9ng l\u00e0nh ngh\u1ec1 cung c\u1ea5p c\u00e1c s\u1ea3n ph\u1ea9m g\u1ea7n g\u0169i v\u00e0 c\u00f3 l\u1ee3i cho m\u00f4i tr\u01b0\u1eddng Ch\u00fang t\u00f4i \u0111\u00e3 kh\u00f4ng ng\u1eebng c\u1ea3i ti\u1ebfn, h\u1ecdc h\u1ecfi v\u00e0 h\u1ee3p t\u00e1c v\u1edbi nhi\u1ec1u \u0111\u1ed1i t\u00e1c l\u00e0 \u0111\u01a1n v\u1ecb h\u00e0ng \u0111\u1ea7u trong c\u00e1c l\u0129nh v\u1ef1c m\u00e0 kh\u00e1ch h\u00e0ng quan t\u00e2m \u0111\u1ec3 mang \u0111\u1ebfn cho h\u1ecd nh\u1eefng tr\u1ea3i nghi\u1ec7m t\u1ed1t nh\u1ea5t khi \u0111\u1ebfn v\u1edbi ch\u00fang t\u00f4i.<\/p>\n<h2>Ch\u00fang t\u00f4i<br \/>\n\u0111\u1ea1i di\u1ec7n cho<\/h2>\n<p><img src=\"http:\/\/bsdgroupcomvn925.chiliweb.org\/wp-content\/uploads\/2019\/05\/brainwave.png\" alt=\"brainwave\" \/><\/p>\n<p><img src=\"http:\/\/bsdgroupcomvn925.chiliweb.org\/wp-content\/uploads\/2022\/01\/security-1.png\" alt=\"security\" \/><\/p>\n<h3>Gi\u00e1 tr\u1ecb<\/h3>\n<p style=\"text-align: justify;\">BSD cam k\u1ebft v\u1edbi kh\u00e1ch h\u00e0ng v\u00e0 \u0111\u1ed1i t\u00e1c r\u1eb1ng ch\u00fang t\u00f4i lu\u00f4n ho\u1ea1t \u0111\u1ed9ng v\u00e0 ph\u00e1t tri\u1ec3n d\u1ef1a tr\u00ean l\u1ef1c l\u01b0\u1ee3ng lao \u0111\u1ed9ng \u0111\u01b0\u1ee3c \u0111\u00e0o t\u1ea1o b\u00e0i b\u1ea3n v\u1ec1 ki\u1ebfn \u200b\u200bth\u1ee9c v\u00e0 k\u1ef9 n\u0103ng \u0111\u1ec3 t\u1ea1o ra v\u00e0 cung c\u1ea5p cho kh\u00e1ch h\u00e0ng nh\u1eefng s\u1ea3n ph\u1ea9m v\u00e0 d\u1ecbch v\u1ee5 ch\u1ea5t l\u01b0\u1ee3ng v\u00e0 \u0111\u00e1ng tin c\u1eady<\/p>\n<p><img src=\"http:\/\/bsdgroupcomvn925.chiliweb.org\/wp-content\/uploads\/2022\/01\/target-1-1.png\" alt=\"target-1\" \/><\/p>\n<h3>S\u1ee9 m\u1ec7nh<\/h3>\n<p style=\"text-align: justify;\">Cung c\u1ea5p c\u00e1c d\u1ecbch v\u1ee5 gi\u00e1o d\u1ee5c hi\u1ec7u qu\u1ea3 v\u00e0 t\u1ea1o ra l\u1ef1c l\u01b0\u1ee3ng lao \u0111\u1ed9ng c\u00f3 k\u1ef9 n\u0103ng \u0111\u01b0\u1ee3c gi\u00e1o d\u1ee5c \u0111\u1ec3 h\u1ecd c\u00f3 th\u1ec3 g\u00f3p ph\u1ea7n b\u1ea3o v\u1ec7 v\u00e0 c\u1ea3i thi\u1ec7n Tr\u00e1i \u0111\u1ea5t tr\u1edf n\u00ean trong xanh<\/p>\n<p><img src=\"http:\/\/bsdgroupcomvn925.chiliweb.org\/wp-content\/uploads\/2022\/01\/lightbulb-1.png\" alt=\"lightbulb\" \/><\/p>\n<h3>T\u1ea7m nh\u00ecn<\/h3>\n<p style=\"text-align: justify;\">Tr\u1edf th\u00e0nh nh\u00e0 cung c\u1ea5p d\u1ecbch v\u1ee5 \u0111\u00e1ng tin c\u1eady v\u1ec1 c\u00f4ng ngh\u1ec7 gi\u00e1o d\u1ee5c v\u00e0 n\u0103ng l\u01b0\u1ee3ng t\u00e1i t\u1ea1o g\u00f3p ph\u1ea7n t\u1ea1o ra Tr\u00e1i \u0111\u1ea5t kh\u00f4ng b\u1ecb t\u1ed5n h\u1ea1i<\/p>\n<p><img src=\"http:\/\/bsdgroupcomvn925.chiliweb.org\/wp-content\/uploads\/2022\/01\/handshake-1-1.png\" alt=\"handshake-1\" \/><\/p>\n<h3>D\u1ecbch v\u1ee5<\/h3>\n<p>BSD t\u1ef1 h\u00e0o l\u00e0 c\u00f4ng ty chuy\u00ean cung c\u1ea5p c\u00e1c d\u1ecbch v\u1ee5 \u0111a n\u0103ng gi\u00fap mang \u0111\u1ebfn cho ng\u01b0\u1eddi d\u00f9ng nh\u1eefng tr\u1ea3i nghi\u1ec7m t\u1ed1t nh\u1ea5t. Ch\u00fang t\u00f4i hi\u1ec7n di\u1ec7n trong c\u00e1c l\u0129nh v\u1ef1c nh\u01b0 Gi\u00e1o d\u1ee5c, Cung \u1ee9ng l\u1ef1c l\u01b0\u1ee3ng lao \u0111\u1ed9ng v\u00e0 D\u1ecbch v\u1ee5 li\u00ean quan \u0111\u1ebfn ng\u00e0nh n\u0103ng l\u01b0\u1ee3ng s\u1ea1ch ..<br \/>\nB\u1ea1n c\u00f3 th\u1ec3 tham kh\u1ea3o chi ti\u1ebft c\u00e1c g\u00f3i d\u1ecbch v\u1ee5 c\u1ee7a ch\u00fang t\u00f4i cung c\u1ea5p d\u01b0\u1edbi \u0111\u00e2y<br \/>\nT\u01b0 v\u1ea5n Gi\u00e1o d\u1ee5c &amp; Vi\u1ec7c l\u00e0m<br \/>\nCung c\u1ea5p l\u1ef1c l\u01b0\u1ee3ng lao \u0111\u1ed9ng<br \/>\nD\u1ecbch v\u1ee5 cho n\u0103ng l\u01b0\u1ee3ng t\u00e1i t\u1ea1o<br \/>\nS\u1ea3n ph\u1ea9m<\/p>\n<h2>D\u1ecaCH V\u1ee4<\/h2>\n<p><img src=\"http:\/\/bsdgroupcomvn925.chiliweb.org\/wp-content\/uploads\/2019\/05\/brainwave.png\" alt=\"brainwave\" \/><\/p>\n<p><img src=\"http:\/\/bsdgroupcomvn925.chiliweb.org\/wp-content\/uploads\/2021\/11\/service-education-empoyment.jpg\" alt=\"service-education-empoyment\" \/><\/p>\n<h3><\/h3>\n<p><a role=\"button\" href=\"#\" target=\"_self\" rel=\"noopener\"><br \/>\nGi\u00e1o d\u1ee5c v\u00e0 Vi\u1ec7c l\u00e0m<br \/>\n<\/a><br \/>\n<img src=\"http:\/\/bsdgroupcomvn925.chiliweb.org\/wp-content\/uploads\/2022\/02\/consultant-new.jpg\" alt=\"Portrait of young caucasian technician engineer man wearing white worker headwear standing, working, checking farm field system and looking up verify at wind turbine while using digital tablet pc computer for renewable energy plan by wind turbine power generation station in rural landscape. xxxl size\" \/><\/p>\n<h3><\/h3>\n<p><a role=\"button\" href=\"#\" target=\"_self\" rel=\"noopener\"><br \/>\nCung \u1ee9ng l\u1ef1c l\u01b0\u1ee3ng lao \u0111\u1ed9ng<br \/>\n<\/a><br \/>\n<img src=\"http:\/\/bsdgroupcomvn925.chiliweb.org\/wp-content\/uploads\/2021\/11\/service-renewable-energy.jpg\" alt=\"service-renewable-energy\" \/><\/p>\n<h3><\/h3>\n<p><a role=\"button\" href=\"#\" target=\"_self\" rel=\"noopener\"><br \/>\nD\u1ecbch v\u1ee5 n\u0103ng l\u01b0\u1ee3ng t\u00e1i t\u1ea1o<br \/>\n<\/a><br \/>\n<img src=\"http:\/\/bsdgroupcomvn925.chiliweb.org\/wp-content\/uploads\/2021\/11\/bg-4.jpg\" alt=\"bg\" \/><\/p>\n<h3><\/h3>\n<p><a role=\"button\" href=\"#\" target=\"_self\" rel=\"noopener\"><br \/>\nS\u1ea3n ph\u1ea9m<br \/>\n<\/a><br \/>\n<a role=\"button\" href=\"\/vi\/dich-vu\" target=\"_self\" rel=\"noopener\"><br \/>\nXEM TH\u00caM<br \/>\n<\/a><\/p>\n<h2>T\u1ea0I SAO N\u00caN CH\u1eccN CH\u00daNG T\u00d4I?<\/h2>\n<p><img src=\"http:\/\/bsdgroupcomvn925.chiliweb.org\/wp-content\/uploads\/2019\/05\/brainwave.png\" alt=\"brainwave\" \/><\/p>\n<p><img src=\"http:\/\/bsdgroupcomvn925.chiliweb.org\/wp-content\/uploads\/2019\/05\/reason3.png\" alt=\"reason3\" \/><\/p>\n<h3>D\u1ecbch v\u1ee5 chuy\u00ean nghi\u1ec7p<\/h3>\n<p><img src=\"http:\/\/bsdgroupcomvn925.chiliweb.org\/wp-content\/uploads\/2019\/05\/reason4.png\" alt=\"reason4\" \/><\/p>\n<h3>S\u1ea3n Ph\u1ea9m An To\u00e0n Ch\u1ea5t L\u01b0\u1ee3ng<\/h3>\n<p><img src=\"http:\/\/bsdgroupcomvn925.chiliweb.org\/wp-content\/uploads\/2019\/05\/reason5.png\" alt=\"reason5\" \/><\/p>\n<h3>\u00c1p D\u1ee5ng C\u00f4ng Ngh\u1ec7 Ti\u00ean Ti\u1ebfn Hi\u1ec7n \u0110\u1ea1i Nh\u1ea5t<\/h3>\n<p><img src=\"http:\/\/bsdgroupcomvn925.chiliweb.org\/wp-content\/uploads\/2019\/05\/reason1.png\" alt=\"reason1\" \/><\/p>\n<h3>\u0110\u1ed9i Ng\u0169 Nh\u00e2n S\u1ef1 Chuy\u00ean M\u00f4n Cao<\/h3>\n<p><img src=\"http:\/\/bsdgroupcomvn925.chiliweb.org\/wp-content\/uploads\/2019\/05\/reasion.png\" alt=\"reasion\" \/><\/p>\n<h3>Kinh Nghi\u1ec7m Tri\u1ec3n Khai Cho Nhi\u1ec1u D\u1ef1 \u00c1n L\u1edbn<\/h3>\n<p><img src=\"http:\/\/bsdgroupcomvn925.chiliweb.org\/wp-content\/uploads\/2019\/05\/reason6.png\" alt=\"reason6\" \/><\/p>\n<h3>\u0110\u1ea1t Nhi\u1ec1u Gi\u1ea3i Th\u01b0\u1edfng Uy T\u00edn<\/h3>\n<h2>H\u00c3Y GIA NH\u1eacP CH\u00daNG T\u00d4I<\/h2>\n<p><img src=\"http:\/\/0141.chilibusiness.net\/wp-content\/uploads\/2019\/05\/brainwave.png\" alt=\"brainwave\" \/><\/p>\n<p><img src=\"http:\/\/bsdgroupcomvn925.chiliweb.org\/wp-content\/uploads\/2019\/05\/join1.png\" alt=\"join1\" \/><\/p>\n<h3>M\u00f4i Tr\u01b0\u1eddng L\u00e0m Vi\u1ec7c<\/h3>\n<h3>Chuy\u00ean Nghi\u1ec7p<\/h3>\n<p><img src=\"http:\/\/bsdgroupcomvn925.chiliweb.org\/wp-content\/uploads\/2019\/05\/join2.png\" alt=\"join2\" \/><\/p>\n<h3>C\u01a1 H\u1ed9i \u0110\u01b0\u1ee3c Tham Gia<\/h3>\n<h3>C\u00e1c Kho\u00e1 H\u1ecdc Chuy\u00ean M\u00f4n V\u00e0 N\u00e2ng Cao<\/h3>\n<p><img src=\"http:\/\/bsdgroupcomvn925.chiliweb.org\/wp-content\/uploads\/2019\/05\/join3.png\" alt=\"join3\" \/><\/p>\n<h3>C\u01a1 H\u1ed9i Th\u0103ng Ti\u1ebfn<\/h3>\n<h3>Theo N\u0103ng L\u1ef1c<\/h3>\n<p><img src=\"http:\/\/bsdgroupcomvn925.chiliweb.org\/wp-content\/uploads\/2019\/05\/join4.png\" alt=\"join4\" \/><\/p>\n<h3>\u0110\u1ed3ng Nghi\u1ec7p<\/h3>\n<h3>Th\u00e2n Thi\u1ec7n , Ho\u00e0 \u0110\u1ed3ng<\/h3>\n<p><a role=\"button\" href=\"\/lien-he?lang=vi\" target=\"_self\" rel=\"noopener\"><br \/>\nGIA NH\u1eacP NGAY<br \/>\n<\/a><\/p>\n<h2>PARTNERS AND CLIENTS<\/h2>\n<p><img src=\"http:\/\/bsdgroupcomvn925.chiliweb.org\/wp-content\/uploads\/2019\/05\/brainwave.png\" alt=\"brainwave\" \/><\/p>\n<h2>LI\u00caN H\u1ec6<\/h2>\n<p><img src=\"http:\/\/0141.chilibusiness.net\/wp-content\/uploads\/2019\/05\/brainwave.png\" alt=\"brainwave\" \/><\/p>\n<p>H\u00e3y li\u00ean h\u1ec7 v\u1edbi ch\u00fang t\u00f4i<\/p>\n<div role=\"form\" class=\"wpcf7\" id=\"wpcf7-f14-o1\" lang=\"en-US\" dir=\"ltr\">\n<div class=\"screen-reader-response\"><\/div>\n<form action=\"\/vi\/wp-json\/wp\/v2\/pages\/10#wpcf7-f14-o1\" method=\"post\" class=\"wpcf7-form\" novalidate=\"novalidate\">\n<div style=\"display: none;\">\n<input type=\"hidden\" name=\"_wpcf7\" value=\"14\" \/>\n<input type=\"hidden\" name=\"_wpcf7_version\" value=\"5.1.1\" \/>\n<input type=\"hidden\" name=\"_wpcf7_locale\" value=\"en_US\" \/>\n<input type=\"hidden\" name=\"_wpcf7_unit_tag\" value=\"wpcf7-f14-o1\" \/>\n<input type=\"hidden\" name=\"_wpcf7_container_post\" value=\"0\" \/>\n<input type=\"hidden\" name=\"g-recaptcha-response\" value=\"\" \/>\n<\/div>\n<div style=\"display: none\"><p><span class=\"wpcf7-form-control-wrap\" data-name=\"mbws\"><input size=\"40\" class=\"wpcf7-form-control wpcf7-text\" aria-invalid=\"false\" value=\"\" type=\"text\" name=\"mbws\"><\/span><\/p><\/div><div class=\"contact\">\n<div class=\"col-md-6\">\n<label>H\u1ecd t\u00ean: *<\/label><br \/>\n<span class=\"wpcf7-form-control-wrap text-507\"><input type=\"text\" name=\"text-507\" value=\"\" size=\"40\" class=\"wpcf7-form-control wpcf7-text\" aria-invalid=\"false\" \/><\/span>\n<\/div>\n<div class=\"col-md-6\">\n<label>\u0110\u1ecba ch\u1ec9: *<\/label><br \/>\n<span class=\"wpcf7-form-control-wrap text-507\"><input type=\"text\" name=\"text-507\" value=\"\" size=\"40\" class=\"wpcf7-form-control wpcf7-text\" aria-invalid=\"false\" \/><\/span>\n<\/div>\n<div class=\"col-md-6\">\n<label>\u0110i\u1ec7n tho\u1ea1i: *<\/label><br \/>\n<span class=\"wpcf7-form-control-wrap number-540\"><input type=\"number\" name=\"number-540\" value=\"\" class=\"wpcf7-form-control wpcf7-number wpcf7-validates-as-number\" aria-invalid=\"false\" \/><\/span>\n<\/div>\n<div class=\"col-md-6\">\n<label>Email: *<\/label><br \/>\n<span class=\"wpcf7-form-control-wrap email-658\"><input type=\"email\" name=\"email-658\" value=\"\" size=\"40\" class=\"wpcf7-form-control wpcf7-text wpcf7-email wpcf7-validates-as-required wpcf7-validates-as-email\" aria-required=\"true\" aria-invalid=\"false\" \/><\/span>\n<\/div>\n<div class=\"col-md-12\">\n<label>N\u1ed9i dung: *<\/label><br \/>\n<span class=\"wpcf7-form-control-wrap textarea-991\"><textarea name=\"textarea-991\" cols=\"40\" rows=\"10\" class=\"wpcf7-form-control wpcf7-textarea\" aria-invalid=\"false\"><\/textarea><\/span>\n<\/div>\n<div class=\"col-md-6 col-gui\">\n<input type=\"submit\" value=\"G\u1eedi\" class=\"wpcf7-form-control wpcf7-submit btn-gui\" \/>\n<\/div>\n<div class=\"col-md-6 col-xoa\">\n<\/div>\n<\/div>\n<input type='hidden' class='wpcf7-pum' value='{\"closepopup\":false,\"closedelay\":0,\"openpopup\":false,\"openpopup_id\":0}' \/><div class=\"wpcf7-response-output wpcf7-display-none\"><\/div><\/form><\/div>\n","protected":false},"excerpt":{"rendered":"<p>TH\u00d4NG \u0110I\u1ec6P Xu\u1ea5t hi\u1ec7n tr\u00ean th\u1ecb tr\u01b0\u1eddng t\u1eeb n\u0103m 2017, BSD t\u1ef1 h\u00e0o \u0111\u01b0\u1ee3c kh\u00e1ch h\u00e0ng v\u00e0 \u0111\u1ed1i t\u00e1c \u0111\u00e1nh gi\u00e1 l\u00e0 m\u1ed9t trong nh\u1eefng nh\u00e0 cung c\u1ea5p d\u1ecbch v\u1ee5 \u0111a d\u1ea1ng v\u00e0 ch\u1ea5t l\u01b0\u1ee3ng. Ch\u00fang t\u00f4i ho\u1ea1t \u0111\u1ed9ng tr\u00ean nhi\u1ec1u l\u0129nh v\u1ef1c nh\u01b0: \u0110\u00e0o t\u1ea1o nghi\u1ec7p v\u1ee5, k\u1ef9 n\u0103ng; l\u1eafp \u0111\u1eb7t, s\u1eeda ch\u1eefa, v\u1eadn&hellip;<\/p>\n","protected":false},"author":1,"featured_media":0,"parent":0,"menu_order":0,"comment_status":"closed","ping_status":"closed","template":"","meta":[],"_links":{"self":[{"href":"https:\/\/bsdgroup.com.vn\/vi\/wp-json\/wp\/v2\/pages\/10"}],"collection":[{"href":"https:\/\/bsdgroup.com.vn\/vi\/wp-json\/wp\/v2\/pages"}],"about":[{"href":"https:\/\/bsdgroup.com.vn\/vi\/wp-json\/wp\/v2\/types\/page"}],"author":[{"embeddable":true,"href":"https:\/\/bsdgroup.com.vn\/vi\/wp-json\/wp\/v2\/users\/1"}],"replies":[{"embeddable":true,"href":"https:\/\/bsdgroup.com.vn\/vi\/wp-json\/wp\/v2\/comments?post=10"}],"version-history":[{"count":137,"href":"https:\/\/bsdgroup.com.vn\/vi\/wp-json\/wp\/v2\/pages\/10\/revisions"}],"predecessor-version":[{"id":2604,"href":"https:\/\/bsdgroup.com.vn\/vi\/wp-json\/wp\/v2\/pages\/10\/revisions\/2604"}],"wp:attachment":[{"href":"https:\/\/bsdgroup.com.vn\/vi\/wp-json\/wp\/v2\/media?parent=10"}],"curies":[{"name":"wp","href":"https:\/\/api.w.org\/{rel}","templated":true}]}}